{"id":2045,"date":"2019-05-10T09:37:28","date_gmt":"2019-05-10T09:37:28","guid":{"rendered":"https:\/\/retrail.eu\/partners\/"},"modified":"2022-04-21T12:26:44","modified_gmt":"2022-04-21T12:26:44","slug":"partners","status":"publish","type":"page","link":"https:\/\/retrail.eu\/sl\/partners\/","title":{"rendered":"Partnerji"},"content":{"rendered":"<h1>Partnerji<\/h1>\n<hr>\n<ul>\n<li>\n<p>        <img src=\"\/wp-content\/uploads\/2022\/04\/Camara-Valencia-PNG.png\" alt=\"\"><\/p>\n<h3>KOORDINATOR: CAMARA OFICIAL DE COMERCIO INDUSTRIA, SERVICIOS Y NAVEGACION DE VALENCIA. <\/h3>\n<div>\n<p>Zbornica v Valencii je neprofitna javna organizacija, ki promovira in zagovarja splo\u0161ne interese trga in industrije. Kot javni subjekt trenutno zbornica zastopa ve\u010d kot 170.500 podjetij v provinci Valencia. Poslanstvo Poslovne \u0161ole je zagotavljati kakovostno izobra\u017eevanje, prilagojeno potrebam poslovnega okolja, z inovativnimi kadrovskimi in materialnimi viri ter tesnim sodelovanjem s poslovno skupnostjo.<\/p>\n<\/div>\n<\/li>\n<li>\n<p>        <img src=\"\/wp-content\/uploads\/2022\/04\/Coordina-colour-JPG.png\" alt=\"\"><\/p>\n<h3>COORDINA ORGANIZACI\u00d3N DE EMPRESAS Y RECURSOS HUMANOS, S.L. <\/h3>\n<div>\n<p>COORDINA je svetovalno podjetje, ki deluje na naslednjih poslovnih podro\u010djih: usposabljanje, inovacije, strategija in sistemi vodenja, dru\u017ebena odgovornost in kadri. Poslanstvo COORDINE je olaj\u0161ati in spodbujati proces sprememb in preoblikovanja organizacij v smeri bolj inovativnega in trajnostnega modela upravljanja.<\/p>\n<\/div>\n<\/li>\n<li>\n<p>        <img src=\"\/wp-content\/uploads\/2022\/04\/ADRNE-PNG.png\" alt=\"\"><\/p>\n<h3>AGENTIA PENTRU DEZVOLTARE REGIONALA NORD-EST <\/h3>\n<div>\n<p>NERDA je nevladna, neprofitna organizacija javne slu\u017ebe s pravnim statusom, ki prispeva k zmanj\u0161evanju regionalnih razlik ter spodbuja gospodarski, dru\u017ebeni in kulturni razvoj severovzhodne regije Romunije. Vsi koraki in dejanja organizacije se zdru\u017eujejo, da bi pove\u010dali raven blaginje regije in izbolj\u0161ali kakovost \u017eivljenja njenih prebivalcev.<\/p>\n<\/div>\n<\/li>\n<li>\n<p>        <img src=\"\/wp-content\/uploads\/2022\/04\/IDEC-PNG.png\" alt=\"\"><\/p>\n<h3>IDEC<\/h3>\n<div>\n<p>IDEC je svetovalno podjetje za usposabljanje s sede\u017eem v Pireju v Gr\u010diji. Njegove dejavnosti obsegajo usposabljanje, vodstveno svetovanje, zagotavljanje kakovosti, vrednotenje in razvoj IKT re\u0161itev za zasebni in javni sektor. IDEC je na podro\u010dju EU projektov aktiven zadnjih 20 let. Ima dolgoletne izku\u0161nje z evropskimi politikami vse\u017eivljenjskega u\u010denja in zlasti EQF, ECVET, Europass, EQAVET, potrjevanjem neformalnega in prilo\u017enostnega u\u010denja, programov u\u010denja in u\u010denja na delovnem mestu ter v nacionalnih reformah sistemov izobra\u017eevanja in usposabljanja.<\/p>\n<\/div>\n<\/li>\n<li>\n<p>        <img src=\"\/wp-content\/uploads\/2022\/04\/HESO-PNG.png\" alt=\"\"><\/p>\n<h3>HEARTHANDS SOLUTIONS LIMITED <\/h3>\n<div>\n<p>HEARTHANDS SOLUTIONS ponuja \u0161iroko paleto storitev, ki premostijo vrzel med komercialnimi in javnimi\/finan\u010dnimi ekosistemi EU. Zagotavljanje storitev sega od razvoja poslovanja in pridobivanja javnih sredstev do prilagojene izvedbe, usposabljanja in prenosa tehnologije. HESO izkori\u0161\u010da svoje izku\u0161nje z delom v podjetni\u0161kih okoljih z velikim povpra\u0161evanjem po ciljno usmerjenem usposabljanju, u\u010dinkovitosti in ugotovitvah svojih raziskav o izobra\u017eevanju in usposabljanju, ki temeljijo na IKT. Rezultat je oblikovanje orodij za \u0161irjenje znanja in ozave\u0161\u010danja z velikim vplivom in vrednostjo.<\/p>\n<\/div>\n<\/li>\n<li>\n<p>        <img src=\"\/wp-content\/uploads\/2022\/04\/CPU-PNG.png\" alt=\"\"><\/p>\n<h3>GOSPODARSKA ZBORNICA SLOVENIJE CENTER ZA POSLOVNO USPOSABLJANJE <\/h3>\n<div>\n<p>Gospodarska zbornica Slovenije \u2013 Center za poslovno usposabljanje oskrbuje podjetja s kakovostnim, sodobnim in uporabnim znanjem, obogatenim z doma\u010dimi in mednarodnimi izku\u0161njami ter primeri dobre poslovne prakse po na\u010delu &#8216;od prakse do prakse&#8217;. Je eden izmed ponudnikov izobra\u017eevanja in usposabljanja z najdalj\u0161o tradicijo in izku\u0161njami pri razvoju, organizaciji in izvedbi strokovnih in tehni\u010dnih seminarjev, izobra\u017eevanj, delavnic, kratkoro\u010dnih in dolgoro\u010dnih te\u010dajev ter drugih dogodkov za potrebe naro\u010dnikov.<\/p>\n<\/div>\n<\/li>\n<li>\n<p>        <img src=\"\/wp-content\/uploads\/2022\/04\/RCCI-PNG.png\" alt=\"\"><\/p>\n<h3>RUSENSKA TARGOVSKO INDUSTRIALNA KAMARA <\/h3>\n<div>\n<p>Gospodarska in industrijska zbornica Ruse (RCCI) je nevladna organizacija, ki deluje v javno korist in zagotavlja \u0161iroko paleto kakovostnih storitev ve\u010d kot 1500 podjetjem \u010dlanicam in ne\u010dlanicam za pomo\u010d pri razvoju in \u0161iritvi njihovih podjetij, tako doma kot v tujini. Proaktivno prispeva k gospodarskemu razvoju regije Ruse, zagotavlja podporo in zastopanje podjetij in podjetnikov na regionalni in nacionalni ravni.<\/p>\n<\/div>\n<\/li>\n<li>\n<p>        <img src=\"\/wp-content\/uploads\/2022\/04\/CECOA-PNG.png\" alt=\"\"><\/p>\n<h3>CENTRO DE FORMACAO PROFISSIONAL PARA O COMERCIO E AFINS <\/h3>\n<div>\n<p>CECOA je javni center za poklicno usposabljanje, ki je bil ustanovljen na podlagi protokola, podpisanega leta 1986 med IEFP \u2013 In\u0161titutom za zaposlovanje in poklicno usposabljanje ter CCP \u2013 Portugalsko trgovinsko in storitveno konfederacijo. Cilj CECOA je spodbujanje izobra\u017eevalnih dejavnosti in poklicnega usposabljanja, vklju\u010dno z vajeni\u0161tvom v trgovskem in storitvenem sektorju. CECOA je subjekt, priznan v okviru nacionalnega sistema ocenjevanja in akreditacije ponudnikov poklicnega izobra\u017eevanja in usposabljanja.<\/p>\n<\/div>\n<\/li>\n<\/ul>\n<p><!--more--><br \/>\n<!-- {\"name\":\"\",\"type\":\"layout\",\"children\":[{\"name\":\"Headline\",\"type\":\"section\",\"props\":{\"style\":\"default\",\"width\":\"default\",\"image_size\":\"cover\",\"padding\":\"large\",\"image_position\":\"center-center\",\"header_transparent\":\"dark\",\"vertical_align\":\"middle\",\"title_position\":\"top-left\",\"title_rotation\":\"left\",\"title_breakpoint\":\"xl\"},\"children\":[{\"name\":\"\",\"type\":\"row\",\"children\":[{\"name\":\"\",\"type\":\"column\",\"props\":{\"image_position\":\"center-center\",\"width_medium\":\"1-1\",\"position_sticky_breakpoint\":\"m\",\"media_overlay_gradient\":\"\"},\"children\":[{\"name\":\"\",\"type\":\"headline\",\"props\":{\"title_element\":\"h1\",\"content\":\"Partnerji\",\"title_style\":\"heading-small\"}},{\"type\":\"divider\",\"props\":{\"divider_element\":\"hr\",\"divider_style\":\"small\"}}]}]}]},{\"name\":\"Gold sponsors\",\"type\":\"section\",\"props\":{\"style\":\"default\",\"width\":\"default\",\"image_size\":\"cover\",\"padding_remove_top\":true,\"padding\":\"large\",\"animation\":\"slide-bottom-medium\",\"animation_delay\":\"200\",\"image_position\":\"center-center\",\"vertical_align\":\"middle\",\"title_position\":\"top-left\",\"title_rotation\":\"left\",\"title_breakpoint\":\"xl\"},\"children\":[{\"type\":\"row\",\"children\":[{\"type\":\"column\",\"props\":{\"position_sticky_breakpoint\":\"m\",\"image_position\":\"center-center\",\"media_overlay_gradient\":\"\"},\"children\":[{\"type\":\"grid\",\"props\":{\"show_title\":true,\"show_meta\":true,\"show_content\":true,\"show_image\":true,\"show_link\":true,\"grid_default\":\"1\",\"grid_medium\":\"2\",\"filter_style\":\"tab\",\"filter_all\":true,\"filter_position\":\"top\",\"filter_align\":\"left\",\"filter_grid_width\":\"auto\",\"filter_grid_breakpoint\":\"m\",\"title_hover_style\":\"reset\",\"title_element\":\"h3\",\"title_align\":\"top\",\"title_grid_width\":\"1-2\",\"title_grid_breakpoint\":\"m\",\"meta_style\":\"meta\",\"meta_align\":\"below-title\",\"meta_element\":\"div\",\"content_column_breakpoint\":\"m\",\"icon_width\":\"\",\"image_align\":\"top\",\"image_grid_width\":\"1-2\",\"image_grid_breakpoint\":\"m\",\"image_svg_color\":\"emphasis\",\"link_text\":\"Read more\",\"link_style\":\"default\",\"margin\":\"default\",\"item_animation\":true,\"grid_masonry\":false,\"grid_column_gap\":\"large\",\"grid_row_gap\":\"large\",\"grid_divider\":true,\"grid_column_align\":true,\"grid_row_align\":true,\"lightbox\":false,\"lightbox_image_width\":\"\",\"lightbox_image_height\":\"\",\"content_display\":\"lightbox\",\"panel_style\":\"tile-muted\",\"panel_padding\":\"large\",\"title_decoration\":\"divider\",\"filter\":false,\"lightbox_image_orientation\":false,\"panel_image_no_padding\":false,\"css\":\".el-image{\\n\\twidth: 50%;\\n}\"},\"children\":[{\"type\":\"grid_item\",\"props\":{\"image\":\"wp-content\\\/uploads\\\/2022\\\/04\\\/Camara-Valencia-PNG.png\",\"title\":\"KOORDINATOR: CAMARA OFICIAL DE COMERCIO INDUSTRIA, SERVICIOS Y NAVEGACION DE VALENCIA. \",\"content\":\"\n\n<p>Zbornica v Valencii je neprofitna javna organizacija, ki promovira in zagovarja splo\\u0161ne interese trga in industrije. Kot javni subjekt trenutno zbornica zastopa ve\\u010d kot 170.500 podjetij v provinci Valencia. Poslanstvo Poslovne \\u0161ole je zagotavljati kakovostno izobra\\u017eevanje, prilagojeno potrebam poslovnega okolja, z inovativnimi kadrovskimi in materialnimi viri ter tesnim sodelovanjem s poslovno skupnostjo.<\\\/p>\"}},{\"type\":\"grid_item\",\"props\":{\"image\":\"wp-content\\\/uploads\\\/2022\\\/04\\\/Coordina-colour-JPG.png\",\"title\":\"COORDINA ORGANIZACI\\u00d3N DE EMPRESAS Y RECURSOS HUMANOS, S.L. \",\"content\":\"\n\n<p>COORDINA je svetovalno podjetje, ki deluje na naslednjih poslovnih podro\\u010djih: usposabljanje, inovacije, strategija in sistemi vodenja, dru\\u017ebena odgovornost in kadri. Poslanstvo COORDINE je olaj\\u0161ati in spodbujati proces sprememb in preoblikovanja organizacij v smeri bolj inovativnega in trajnostnega modela upravljanja.<\\\/p>\"}},{\"type\":\"grid_item\",\"props\":{\"image\":\"wp-content\\\/uploads\\\/2022\\\/04\\\/ADRNE-PNG.png\",\"title\":\"AGENTIA PENTRU DEZVOLTARE REGIONALA NORD-EST \",\"content\":\"\n\n<p>NERDA je nevladna, neprofitna organizacija javne slu\\u017ebe s pravnim statusom, ki prispeva k zmanj\\u0161evanju regionalnih razlik ter spodbuja gospodarski, dru\\u017ebeni in kulturni razvoj severovzhodne regije Romunije. Vsi koraki in dejanja organizacije se zdru\\u017eujejo, da bi pove\\u010dali raven blaginje regije in izbolj\\u0161ali kakovost \\u017eivljenja njenih prebivalcev.<\\\/p>\"}},{\"type\":\"grid_item\",\"props\":{\"image\":\"wp-content\\\/uploads\\\/2022\\\/04\\\/IDEC-PNG.png\",\"title\":\"IDEC\",\"content\":\"\n\n<p>IDEC je svetovalno podjetje za usposabljanje s sede\\u017eem v Pireju v Gr\\u010diji. Njegove dejavnosti obsegajo usposabljanje, vodstveno svetovanje, zagotavljanje kakovosti, vrednotenje in razvoj IKT re\\u0161itev za zasebni in javni sektor. IDEC je na podro\\u010dju EU projektov aktiven zadnjih 20 let. Ima dolgoletne izku\\u0161nje z evropskimi politikami vse\\u017eivljenjskega u\\u010denja in zlasti EQF, ECVET, Europass, EQAVET, potrjevanjem neformalnega in prilo\\u017enostnega u\\u010denja, programov u\\u010denja in u\\u010denja na delovnem mestu ter v nacionalnih reformah sistemov izobra\\u017eevanja in usposabljanja.<\\\/p>\"}},{\"type\":\"grid_item\",\"props\":{\"image\":\"wp-content\\\/uploads\\\/2022\\\/04\\\/HESO-PNG.png\",\"title\":\"HEARTHANDS SOLUTIONS LIMITED \",\"content\":\"\n\n<p>HEARTHANDS SOLUTIONS ponuja \\u0161iroko paleto storitev, ki premostijo vrzel med komercialnimi in javnimi\\\/finan\\u010dnimi ekosistemi EU. Zagotavljanje storitev sega od razvoja poslovanja in pridobivanja javnih sredstev do prilagojene izvedbe, usposabljanja in prenosa tehnologije. HESO izkori\\u0161\\u010da svoje izku\\u0161nje z delom v podjetni\\u0161kih okoljih z velikim povpra\\u0161evanjem po ciljno usmerjenem usposabljanju, u\\u010dinkovitosti in ugotovitvah svojih raziskav o izobra\\u017eevanju in usposabljanju, ki temeljijo na IKT. Rezultat je oblikovanje orodij za \\u0161irjenje znanja in ozave\\u0161\\u010danja z velikim vplivom in vrednostjo.<\\\/p>\"}},{\"type\":\"grid_item\",\"props\":{\"image\":\"wp-content\\\/uploads\\\/2022\\\/04\\\/CPU-PNG.png\",\"title\":\"GOSPODARSKA ZBORNICA SLOVENIJE CENTER ZA POSLOVNO USPOSABLJANJE \",\"content\":\"\n\n<p>Gospodarska zbornica Slovenije \\u2013 Center za poslovno usposabljanje oskrbuje podjetja s kakovostnim, sodobnim in uporabnim znanjem, obogatenim z doma\\u010dimi in mednarodnimi izku\\u0161njami ter primeri dobre poslovne prakse po na\\u010delu 'od prakse do prakse'. Je eden izmed ponudnikov izobra\\u017eevanja in usposabljanja z najdalj\\u0161o tradicijo in izku\\u0161njami pri razvoju, organizaciji in izvedbi strokovnih in tehni\\u010dnih seminarjev, izobra\\u017eevanj, delavnic, kratkoro\\u010dnih in dolgoro\\u010dnih te\\u010dajev ter drugih dogodkov za potrebe naro\\u010dnikov.<\\\/p>\"}},{\"type\":\"grid_item\",\"props\":{\"image\":\"wp-content\\\/uploads\\\/2022\\\/04\\\/RCCI-PNG.png\",\"title\":\"RUSENSKA TARGOVSKO INDUSTRIALNA KAMARA \",\"content\":\"\n\n<p>Gospodarska in industrijska zbornica Ruse (RCCI) je nevladna organizacija, ki deluje v javno korist in zagotavlja \\u0161iroko paleto kakovostnih storitev ve\\u010d kot 1500 podjetjem \\u010dlanicam in ne\\u010dlanicam za pomo\\u010d pri razvoju in \\u0161iritvi njihovih podjetij, tako doma kot v tujini. Proaktivno prispeva k gospodarskemu razvoju regije Ruse, zagotavlja podporo in zastopanje podjetij in podjetnikov na regionalni in nacionalni ravni.<\\\/p>\"}},{\"type\":\"grid_item\",\"props\":{\"image\":\"wp-content\\\/uploads\\\/2022\\\/04\\\/CECOA-PNG.png\",\"title\":\"CENTRO DE FORMACAO PROFISSIONAL PARA O COMERCIO E AFINS \",\"content\":\"\n\n<p>CECOA je javni center za poklicno usposabljanje, ki je bil ustanovljen na podlagi protokola, podpisanega leta 1986 med IEFP \\u2013 In\\u0161titutom za zaposlovanje in poklicno usposabljanje ter CCP \\u2013 Portugalsko trgovinsko in storitveno konfederacijo. Cilj CECOA je spodbujanje izobra\\u017eevalnih dejavnosti in poklicnega usposabljanja, vklju\\u010dno z vajeni\\u0161tvom v trgovskem in storitvenem sektorju. CECOA je subjekt, priznan v okviru nacionalnega sistema ocenjevanja in akreditacije ponudnikov poklicnega izobra\\u017eevanja in usposabljanja.<\\\/p>\"}}]}]}],\"props\":{\"margin_remove_top\":false}}]}],\"version\":\"2.7.21\"} --><\/p>\n","protected":false},"excerpt":{"rendered":"<p>Partnerji KOORDINATOR: CAMARA OFICIAL DE COMERCIO INDUSTRIA, SERVICIOS Y NAVEGACION DE VALENCIA. Zbornica v Valencii je neprofitna javna organizacija, ki promovira in zagovarja splo\u0161ne interese trga in industrije. Kot javni subjekt trenutno zbornica zastopa ve\u010d kot 170.500 podjetij v provinci Valencia. Poslanstvo Poslovne \u0161ole je zagotavljati kakovostno izobra\u017eevanje, prilagojeno potrebam poslovnega okolja, z inovativnimi kadrovskimi [&hellip;]<\/p>\n","protected":false},"author":1,"featured_media":0,"parent":0,"menu_order":2,"comment_status":"open","ping_status":"closed","template":"","meta":[],"acf":[],"_links":{"self":[{"href":"https:\/\/retrail.eu\/sl\/wp-json\/wp\/v2\/pages\/2045"}],"collection":[{"href":"https:\/\/retrail.eu\/sl\/wp-json\/wp\/v2\/pages"}],"about":[{"href":"https:\/\/retrail.eu\/sl\/wp-json\/wp\/v2\/types\/page"}],"author":[{"embeddable":true,"href":"https:\/\/retrail.eu\/sl\/wp-json\/wp\/v2\/users\/1"}],"replies":[{"embeddable":true,"href":"https:\/\/retrail.eu\/sl\/wp-json\/wp\/v2\/comments?post=2045"}],"version-history":[{"count":6,"href":"https:\/\/retrail.eu\/sl\/wp-json\/wp\/v2\/pages\/2045\/revisions"}],"predecessor-version":[{"id":2071,"href":"https:\/\/retrail.eu\/sl\/wp-json\/wp\/v2\/pages\/2045\/revisions\/2071"}],"wp:attachment":[{"href":"https:\/\/retrail.eu\/sl\/wp-json\/wp\/v2\/media?parent=2045"}],"curies":[{"name":"wp","href":"https:\/\/api.w.org\/{rel}","templated":true}]}}