{"id":2002,"date":"2019-05-10T09:37:28","date_gmt":"2019-05-10T09:37:28","guid":{"rendered":"https:\/\/retrail.eu\/resources\/"},"modified":"2023-11-15T13:42:59","modified_gmt":"2023-11-15T13:42:59","slug":"resources","status":"publish","type":"page","link":"https:\/\/retrail.eu\/sl\/resources\/","title":{"rendered":"Izobra\u017eevalni viri"},"content":{"rendered":"<h1>Izobra\u017eevalni viri<\/h1>\n<hr>\n<div>\n<p>        <img src=\"\/wp-content\/uploads\/2022\/04\/nathan-dumlao-7IIyK3B4UiA.png\" alt=\"\"><\/p>\n<h2>PRIRO\u010cNIK (ZA VODJE IN LASTNIKE)<\/h2>\n<div>\n<p>Priro\u010dnik o najnovej\u0161ih tehnolo\u0161kih metodah, z najnovej\u0161imi informacijami o najnovej\u0161ih trendih v prodaji na kraju samem, vklju\u010dno z orodji v maloprodaji, pa tudi o tem, kako izbrati metode, informacije in orodja, ki so najbolj primerni za potrebe vsakega podjetja.<\/p>\n<p><i><span data-contrast=\"auto\">Pri\u010dakuje se, da bo implementacija priro\u010dnika prispevala k \u0161ir\u0161emu poznavanju podjetnikov in vodilnih delavcev na podro\u010dju maloprodaje, ki bodo imeli dostop do zanesljivih informacij, ki so na voljo na trgu, ter jim dala orodja, ki jim bodo omogo\u010dila prepoznavanje informacij, ki najbolj ustrezajo njihovim potrebam.<\/span><\/i><span data-ccp-props=\"{&quot;201341983&quot;:0,&quot;335551550&quot;:1,&quot;335551620&quot;:1,&quot;335559739&quot;:160,&quot;335559740&quot;:259}\">\u00a0<\/span><\/p>\n<h2><a href=\"https:\/\/retrail.eu\/wp-content\/uploads\/2023\/11\/RetRail-Guide-Slovenian.pdf\" target=\"_blank\" rel=\"noopener\">Prenesi<\/a><\/h2>\n<\/div>\n<\/div>\n<div>\n<p>        <img src=\"\/wp-content\/uploads\/2022\/04\/teen-girl-using-tablet-thinking-on-task-sitting-at.png\" alt=\"\"><\/p>\n<h2>E-U\u010cNI TE\u010cAJ ZA ZAPOSLENE V TRGOVINI<\/h2>\n<div>\n<p>Te\u010daj o uspe\u0161ni implementaciji z uporabo metod in orodij, katerih cilj je pove\u010dati digitalno in neposredno prodajo, kjer bodo zaposleni v vsakem modulu imeli dostop do razli\u010dnih kategorij metod in orodij.<\/p>\n<p>Te\u010daj bo zaposlenim v maloprodaji posredoval usmerjena, a\u017eurna znanja in znanja o uporabi u\u010dinkovitej\u0161ih in uporabnej\u0161ih digitalnih metod in orodij, hkrati pa bo prispeval k posodabljanju njihovih ve\u0161\u010din glede prodaje na licu mesta.<\/p>\n<h2><a href=\"https:\/\/retrail-training.eu\/course\/view.php?id=4\" target=\"_blank\" rel=\"noopener\">VHOD<\/a><\/h2>\n<\/div>\n<\/div>\n<div>\n<p>        <img src=\"\/wp-content\/uploads\/2022\/04\/man-paying-gifts-in-a-retail-shop-with-a-credit-ca.png\" alt=\"\"><\/p>\n<h2>USPOSABLJANJE (za u\u010ditelje v poklicnem izobra\u017eevanju in usposabljanj in poslovne trenerje)<\/h2>\n<div>\n<p>Usposabljanje, ki se bo vrtelo okoli uspe\u0161nega pou\u010devanja naju\u010dinkovitej\u0161ih digitalnih in fizi\u010dnih orodij in metod v maloprodaji.<\/p>\n<p><i><span data-contrast=\"auto\">Z dostopnostjo tega te\u010daja bodo imela maloprodajna podjetja in ustanove za poklicno izobra\u017eevanje in usposabljanje usposobljene in posodobljene trenerje glede digitalnih in neposrednih metod in orodij, z namenom usposabljanja zaposlenih na podro\u010dju komercialne maloprodaje, ne glede na njihov nabor znanj.<\/span><\/i><span data-ccp-props=\"{&quot;201341983&quot;:0,&quot;335551550&quot;:1,&quot;335551620&quot;:1,&quot;335559739&quot;:160,&quot;335559740&quot;:259}\">\u00a0<\/span><\/p>\n<\/div>\n<\/div>\n<p><!--more--><br \/>\n<!-- {\"name\":\"\",\"type\":\"layout\",\"children\":[{\"name\":\"resources\",\"type\":\"section\",\"props\":{\"style\":\"default\",\"width\":\"default\",\"image_size\":\"contain\",\"padding_remove_bottom\":false,\"animation\":\"slide-bottom\",\"animation_delay\":\"200\",\"image\":\"\",\"image_position\":\"top-left\",\"header_transparent\":\"dark\",\"image_effect\":\"parallax\",\"vertical_align\":\"middle\",\"title_position\":\"top-left\",\"title_rotation\":\"left\",\"title_breakpoint\":\"xl\",\"image_parallax_bgy_end\":\"500\",\"image_parallax_breakpoint\":\"m\",\"media_visibility\":\"m\"},\"children\":[{\"name\":\"\",\"type\":\"row\",\"props\":{\"margin\":\"xlarge\"},\"children\":[{\"name\":\"\",\"type\":\"column\",\"props\":{\"image_position\":\"center-center\",\"width_medium\":\"1-1\",\"media_overlay_gradient\":\"\",\"position_sticky_breakpoint\":\"m\"},\"children\":[{\"name\":\"\",\"type\":\"headline\",\"props\":{\"title_element\":\"h1\",\"content\":\"Izobra\\u017eevalni viri\",\"title_style\":\"heading-small\",\"margin_remove_bottom\":true}},{\"name\":\"\",\"type\":\"divider\",\"props\":{\"divider_element\":\"hr\",\"divider_style\":\"small\"}}]}]},{\"name\":\"\",\"type\":\"row\",\"props\":{\"layout\":\"4-5,1-5\",\"margin\":\"medium\"},\"children\":[{\"name\":\"\",\"type\":\"column\",\"props\":{\"image_position\":\"center-center\",\"width_medium\":\"4-5\",\"media_overlay_gradient\":\"\",\"position_sticky_breakpoint\":\"m\"},\"children\":[{\"name\":\"\",\"type\":\"panel\",\"props\":{\"link_text\":\"Read more\",\"title_element\":\"h2\",\"meta_style\":\"meta\",\"meta_align\":\"below-title\",\"image_align\":\"left\",\"image_grid_width\":\"1-2\",\"link_style\":\"default\",\"margin\":\"default\",\"image\":\"wp-content\\\/uploads\\\/2022\\\/04\\\/nathan-dumlao-7IIyK3B4UiA.png\",\"panel_style\":\"card-default\",\"title\":\"PRIRO\\u010cNIK (ZA VODJE IN LASTNIKE)\",\"title_style\":\"h1\",\"meta\":\"\",\"content\":\"\n\n<p>Priro\\u010dnik o najnovej\\u0161ih tehnolo\\u0161kih metodah, z najnovej\\u0161imi informacijami o najnovej\\u0161ih trendih v prodaji na kraju samem, vklju\\u010dno z orodji v maloprodaji, pa tudi o tem, kako izbrati metode, informacije in orodja, ki so najbolj primerni za potrebe vsakega podjetja.<\\\/p>\\n\n\n<p><i><span data-contrast=\\\"auto\\\">Pri\\u010dakuje se, da bo implementacija priro\\u010dnika prispevala k \\u0161ir\\u0161emu poznavanju podjetnikov in vodilnih delavcev na podro\\u010dju maloprodaje, ki bodo imeli dostop do zanesljivih informacij, ki so na voljo na trgu, ter jim dala orodja, ki jim bodo omogo\\u010dila prepoznavanje informacij, ki najbolj ustrezajo njihovim potrebam.<\\\/span><\\\/i><span data-ccp-props=\\\"{&quot;201341983&quot;:0,&quot;335551550&quot;:1,&quot;335551620&quot;:1,&quot;335559739&quot;:160,&quot;335559740&quot;:259}\\\">\\u00a0<\\\/span><\\\/p>\\n\n\n<h2><a href=\\\"https:\\\/\\\/retrail.eu\\\/wp-content\\\/uploads\\\/2023\\\/11\\\/RetRail-Guide-Slovenian.pdf\\\" target=\\\"_blank\\\" rel=\\\"noopener\\\">Prenesi<\\\/a><\\\/h2>\",\"class\":\"\",\"meta_margin\":\"small\",\"id\":\"speakers-emily-jeffreys\",\"image_width\":\"609\",\"image_height\":\"679\",\"image_grid_column_gap\":\"collapse\",\"image_grid_row_gap\":\"collapse\",\"image_grid_breakpoint\":\"s\",\"icon_width\":80,\"title_hover_style\":\"reset\",\"title_align\":\"top\",\"title_grid_width\":\"1-2\",\"title_grid_breakpoint\":\"m\",\"content_column_breakpoint\":\"m\",\"image_svg_color\":\"emphasis\",\"panel_image_no_padding\":true,\"panel_padding\":\"large\",\"meta_element\":\"div\"}}]},{\"name\":\"\",\"type\":\"column\",\"props\":{\"image_position\":\"center-center\",\"width_medium\":\"1-5\",\"media_overlay_gradient\":\"\",\"position_sticky_breakpoint\":\"m\"}}]},{\"name\":\"\",\"type\":\"row\",\"props\":{\"layout\":\"1-5,4-5\",\"margin\":\"medium\"},\"children\":[{\"name\":\"\",\"type\":\"column\",\"props\":{\"image_position\":\"center-center\",\"width_medium\":\"1-5\",\"media_overlay_gradient\":\"\",\"position_sticky_breakpoint\":\"m\"}},{\"name\":\"\",\"type\":\"column\",\"props\":{\"image_position\":\"center-center\",\"width_medium\":\"4-5\",\"media_overlay_gradient\":\"\",\"position_sticky_breakpoint\":\"m\"},\"children\":[{\"name\":\"\",\"type\":\"panel\",\"props\":{\"link_text\":\"Read more\",\"title_element\":\"h2\",\"meta_style\":\"meta\",\"meta_align\":\"below-title\",\"image_align\":\"left\",\"image_grid_width\":\"1-2\",\"link_style\":\"default\",\"margin\":\"default\",\"image\":\"wp-content\\\/uploads\\\/2022\\\/04\\\/teen-girl-using-tablet-thinking-on-task-sitting-at.png\",\"panel_style\":\"card-default\",\"title\":\"E-U\\u010cNI TE\\u010cAJ ZA ZAPOSLENE V TRGOVINI\",\"title_style\":\"h1\",\"meta\":\"\",\"content\":\"\n\n<p>Te\\u010daj o uspe\\u0161ni implementaciji z uporabo metod in orodij, katerih cilj je pove\\u010dati digitalno in neposredno prodajo, kjer bodo zaposleni v vsakem modulu imeli dostop do razli\\u010dnih kategorij metod in orodij.<\\\/p>\\n\n\n<p>Te\\u010daj bo zaposlenim v maloprodaji posredoval usmerjena, a\\u017eurna znanja in znanja o uporabi u\\u010dinkovitej\\u0161ih in uporabnej\\u0161ih digitalnih metod in orodij, hkrati pa bo prispeval k posodabljanju njihovih ve\\u0161\\u010din glede prodaje na licu mesta.<\\\/p>\\n\n\n<h2><a href=\\\"https:\\\/\\\/retrail-training.eu\\\/course\\\/view.php?id=4\\\" target=\\\"_blank\\\" rel=\\\"noopener\\\">VHOD<\\\/a><\\\/h2>\",\"class\":\"\",\"meta_margin\":\"small\",\"id\":\"speakers-steven-lee\",\"image_vertical_align\":false,\"image_width\":\"609\",\"image_height\":\"679\",\"image_grid_column_gap\":\"collapse\",\"image_grid_row_gap\":\"collapse\",\"image_grid_breakpoint\":\"s\",\"icon_width\":80,\"title_hover_style\":\"reset\",\"title_align\":\"top\",\"title_grid_width\":\"1-2\",\"title_grid_breakpoint\":\"m\",\"content_column_breakpoint\":\"m\",\"image_svg_color\":\"emphasis\",\"panel_image_no_padding\":true,\"panel_padding\":\"large\",\"meta_element\":\"div\"}}]}]},{\"name\":\"\",\"type\":\"row\",\"props\":{\"layout\":\"4-5,1-5\",\"margin\":\"default\"},\"children\":[{\"name\":\"\",\"type\":\"column\",\"props\":{\"image_position\":\"center-center\",\"width_medium\":\"4-5\",\"media_overlay_gradient\":\"\",\"position_sticky_breakpoint\":\"m\"},\"children\":[{\"name\":\"\",\"type\":\"panel\",\"props\":{\"link_text\":\"Read more\",\"title_element\":\"h2\",\"meta_style\":\"meta\",\"meta_align\":\"below-title\",\"image_align\":\"left\",\"image_grid_width\":\"1-2\",\"link_style\":\"default\",\"margin\":\"large\",\"image\":\"wp-content\\\/uploads\\\/2022\\\/04\\\/man-paying-gifts-in-a-retail-shop-with-a-credit-ca.png\",\"panel_style\":\"card-default\",\"title\":\"USPOSABLJANJE (za u\\u010ditelje v poklicnem izobra\\u017eevanju in usposabljanj in poslovne trenerje)\",\"title_style\":\"h1\",\"meta\":\"\",\"content\":\"\n\n<p>Usposabljanje, ki se bo vrtelo okoli uspe\\u0161nega pou\\u010devanja naju\\u010dinkovitej\\u0161ih digitalnih in fizi\\u010dnih orodij in metod v maloprodaji.<\\\/p>\\n\n\n<p><i><span data-contrast=\\\"auto\\\">Z dostopnostjo tega te\\u010daja bodo imela maloprodajna podjetja in ustanove za poklicno izobra\\u017eevanje in usposabljanje usposobljene in posodobljene trenerje glede digitalnih in neposrednih metod in orodij, z namenom usposabljanja zaposlenih na podro\\u010dju komercialne maloprodaje, ne glede na njihov nabor znanj.<\\\/span><\\\/i><span data-ccp-props=\\\"{&quot;201341983&quot;:0,&quot;335551550&quot;:1,&quot;335551620&quot;:1,&quot;335559739&quot;:160,&quot;335559740&quot;:259}\\\">\\u00a0<\\\/span><\\\/p>\",\"class\":\"\",\"meta_margin\":\"small\",\"id\":\"speakers-emily-jeffreys\",\"image_width\":\"609\",\"image_height\":\"679\",\"image_grid_column_gap\":\"collapse\",\"image_grid_row_gap\":\"collapse\",\"image_grid_breakpoint\":\"s\",\"icon_width\":80,\"title_hover_style\":\"reset\",\"title_align\":\"top\",\"title_grid_width\":\"1-2\",\"title_grid_breakpoint\":\"m\",\"content_column_breakpoint\":\"m\",\"image_svg_color\":\"emphasis\",\"panel_image_no_padding\":true,\"panel_padding\":\"large\",\"meta_element\":\"div\",\"title_margin\":\"remove\"}}]},{\"name\":\"\",\"type\":\"column\",\"props\":{\"image_position\":\"center-center\",\"width_medium\":\"1-5\",\"media_overlay_gradient\":\"\",\"position_sticky_breakpoint\":\"m\"}}]}]}],\"version\":\"2.7.21\"} --><\/p>\n","protected":false},"excerpt":{"rendered":"<p>Izobra\u017eevalni viri PRIRO\u010cNIK (ZA VODJE IN LASTNIKE) Priro\u010dnik o najnovej\u0161ih tehnolo\u0161kih metodah, z najnovej\u0161imi informacijami o najnovej\u0161ih trendih v prodaji na kraju samem, vklju\u010dno z orodji v maloprodaji, pa tudi o tem, kako izbrati metode, informacije in orodja, ki so najbolj primerni za potrebe vsakega podjetja. Pri\u010dakuje se, da bo implementacija priro\u010dnika prispevala k \u0161ir\u0161emu [&hellip;]<\/p>\n","protected":false},"author":1,"featured_media":0,"parent":0,"menu_order":5,"comment_status":"open","ping_status":"closed","template":"","meta":[],"acf":[],"_links":{"self":[{"href":"https:\/\/retrail.eu\/sl\/wp-json\/wp\/v2\/pages\/2002"}],"collection":[{"href":"https:\/\/retrail.eu\/sl\/wp-json\/wp\/v2\/pages"}],"about":[{"href":"https:\/\/retrail.eu\/sl\/wp-json\/wp\/v2\/types\/page"}],"author":[{"embeddable":true,"href":"https:\/\/retrail.eu\/sl\/wp-json\/wp\/v2\/users\/1"}],"replies":[{"embeddable":true,"href":"https:\/\/retrail.eu\/sl\/wp-json\/wp\/v2\/comments?post=2002"}],"version-history":[{"count":6,"href":"https:\/\/retrail.eu\/sl\/wp-json\/wp\/v2\/pages\/2002\/revisions"}],"predecessor-version":[{"id":2664,"href":"https:\/\/retrail.eu\/sl\/wp-json\/wp\/v2\/pages\/2002\/revisions\/2664"}],"wp:attachment":[{"href":"https:\/\/retrail.eu\/sl\/wp-json\/wp\/v2\/media?parent=2002"}],"curies":[{"name":"wp","href":"https:\/\/api.w.org\/{rel}","templated":true}]}}