{"id":1598,"date":"2019-05-10T09:37:28","date_gmt":"2019-05-10T09:37:28","guid":{"rendered":"https:\/\/retrail.eu\/getting-started\/"},"modified":"2022-04-21T10:23:38","modified_gmt":"2022-04-21T10:23:38","slug":"getting-started","status":"publish","type":"page","link":"https:\/\/retrail.eu\/sl\/","title":{"rendered":"Domov"},"content":{"rendered":"<h1><span style=\"font-size: 64px;\">RetRail<\/span>\u00a0 <br \/>Novi trendi v maloprodaji<\/h1>\n<div>\n<p>Cilj RetRaila je uvesti maloprodajna MSP v svet inovacij digitalnega poslovanja in jim pomagati, da ostanejo v koraku s svojimi ve\u010djimi kolegi, da bi pove\u010dali svojo prodajo. Ta projekt bo podjetjem omogo\u010dil:<\/p>\n<\/div>\n<ul>\n<li>\n<p>        <img src=\"\/wp-content\/uploads\/2022\/04\/Upgrade-employees.png\" alt=\"\"><\/p>\n<h3>Nadgraditev znanja zaposlenih pri digitalnih opravilih in opravilih na kraju samem.<\/h3>\n<\/li>\n<li>\n<p>        <img src=\"\/wp-content\/uploads\/2022\/04\/Shorten-gap-1.png\" alt=\"\"><\/p>\n<h3>Skraj\u0161anje vrzeli v digitalnih ve\u0161\u010dinah med MSP in podjetji.<\/h3>\n<\/li>\n<li>\n<p>        <img src=\"\/wp-content\/uploads\/2022\/04\/Owners-up-to-date-1.png\" alt=\"\"><\/p>\n<h3>Da bodo lastniki, mened\u017eerji in trenerji v maloprodajnih MSP na teko\u010dem z najpomembnej\u0161imi novostmi v sektorju.<\/h3>\n<\/li>\n<li>\n<p>        <img src=\"\/wp-content\/uploads\/2022\/04\/VET-2.png\" alt=\"\"><\/p>\n<h3>Da bodo u\u010ditelji in ustanove poklicnega izobra\u017eevanja in usposabljanja imeli na voljo nov inovativen kurikulum.<\/h3>\n<\/li>\n<\/ul>\n<div>\n<p>Z brezpla\u010dnim zagotavljanjem rezultatov projekta RetRail bodo manj\u0161a podjetja dosegla velik napredek, razkorak med njimi in njihovimi premo\u017enej\u0161imi tekmeci pa se bo zmanj\u0161al in tako bo pri\u0161lo do ve\u010djega ravnovesja v celotnem znanju na podro\u010dju digitalne maloprodaje.<\/p>\n<\/div>\n<h2>REZULTAT<\/h2>\n<ul>\n<li>\n<div>\n<p>Podjetja bodo pobegnila od stereotipne podobe majhnega podjetja, ki ima omejeno ali celo nobenega znanja v digitalnih dejavnostih.<\/p>\n<ul><\/ul>\n<\/div>\n<\/li>\n<li>\n<div>\n<p>Digitalna nadgradnja bo takoj pove\u010dala ugled podjetja in krog dosega, pri \u010demer bodo potro\u0161niki nanj gledali kot na podjetje, ki se veseli inovacij in jih sprejema.<\/p>\n<\/p>\n<\/div>\n<\/li>\n<li>\n<div>\n<p>Program si prizadeva za splo\u0161no nadgradnjo maloprodajnega sektorja v dr\u017eavi.<\/p>\n<\/div>\n<\/li>\n<\/ul>\n<p><img src=\"\/wp-content\/uploads\/2022\/04\/clay-banks-XvS-uKUoUao-unsplash-1-scaled.jpg\" alt=\"\"><\/p>\n<h2><span data-contrast=\"auto\" xml:lang=\"EN-US\" lang=\"EN-US\" class=\"TextRun SCXW132484657 BCX0\"><span class=\"NormalTextRun SCXW132484657 BCX0\">TRIJE NA\u010cINI DOSEGANJE CILJEVree ways of achieving it<\/span><\/span><\/h2>\n<hr>\n<div>\n<p>        <img src=\"\/wp-content\/uploads\/2022\/04\/Project-guide.png\" alt=\"\"><\/p>\n<div>\n<p><strong>Priro\u010dnik:<\/strong> za vodje ali lastnike trgovin<\/p>\n<\/div>\n<\/div>\n<div>\n<p>        <img src=\"\/wp-content\/uploads\/2022\/04\/e-learning-course.png\" alt=\"\"><\/p>\n<div>\n<p><strong>e-izobra\u017eevanje:<\/strong> za zaposlene v maloprodaji<\/p>\n<\/div>\n<\/div>\n<div>\n<p>        <img src=\"\/wp-content\/uploads\/2022\/04\/Training.png\" alt=\"\"><\/p>\n<div>\n<p><strong>Usposabljanje:<\/strong> za poklicno izobra\u017eevanje in usposabljanje ali za trenerje v podjetjih<\/p>\n<\/div>\n<\/div>\n<p>\n    <a href=\"\/resources\/\">Preberite ve\u010d o izobra\u017eevalnih virih RetRail<\/a>\n<\/p>\n<p><!--more--><br \/>\n<!-- {\"name\":\"Home\",\"type\":\"layout\",\"children\":[{\"type\":\"section\",\"props\":{\"style\":\"default\",\"width\":\"\",\"vertical_align\":\"middle\",\"title_position\":\"top-left\",\"title_rotation\":\"left\",\"title_breakpoint\":\"xl\",\"image_position\":\"center-center\",\"padding\":\"xsmall\"},\"children\":[{\"type\":\"row\",\"children\":[{\"type\":\"column\",\"props\":{\"position_sticky_breakpoint\":\"m\",\"image_position\":\"center-center\",\"media_overlay_gradient\":\"\"},\"children\":[{\"name\":\"\",\"type\":\"headline\",\"props\":{\"title_element\":\"h1\",\"content\":\"<span style=\\\"font-size: 64px;\\\">RetRail<\\\/span>\\u00a0 <br \\\/>Novi trendi v maloprodaji\",\"text_align\":\"center\",\"margin\":\"xlarge\",\"class\":\"uk-align-center\",\"margin_remove_bottom\":true,\"css\":\".el-element{\\n\\tbackground-image: url(https:\\\/\\\/retrail.eu\\\/wp-content\\\/uploads\\\/2022\\\/04\\\/customer-in-shop-with-smarthphone-overlay-1.png);\\n    background-repeat: no-repeat;\\n    background-size: cover;\\n        padding-top: 28vh;\\n    \\tpadding-bottom: 28vh;\\n    color: #fff;\\n    font-weight: 900;\\n    text-shadow: 0px 0px 5px black;\\n    \\n}\\n\"}}]}]},{\"type\":\"row\",\"children\":[{\"type\":\"column\",\"props\":{\"position_sticky_breakpoint\":\"m\",\"image_position\":\"center-center\",\"media_overlay_gradient\":\"\",\"width_medium\":\"\"},\"children\":[]}]}],\"name\":\"Hero\"},{\"type\":\"section\",\"props\":{\"style\":\"default\",\"width\":\"default\",\"vertical_align\":\"middle\",\"title_position\":\"top-left\",\"title_rotation\":\"left\",\"title_breakpoint\":\"xl\",\"image_position\":\"center-center\"},\"children\":[{\"type\":\"row\",\"children\":[{\"type\":\"column\",\"props\":{\"position_sticky_breakpoint\":\"m\",\"image_position\":\"center-center\",\"media_overlay_gradient\":\"\"},\"children\":[{\"type\":\"text\",\"props\":{\"margin\":\"default\",\"column_breakpoint\":\"m\",\"text_size\":\"large\",\"text_align\":\"center\",\"content\":\"\n\n<p>Cilj RetRaila je uvesti maloprodajna MSP v svet inovacij digitalnega poslovanja in jim pomagati, da ostanejo v koraku s svojimi ve\\u010djimi kolegi, da bi pove\\u010dali svojo prodajo. Ta projekt bo podjetjem omogo\\u010dil:<\\\/p>\",\"dropcap\":false}},{\"type\":\"grid\",\"props\":{\"show_title\":true,\"show_meta\":true,\"show_content\":true,\"show_image\":true,\"show_link\":true,\"grid_default\":\"1\",\"grid_medium\":\"2\",\"filter_style\":\"tab\",\"filter_all\":true,\"filter_position\":\"top\",\"filter_align\":\"left\",\"filter_grid_width\":\"auto\",\"filter_grid_breakpoint\":\"m\",\"title_hover_style\":\"reset\",\"title_element\":\"h3\",\"title_align\":\"top\",\"title_grid_width\":\"1-2\",\"title_grid_breakpoint\":\"m\",\"meta_style\":\"meta\",\"meta_align\":\"below-title\",\"meta_element\":\"div\",\"content_column_breakpoint\":\"m\",\"icon_width\":80,\"image_align\":\"top\",\"image_grid_width\":\"1-2\",\"image_grid_breakpoint\":\"m\",\"image_svg_color\":\"emphasis\",\"link_text\":\"Read more\",\"link_style\":\"default\",\"margin\":\"\",\"item_animation\":true,\"maxwidth\":\"2xlarge\",\"block_align\":\"center\",\"text_align\":\"center\",\"lightbox\":false,\"lightbox_image_width\":\"250\",\"lightbox_image_height\":\"250\",\"image_width\":\"150\",\"image_height\":\"150\",\"title_style\":\"lead\",\"panel_padding\":\"\"},\"children\":[{\"type\":\"grid_item\",\"props\":{\"content\":\"\",\"title\":\"Nadgraditev znanja zaposlenih pri digitalnih opravilih in opravilih na kraju samem.\",\"image\":\"wp-content\\\/uploads\\\/2022\\\/04\\\/Upgrade-employees.png\"}},{\"type\":\"grid_item\",\"props\":{\"image\":\"wp-content\\\/uploads\\\/2022\\\/04\\\/Shorten-gap-1.png\",\"title\":\"Skraj\\u0161anje vrzeli v digitalnih ve\\u0161\\u010dinah med MSP in podjetji.\"}},{\"type\":\"grid_item\",\"props\":{\"image\":\"wp-content\\\/uploads\\\/2022\\\/04\\\/Owners-up-to-date-1.png\",\"title\":\"Da bodo lastniki, mened\\u017eerji in trenerji v maloprodajnih MSP na teko\\u010dem z najpomembnej\\u0161imi novostmi v sektorju.\"}},{\"type\":\"grid_item\",\"props\":{\"image\":\"wp-content\\\/uploads\\\/2022\\\/04\\\/VET-2.png\",\"title\":\"Da bodo u\\u010ditelji in ustanove poklicnega izobra\\u017eevanja in usposabljanja imeli na voljo nov inovativen kurikulum.\",\"content\":\"\"}}]},{\"type\":\"text\",\"props\":{\"margin\":\"large\",\"column_breakpoint\":\"m\",\"text_size\":\"large\",\"text_align\":\"center\",\"content\":\"\n\n<p>Z brezpla\\u010dnim zagotavljanjem rezultatov projekta RetRail bodo manj\\u0161a podjetja dosegla velik napredek, razkorak med njimi in njihovimi premo\\u017enej\\u0161imi tekmeci pa se bo zmanj\\u0161al in tako bo pri\\u0161lo do ve\\u010djega ravnovesja v celotnem znanju na podro\\u010dju digitalne maloprodaje.<\\\/p>\"}}]}],\"props\":{\"row_gap\":\"collapse\"}}]},{\"name\":\"outcome\",\"type\":\"section\",\"props\":{\"style\":\"default\",\"width\":\"default\",\"image_size\":\"cover\",\"padding_remove_bottom\":false,\"padding_remove_top\":false,\"animation\":\"slide-bottom-medium\",\"animation_delay\":\"200\",\"image_position\":\"center-center\",\"vertical_align\":\"middle\",\"title_position\":\"top-left\",\"title_rotation\":\"left\",\"title_breakpoint\":\"xl\",\"padding\":\"large\"},\"children\":[{\"type\":\"row\",\"props\":{\"layout\":\"1-2,1-2\"},\"children\":[{\"type\":\"column\",\"props\":{\"position_sticky_breakpoint\":\"m\",\"image_position\":\"center-center\",\"media_overlay_gradient\":\"\",\"width_medium\":\"1-2\"},\"children\":[{\"name\":\"\",\"type\":\"headline\",\"props\":{\"title_element\":\"h2\",\"content\":\"REZULTAT\",\"maxwidth\":\"large\",\"title_style\":\"heading-small\"}},{\"name\":\"\",\"type\":\"divider\",\"props\":{\"divider_element\":\"div\",\"divider_style\":\"small\"}},{\"type\":\"list\",\"props\":{\"show_image\":true,\"show_link\":true,\"list_type\":\"vertical\",\"list_element\":\"ul\",\"list_horizontal_separator\":\", \",\"column_breakpoint\":\"m\",\"image_svg_color\":\"emphasis\",\"image_align\":\"left\",\"image_vertical_align\":true,\"list_marker\":\"hyphen\"},\"children\":[{\"type\":\"list_item\",\"props\":{\"content\":\"\n\n<p>Podjetja bodo pobegnila od stereotipne podobe majhnega podjetja, ki ima omejeno ali celo nobenega znanja v digitalnih dejavnostih.<\\\/p>\\n\n\n<ul><\\\/ul>\"}},{\"type\":\"list_item\",\"props\":{\"content\":\"\n\n<p>Digitalna nadgradnja bo takoj pove\\u010dala ugled podjetja in krog dosega, pri \\u010demer bodo potro\\u0161niki nanj gledali kot na podjetje, ki se veseli inovacij in jih sprejema.<\\\/p>\\n\n\n<p><\\\/p>\"}},{\"type\":\"list_item\",\"props\":{\"content\":\"\n\n<p>Program si prizadeva za splo\\u0161no nadgradnjo maloprodajnega sektorja v dr\\u017eavi.<\\\/p>\"}}]}]},{\"type\":\"column\",\"props\":{\"position_sticky_breakpoint\":\"m\",\"image_position\":\"center-center\",\"media_overlay_gradient\":\"\",\"width_medium\":\"1-2\"},\"children\":[{\"type\":\"image\",\"props\":{\"margin\":\"default\",\"image_svg_color\":\"emphasis\",\"image\":\"wp-content\\\/uploads\\\/2022\\\/04\\\/clay-banks-XvS-uKUoUao-unsplash-1-scaled.jpg\",\"image_box_shadow\":\"medium\"}}]}]}]},{\"name\":\"three ways of achieving it\",\"type\":\"section\",\"props\":{\"style\":\"default\",\"width\":\"default\",\"image_size\":\"cover\",\"padding_remove_bottom\":false,\"padding_remove_top\":true,\"animation\":\"slide-bottom-medium\",\"animation_delay\":\"200\",\"image_position\":\"center-center\",\"vertical_align\":\"middle\",\"title_position\":\"top-left\",\"title_rotation\":\"left\",\"title_breakpoint\":\"xl\",\"padding\":\"small\"},\"children\":[{\"type\":\"row\",\"children\":[{\"type\":\"column\",\"props\":{\"position_sticky_breakpoint\":\"m\",\"image_position\":\"center-center\",\"media_overlay_gradient\":\"\",\"width_medium\":\"\"},\"children\":[{\"name\":\"\",\"type\":\"headline\",\"props\":{\"title_element\":\"h2\",\"content\":\"<span data-contrast=\\\"auto\\\" xml:lang=\\\"EN-US\\\" lang=\\\"EN-US\\\" class=\\\"TextRun SCXW132484657 BCX0\\\"><span class=\\\"NormalTextRun SCXW132484657 BCX0\\\">TRIJE NA\\u010cINI DOSEGANJE CILJEVree ways of achieving it<\\\/span><\\\/span>\",\"maxwidth\":\"large\",\"title_style\":\"heading-small\"}},{\"name\":\"\",\"type\":\"divider\",\"props\":{\"divider_element\":\"hr\",\"divider_style\":\"small\"}}]}]},{\"type\":\"row\",\"props\":{\"layout\":\"1-3,1-3,1-3\",\"match\":true},\"children\":[{\"type\":\"column\",\"props\":{\"position_sticky_breakpoint\":\"m\",\"image_position\":\"center-center\",\"media_overlay_gradient\":\"\",\"width_medium\":\"1-3\"},\"children\":[{\"type\":\"panel\",\"props\":{\"link_text\":\"Read more\",\"title_hover_style\":\"reset\",\"title_element\":\"div\",\"title_align\":\"left\",\"title_grid_width\":\"auto\",\"title_grid_breakpoint\":\"\",\"meta_style\":\"h5\",\"meta_align\":\"below-content\",\"content_column_breakpoint\":\"m\",\"icon_width\":80,\"image_align\":\"top\",\"image_grid_width\":\"1-2\",\"image_grid_breakpoint\":\"m\",\"image_svg_color\":\"emphasis\",\"link_style\":\"default\",\"margin\":\"default\",\"title\":\"\",\"meta\":\"\",\"content\":\"\n\n<p><strong>Priro\\u010dnik:<\\\/strong> za vodje ali lastnike trgovin<\\\/p>\",\"title_style\":\"heading-medium\",\"title_color\":\"background\",\"title_grid_column_gap\":\"small\",\"meta_color\":\"muted\",\"meta_margin\":\"remove\",\"attributes\":\".el-title { line-height: 0.8; }\",\"meta_element\":\"div\",\"image\":\"wp-content\\\/uploads\\\/2022\\\/04\\\/Project-guide.png\",\"panel_style\":\"tile-muted\",\"content_margin\":\"medium\",\"panel_padding\":\"default\",\"content_style\":\"lead\",\"link\":\"\"}}]},{\"type\":\"column\",\"props\":{\"position_sticky_breakpoint\":\"m\",\"image_position\":\"center-center\",\"media_overlay_gradient\":\"\",\"width_medium\":\"1-3\"},\"children\":[{\"type\":\"panel\",\"props\":{\"link_text\":\"Read more\",\"title_hover_style\":\"reset\",\"title_element\":\"div\",\"title_align\":\"left\",\"title_grid_width\":\"auto\",\"title_grid_breakpoint\":\"\",\"meta_style\":\"h5\",\"meta_align\":\"below-content\",\"content_column_breakpoint\":\"m\",\"icon_width\":80,\"image_align\":\"top\",\"image_grid_width\":\"1-2\",\"image_grid_breakpoint\":\"m\",\"image_svg_color\":\"emphasis\",\"link_style\":\"default\",\"margin\":\"default\",\"title\":\"\",\"meta\":\"\",\"content\":\"\n\n<p><strong>e-izobra\\u017eevanje:<\\\/strong> za zaposlene v maloprodaji<\\\/p>\",\"title_style\":\"heading-xlarge\",\"title_color\":\"background\",\"title_grid_column_gap\":\"small\",\"meta_color\":\"muted\",\"meta_margin\":\"remove\",\"attributes\":\".el-title { line-height: 0.8; }\",\"meta_element\":\"div\",\"image\":\"wp-content\\\/uploads\\\/2022\\\/04\\\/e-learning-course.png\",\"panel_style\":\"tile-muted\",\"panel_padding\":\"default\",\"content_style\":\"lead\",\"content_margin\":\"medium\"}}]},{\"type\":\"column\",\"props\":{\"position_sticky_breakpoint\":\"m\",\"image_position\":\"center-center\",\"media_overlay_gradient\":\"\",\"width_medium\":\"1-3\"},\"children\":[{\"type\":\"panel\",\"props\":{\"link_text\":\"Read more\",\"title_hover_style\":\"reset\",\"title_element\":\"div\",\"title_align\":\"left\",\"title_grid_width\":\"auto\",\"title_grid_breakpoint\":\"\",\"meta_style\":\"h5\",\"meta_align\":\"below-content\",\"content_column_breakpoint\":\"m\",\"icon_width\":80,\"image_align\":\"top\",\"image_grid_width\":\"1-2\",\"image_grid_breakpoint\":\"m\",\"image_svg_color\":\"emphasis\",\"link_style\":\"default\",\"margin\":\"default\",\"title\":\"\",\"meta\":\"\",\"content\":\"\n\n<p><strong>Usposabljanje:<\\\/strong> za poklicno izobra\\u017eevanje in usposabljanje ali za trenerje v podjetjih<\\\/p>\",\"title_style\":\"heading-xlarge\",\"title_color\":\"background\",\"title_grid_column_gap\":\"small\",\"meta_color\":\"muted\",\"meta_margin\":\"remove\",\"attributes\":\".el-title { line-height: 0.8; }\",\"meta_element\":\"div\",\"image\":\"wp-content\\\/uploads\\\/2022\\\/04\\\/Training.png\",\"panel_style\":\"tile-muted\",\"panel_padding\":\"default\",\"content_style\":\"lead\",\"content_margin\":\"medium\"}}]}]},{\"type\":\"row\",\"children\":[{\"type\":\"column\",\"props\":{\"position_sticky_breakpoint\":\"m\",\"image_position\":\"center-center\",\"media_overlay_gradient\":\"\"},\"children\":[{\"type\":\"button\",\"props\":{\"grid_column_gap\":\"small\",\"grid_row_gap\":\"small\",\"margin\":\"default\",\"button_size\":\"large\",\"text_align\":\"center\"},\"children\":[{\"type\":\"button_item\",\"props\":{\"button_style\":\"default\",\"icon_align\":\"left\",\"link\":\"resources\\\/\",\"content\":\"Preberite ve\\u010d o izobra\\u017eevalnih virih RetRail\"}}]}]}]}]}],\"version\":\"2.7.21\"} --><\/p>\n","protected":false},"excerpt":{"rendered":"<p>RetRail\u00a0 Novi trendi v maloprodaji Cilj RetRaila je uvesti maloprodajna MSP v svet inovacij digitalnega poslovanja in jim pomagati, da ostanejo v koraku s svojimi ve\u010djimi kolegi, da bi pove\u010dali svojo prodajo. Ta projekt bo podjetjem omogo\u010dil: Nadgraditev znanja zaposlenih pri digitalnih opravilih in opravilih na kraju samem. Skraj\u0161anje vrzeli v digitalnih ve\u0161\u010dinah med MSP [&hellip;]<\/p>\n","protected":false},"author":1,"featured_media":0,"parent":0,"menu_order":6,"comment_status":"open","ping_status":"open","template":"","meta":[],"acf":[],"_links":{"self":[{"href":"https:\/\/retrail.eu\/sl\/wp-json\/wp\/v2\/pages\/1598"}],"collection":[{"href":"https:\/\/retrail.eu\/sl\/wp-json\/wp\/v2\/pages"}],"about":[{"href":"https:\/\/retrail.eu\/sl\/wp-json\/wp\/v2\/types\/page"}],"author":[{"embeddable":true,"href":"https:\/\/retrail.eu\/sl\/wp-json\/wp\/v2\/users\/1"}],"replies":[{"embeddable":true,"href":"https:\/\/retrail.eu\/sl\/wp-json\/wp\/v2\/comments?post=1598"}],"version-history":[{"count":16,"href":"https:\/\/retrail.eu\/sl\/wp-json\/wp\/v2\/pages\/1598\/revisions"}],"predecessor-version":[{"id":1940,"href":"https:\/\/retrail.eu\/sl\/wp-json\/wp\/v2\/pages\/1598\/revisions\/1940"}],"wp:attachment":[{"href":"https:\/\/retrail.eu\/sl\/wp-json\/wp\/v2\/media?parent=1598"}],"curies":[{"name":"wp","href":"https:\/\/api.w.org\/{rel}","templated":true}]}}