{"id":2044,"date":"2019-05-10T09:37:28","date_gmt":"2019-05-10T09:37:28","guid":{"rendered":"https:\/\/retrail.eu\/partners\/"},"modified":"2022-04-21T12:21:41","modified_gmt":"2022-04-21T12:21:41","slug":"partners","status":"publish","type":"page","link":"https:\/\/retrail.eu\/ro\/partners\/","title":{"rendered":"Parteneri"},"content":{"rendered":"<h1>Parteneri<\/h1>\n<hr>\n<ul>\n<li>\n<p>        <img src=\"\/wp-content\/uploads\/2022\/04\/Camara-Valencia-PNG.png\" alt=\"\"><\/p>\n<h3>COORDONATOR: CAMARA OFICIAL DE COMERCIO INDUSTRIA, SERVICIOS Y NAVEGACION DE VALENCIA. <\/h3>\n<div>\n<p>Camera de Comer\u021b \u0219i Industrie Valencia este o organiza\u021bie public\u0103 non-profit care promoveaz\u0103 \u0219i ap\u0103r\u0103 interesele generale ale pie\u021bei \u0219i industriei. Ca entitate public\u0103, institu\u021bia reprezint\u0103, \u00een prezent, peste 170.500 de companii din provincia Valencia. Misiunea \u0218colii de Afaceri este de a oferi instruire de calitate, adaptat\u0103 nevoilor mediului de afaceri, folosind resurse umane \u0219i materiale inovatoare, p\u0103str\u00e2nd o str\u00e2ns\u0103 colaborare cu comunitatea de afaceri.<\/p>\n<\/div>\n<\/li>\n<li>\n<p>        <img src=\"\/wp-content\/uploads\/2022\/04\/Coordina-colour-JPG.png\" alt=\"\"><\/p>\n<h3>COORDINA ORGANIZACI\u00d3N DE EMPRESAS Y RECURSOS HUMANOS, S.L. <\/h3>\n<div>\n<p>COORDINA este o firm\u0103 de consultan\u021b\u0103 care opereaz\u0103 \u00een urm\u0103toarele domenii de activitate: Instruire, Inovare, Strategie \u0219i Sisteme de Management, Responsabilitate Social\u0103 Corporativ\u0103 \u0219i Resurse Umane. Misiunea COORDINA este de a facilita \u0219i promova procesul de schimbare \u0219i transformare a organiza\u021biilor c\u0103tre un model de management mai inovator \u0219i mai durabil.<\/p>\n<\/div>\n<\/li>\n<li>\n<p>        <img src=\"\/wp-content\/uploads\/2022\/04\/ADRNE-PNG.png\" alt=\"\"><\/p>\n<h3>AGENTIA PENTRU DEZVOLTARE REGIONALA NORD-EST <\/h3>\n<div>\n<p>ADR Nord-Est este o organiza\u021bie neguvernamental\u0103, non-profit, de utilitate public\u0103, cu statut juridic, care contribuie la reducerea disparit\u0103\u021bilor regionale prin stimularea dezvolt\u0103rii economice, sociale \u0219i culturale a Regiunii Nord-Est din Rom\u00e2nia. To\u021bi pa\u0219ii \u0219i ac\u021biunile \u00eentreprinse de organiza\u021bie converg spre cre\u0219terea nivelului de prosperitate al regiunii \u0219i cre\u0219terea calit\u0103\u021bii vie\u021bii \u00een r\u00e2ndul locuitorilor s\u0103i.<\/p>\n<\/div>\n<\/li>\n<li>\n<p>        <img src=\"\/wp-content\/uploads\/2022\/04\/IDEC-PNG.png\" alt=\"\"><\/p>\n<h3>IDEC<\/h3>\n<div>\n<p>IDEC este o companie de consultan\u021b\u0103 cu sediul \u00een Pireu, Grecia. Activit\u0103\u021bile sale constau \u00een instruire, consultan\u021b\u0103 \u00een management, asigurarea calit\u0103\u021bii, evaluarea \u0219i dezvoltarea de solu\u021bii TIC at\u00e2t pentru sectorul privat, c\u00e2t \u0219i pentru cel public. IDEC a fost activ\u0103 \u00een ultimii 20 de ani \u00een domeniul proiectelor UE. Are o experien\u021b\u0103 \u00eendelungat\u0103 \u00een politicile europene privind \u00eenv\u0103\u021barea pe tot parcursul vie\u021bii \u0219i, \u00een special ECVET, Europass, EQAVET, validarea \u00eenv\u0103\u021b\u0103rii non-formale \u0219i informale, programe de \u00eenv\u0103\u021bare \u0219i ucenicie la locul de munc\u0103 \u0219i \u00een reformele na\u021bionale ale sistemelor de educa\u021bie \u0219i formare.<\/p>\n<\/div>\n<\/li>\n<li>\n<p>        <img src=\"\/wp-content\/uploads\/2022\/04\/HESO-PNG.png\" alt=\"\"><\/p>\n<h3>HEARTHANDS SOLUTIONS LIMITED <\/h3>\n<div>\n<p>HEARTHANDS SOLUTIONS ofer\u0103 o gam\u0103 larg\u0103 de servicii care reduc decalajul dintre ecosistemele de finan\u021bare comercial\u0103 \u0219i public\u0103 \u00een UE. Furnizarea de servicii variaz\u0103 de la dezvoltarea afacerilor \u0219i achizi\u021bionarea de fonduri publice p\u00e2n\u0103 la implementarea personalizat\u0103, instruirea \u0219i transferul de tehnologie. HESO valorific\u0103 experien\u021bele sale de a lucra \u00een medii corporative cu cerere mare de formare bazat\u0103 pe obiective \u0219i concluziile cercet\u0103rii sale privind educa\u021bia \u0219i formarea bazat\u0103 pe TIC. Rezultatul este proiectarea de instrumente de diseminare \u0219i de con\u0219tientizare cu impact \u0219i valoare ridicat\u0103.<\/p>\n<\/div>\n<\/li>\n<li>\n<p>        <img src=\"\/wp-content\/uploads\/2022\/04\/CPU-PNG.png\" alt=\"\"><\/p>\n<h3>GOSPODARSKA ZBORNICA SLOVENIJE CENTER ZA POSLOVNO USPOSABLJANJE <\/h3>\n<div>\n<p>Camera de Comer\u021b \u0219i Industrie a Sloveniei \u2013 Institutul pentru Educa\u021bie pentru \u00centreprinderi furnizeaz\u0103 \u00eentreprinderilor cuno\u0219tin\u021be de \u00eenalt\u0103 calitate, moderne \u0219i aplicabile \u00eembog\u0103\u021bite cu experien\u021be na\u021bionale \u0219i interna\u021bionale \u0219i exemple de bune practici de afaceri \u00een conformitate cu principiul &#8220;practic\u0103 la practic\u0103&#8221;. Este unul dintre furnizorii de educa\u021bie \u0219i formare cu cea mai lung\u0103 tradi\u021bie \u0219i experien\u021b\u0103 \u00een dezvoltarea, organizarea \u0219i implementarea seminariilor profesionale \u0219i tehnice, cursurilor de formare, atelierelor, cursurilor pe termen scurt \u0219i lung \u0219i a altor evenimente pentru nevoile clien\u021bilor.<\/p>\n<\/div>\n<\/li>\n<li>\n<p>        <img src=\"\/wp-content\/uploads\/2022\/04\/RCCI-PNG.png\" alt=\"\"><\/p>\n<h3>RUSENSKA TARGOVSKO INDUSTRIALNA KAMARA <\/h3>\n<div>\n<p>Camera de Comer\u021b \u0219i Industrie Ruse (RCCI) este un ONG de utilitate public\u0103, care ofer\u0103 o gam\u0103 larg\u0103 de servicii de calitate pentru peste 1500 de companii membre \u0219i ter\u021be pentru a ajuta la dezvoltarea \u0219i extinderea afacerilor lor, at\u00e2t la nivel na\u021bional, c\u00e2t \u0219i interna\u021bional. RCCI contribuie \u00een mod proactiv la dezvoltarea economic\u0103 a regiunii Ruse, ofer\u0103 sprijin \u0219i reprezin\u021b\u0103 mediului de afaceri \u0219i a antreprenorilor la nivel regional \u0219i na\u021bional (inclusiv prin Re\u021beaua Na\u021bional\u0103 a Camerelor de Comer\u021b \u0219i Industrie \u0219i Re\u021beaua European\u0103 BIC).<\/p>\n<\/div>\n<\/li>\n<li>\n<p>        <img src=\"\/wp-content\/uploads\/2022\/04\/CECOA-PNG.png\" alt=\"\"><\/p>\n<h3>CENTRO DE FORMACAO PROFISSIONAL PARA O COMERCIO E AFINS <\/h3>\n<div>\n<p>CECOA este un centru public de formare profesional\u0103 care a fost creat printr-un protocol semnat \u00een 1986 \u00eentre IEFP \u2013 Institutul de Ocupare a For\u021bei de Munc\u0103 \u0219i Formare Profesional\u0103 \u0219i CCP \u2013 Confedera\u021bia Portughez\u0103 pentru Comer\u021b \u0219i Servicii. Scopul CECOA este de a promova activit\u0103\u021bile educa\u021bionale \u0219i formarea profesional\u0103, inclusiv ucenicia \u00een sectorul comer\u021bului \u0219i al serviciilor. CECOA este o entitate recunoscut\u0103 \u00een cadrul sistemului na\u021bional de evaluare \u0219i acreditare a furnizorilor VET.<\/p>\n<\/div>\n<\/li>\n<\/ul>\n<p><!--more--><br \/>\n<!-- {\"name\":\"\",\"type\":\"layout\",\"children\":[{\"name\":\"Headline\",\"type\":\"section\",\"props\":{\"style\":\"default\",\"width\":\"default\",\"image_size\":\"cover\",\"padding\":\"large\",\"image_position\":\"center-center\",\"header_transparent\":\"dark\",\"vertical_align\":\"middle\",\"title_position\":\"top-left\",\"title_rotation\":\"left\",\"title_breakpoint\":\"xl\"},\"children\":[{\"name\":\"\",\"type\":\"row\",\"children\":[{\"name\":\"\",\"type\":\"column\",\"props\":{\"image_position\":\"center-center\",\"width_medium\":\"1-1\",\"position_sticky_breakpoint\":\"m\",\"media_overlay_gradient\":\"\"},\"children\":[{\"name\":\"\",\"type\":\"headline\",\"props\":{\"title_element\":\"h1\",\"content\":\"Parteneri\",\"title_style\":\"heading-small\"}},{\"type\":\"divider\",\"props\":{\"divider_element\":\"hr\",\"divider_style\":\"small\"}}]}]}]},{\"name\":\"Gold sponsors\",\"type\":\"section\",\"props\":{\"style\":\"default\",\"width\":\"default\",\"image_size\":\"cover\",\"padding_remove_top\":true,\"padding\":\"large\",\"animation\":\"slide-bottom-medium\",\"animation_delay\":\"200\",\"image_position\":\"center-center\",\"vertical_align\":\"middle\",\"title_position\":\"top-left\",\"title_rotation\":\"left\",\"title_breakpoint\":\"xl\"},\"children\":[{\"type\":\"row\",\"children\":[{\"type\":\"column\",\"props\":{\"position_sticky_breakpoint\":\"m\",\"image_position\":\"center-center\",\"media_overlay_gradient\":\"\"},\"children\":[{\"type\":\"grid\",\"props\":{\"show_title\":true,\"show_meta\":true,\"show_content\":true,\"show_image\":true,\"show_link\":true,\"grid_default\":\"1\",\"grid_medium\":\"2\",\"filter_style\":\"tab\",\"filter_all\":true,\"filter_position\":\"top\",\"filter_align\":\"left\",\"filter_grid_width\":\"auto\",\"filter_grid_breakpoint\":\"m\",\"title_hover_style\":\"reset\",\"title_element\":\"h3\",\"title_align\":\"top\",\"title_grid_width\":\"1-2\",\"title_grid_breakpoint\":\"m\",\"meta_style\":\"meta\",\"meta_align\":\"below-title\",\"meta_element\":\"div\",\"content_column_breakpoint\":\"m\",\"icon_width\":\"\",\"image_align\":\"top\",\"image_grid_width\":\"1-2\",\"image_grid_breakpoint\":\"m\",\"image_svg_color\":\"emphasis\",\"link_text\":\"Read more\",\"link_style\":\"default\",\"margin\":\"default\",\"item_animation\":true,\"grid_masonry\":false,\"grid_column_gap\":\"large\",\"grid_row_gap\":\"large\",\"grid_divider\":true,\"grid_column_align\":true,\"grid_row_align\":true,\"lightbox\":false,\"lightbox_image_width\":\"\",\"lightbox_image_height\":\"\",\"content_display\":\"lightbox\",\"panel_style\":\"tile-muted\",\"panel_padding\":\"large\",\"title_decoration\":\"divider\",\"filter\":false,\"lightbox_image_orientation\":false,\"panel_image_no_padding\":false,\"css\":\".el-image{\\n\\twidth: 50%;\\n}\"},\"children\":[{\"type\":\"grid_item\",\"props\":{\"image\":\"wp-content\\\/uploads\\\/2022\\\/04\\\/Camara-Valencia-PNG.png\",\"title\":\"COORDONATOR: CAMARA OFICIAL DE COMERCIO INDUSTRIA, SERVICIOS Y NAVEGACION DE VALENCIA. \",\"content\":\"\n\n<p>Camera de Comer\\u021b \\u0219i Industrie Valencia este o organiza\\u021bie public\\u0103 non-profit care promoveaz\\u0103 \\u0219i ap\\u0103r\\u0103 interesele generale ale pie\\u021bei \\u0219i industriei. Ca entitate public\\u0103, institu\\u021bia reprezint\\u0103, \\u00een prezent, peste 170.500 de companii din provincia Valencia. Misiunea \\u0218colii de Afaceri este de a oferi instruire de calitate, adaptat\\u0103 nevoilor mediului de afaceri, folosind resurse umane \\u0219i materiale inovatoare, p\\u0103str\\u00e2nd o str\\u00e2ns\\u0103 colaborare cu comunitatea de afaceri.<\\\/p>\"}},{\"type\":\"grid_item\",\"props\":{\"image\":\"wp-content\\\/uploads\\\/2022\\\/04\\\/Coordina-colour-JPG.png\",\"title\":\"COORDINA ORGANIZACI\\u00d3N DE EMPRESAS Y RECURSOS HUMANOS, S.L. \",\"content\":\"\n\n<p>COORDINA este o firm\\u0103 de consultan\\u021b\\u0103 care opereaz\\u0103 \\u00een urm\\u0103toarele domenii de activitate: Instruire, Inovare, Strategie \\u0219i Sisteme de Management, Responsabilitate Social\\u0103 Corporativ\\u0103 \\u0219i Resurse Umane. Misiunea COORDINA este de a facilita \\u0219i promova procesul de schimbare \\u0219i transformare a organiza\\u021biilor c\\u0103tre un model de management mai inovator \\u0219i mai durabil.<\\\/p>\"}},{\"type\":\"grid_item\",\"props\":{\"image\":\"wp-content\\\/uploads\\\/2022\\\/04\\\/ADRNE-PNG.png\",\"title\":\"AGENTIA PENTRU DEZVOLTARE REGIONALA NORD-EST \",\"content\":\"\n\n<p>ADR Nord-Est este o organiza\\u021bie neguvernamental\\u0103, non-profit, de utilitate public\\u0103, cu statut juridic, care contribuie la reducerea disparit\\u0103\\u021bilor regionale prin stimularea dezvolt\\u0103rii economice, sociale \\u0219i culturale a Regiunii Nord-Est din Rom\\u00e2nia. To\\u021bi pa\\u0219ii \\u0219i ac\\u021biunile \\u00eentreprinse de organiza\\u021bie converg spre cre\\u0219terea nivelului de prosperitate al regiunii \\u0219i cre\\u0219terea calit\\u0103\\u021bii vie\\u021bii \\u00een r\\u00e2ndul locuitorilor s\\u0103i.<\\\/p>\"}},{\"type\":\"grid_item\",\"props\":{\"image\":\"wp-content\\\/uploads\\\/2022\\\/04\\\/IDEC-PNG.png\",\"title\":\"IDEC\",\"content\":\"\n\n<p>IDEC este o companie de consultan\\u021b\\u0103 cu sediul \\u00een Pireu, Grecia. Activit\\u0103\\u021bile sale constau \\u00een instruire, consultan\\u021b\\u0103 \\u00een management, asigurarea calit\\u0103\\u021bii, evaluarea \\u0219i dezvoltarea de solu\\u021bii TIC at\\u00e2t pentru sectorul privat, c\\u00e2t \\u0219i pentru cel public. IDEC a fost activ\\u0103 \\u00een ultimii 20 de ani \\u00een domeniul proiectelor UE. Are o experien\\u021b\\u0103 \\u00eendelungat\\u0103 \\u00een politicile europene privind \\u00eenv\\u0103\\u021barea pe tot parcursul vie\\u021bii \\u0219i, \\u00een special ECVET, Europass, EQAVET, validarea \\u00eenv\\u0103\\u021b\\u0103rii non-formale \\u0219i informale, programe de \\u00eenv\\u0103\\u021bare \\u0219i ucenicie la locul de munc\\u0103 \\u0219i \\u00een reformele na\\u021bionale ale sistemelor de educa\\u021bie \\u0219i formare.<\\\/p>\"}},{\"type\":\"grid_item\",\"props\":{\"image\":\"wp-content\\\/uploads\\\/2022\\\/04\\\/HESO-PNG.png\",\"title\":\"HEARTHANDS SOLUTIONS LIMITED \",\"content\":\"\n\n<p>HEARTHANDS SOLUTIONS ofer\\u0103 o gam\\u0103 larg\\u0103 de servicii care reduc decalajul dintre ecosistemele de finan\\u021bare comercial\\u0103 \\u0219i public\\u0103 \\u00een UE. Furnizarea de servicii variaz\\u0103 de la dezvoltarea afacerilor \\u0219i achizi\\u021bionarea de fonduri publice p\\u00e2n\\u0103 la implementarea personalizat\\u0103, instruirea \\u0219i transferul de tehnologie. HESO valorific\\u0103 experien\\u021bele sale de a lucra \\u00een medii corporative cu cerere mare de formare bazat\\u0103 pe obiective \\u0219i concluziile cercet\\u0103rii sale privind educa\\u021bia \\u0219i formarea bazat\\u0103 pe TIC. Rezultatul este proiectarea de instrumente de diseminare \\u0219i de con\\u0219tientizare cu impact \\u0219i valoare ridicat\\u0103.<\\\/p>\"}},{\"type\":\"grid_item\",\"props\":{\"image\":\"wp-content\\\/uploads\\\/2022\\\/04\\\/CPU-PNG.png\",\"title\":\"GOSPODARSKA ZBORNICA SLOVENIJE CENTER ZA POSLOVNO USPOSABLJANJE \",\"content\":\"\n\n<p>Camera de Comer\\u021b \\u0219i Industrie a Sloveniei \\u2013 Institutul pentru Educa\\u021bie pentru \\u00centreprinderi furnizeaz\\u0103 \\u00eentreprinderilor cuno\\u0219tin\\u021be de \\u00eenalt\\u0103 calitate, moderne \\u0219i aplicabile \\u00eembog\\u0103\\u021bite cu experien\\u021be na\\u021bionale \\u0219i interna\\u021bionale \\u0219i exemple de bune practici de afaceri \\u00een conformitate cu principiul \\\"practic\\u0103 la practic\\u0103\\\". Este unul dintre furnizorii de educa\\u021bie \\u0219i formare cu cea mai lung\\u0103 tradi\\u021bie \\u0219i experien\\u021b\\u0103 \\u00een dezvoltarea, organizarea \\u0219i implementarea seminariilor profesionale \\u0219i tehnice, cursurilor de formare, atelierelor, cursurilor pe termen scurt \\u0219i lung \\u0219i a altor evenimente pentru nevoile clien\\u021bilor.<\\\/p>\"}},{\"type\":\"grid_item\",\"props\":{\"image\":\"wp-content\\\/uploads\\\/2022\\\/04\\\/RCCI-PNG.png\",\"title\":\"RUSENSKA TARGOVSKO INDUSTRIALNA KAMARA \",\"content\":\"\n\n<p>Camera de Comer\\u021b \\u0219i Industrie Ruse (RCCI) este un ONG de utilitate public\\u0103, care ofer\\u0103 o gam\\u0103 larg\\u0103 de servicii de calitate pentru peste 1500 de companii membre \\u0219i ter\\u021be pentru a ajuta la dezvoltarea \\u0219i extinderea afacerilor lor, at\\u00e2t la nivel na\\u021bional, c\\u00e2t \\u0219i interna\\u021bional. RCCI contribuie \\u00een mod proactiv la dezvoltarea economic\\u0103 a regiunii Ruse, ofer\\u0103 sprijin \\u0219i reprezin\\u021b\\u0103 mediului de afaceri \\u0219i a antreprenorilor la nivel regional \\u0219i na\\u021bional (inclusiv prin Re\\u021beaua Na\\u021bional\\u0103 a Camerelor de Comer\\u021b \\u0219i Industrie \\u0219i Re\\u021beaua European\\u0103 BIC).<\\\/p>\"}},{\"type\":\"grid_item\",\"props\":{\"image\":\"wp-content\\\/uploads\\\/2022\\\/04\\\/CECOA-PNG.png\",\"title\":\"CENTRO DE FORMACAO PROFISSIONAL PARA O COMERCIO E AFINS \",\"content\":\"\n\n<p>CECOA este un centru public de formare profesional\\u0103 care a fost creat printr-un protocol semnat \\u00een 1986 \\u00eentre IEFP \\u2013 Institutul de Ocupare a For\\u021bei de Munc\\u0103 \\u0219i Formare Profesional\\u0103 \\u0219i CCP \\u2013 Confedera\\u021bia Portughez\\u0103 pentru Comer\\u021b \\u0219i Servicii. Scopul CECOA este de a promova activit\\u0103\\u021bile educa\\u021bionale \\u0219i formarea profesional\\u0103, inclusiv ucenicia \\u00een sectorul comer\\u021bului \\u0219i al serviciilor. CECOA este o entitate recunoscut\\u0103 \\u00een cadrul sistemului na\\u021bional de evaluare \\u0219i acreditare a furnizorilor VET.<\\\/p>\"}}]}]}],\"props\":{\"margin_remove_top\":false}}]}],\"version\":\"2.7.21\"} --><\/p>\n","protected":false},"excerpt":{"rendered":"<p>Parteneri COORDONATOR: CAMARA OFICIAL DE COMERCIO INDUSTRIA, SERVICIOS Y NAVEGACION DE VALENCIA. Camera de Comer\u021b \u0219i Industrie Valencia este o organiza\u021bie public\u0103 non-profit care promoveaz\u0103 \u0219i ap\u0103r\u0103 interesele generale ale pie\u021bei \u0219i industriei. Ca entitate public\u0103, institu\u021bia reprezint\u0103, \u00een prezent, peste 170.500 de companii din provincia Valencia. Misiunea \u0218colii de Afaceri este de a oferi [&hellip;]<\/p>\n","protected":false},"author":1,"featured_media":0,"parent":0,"menu_order":2,"comment_status":"open","ping_status":"closed","template":"","meta":[],"acf":[],"_links":{"self":[{"href":"https:\/\/retrail.eu\/ro\/wp-json\/wp\/v2\/pages\/2044"}],"collection":[{"href":"https:\/\/retrail.eu\/ro\/wp-json\/wp\/v2\/pages"}],"about":[{"href":"https:\/\/retrail.eu\/ro\/wp-json\/wp\/v2\/types\/page"}],"author":[{"embeddable":true,"href":"https:\/\/retrail.eu\/ro\/wp-json\/wp\/v2\/users\/1"}],"replies":[{"embeddable":true,"href":"https:\/\/retrail.eu\/ro\/wp-json\/wp\/v2\/comments?post=2044"}],"version-history":[{"count":10,"href":"https:\/\/retrail.eu\/ro\/wp-json\/wp\/v2\/pages\/2044\/revisions"}],"predecessor-version":[{"id":2065,"href":"https:\/\/retrail.eu\/ro\/wp-json\/wp\/v2\/pages\/2044\/revisions\/2065"}],"wp:attachment":[{"href":"https:\/\/retrail.eu\/ro\/wp-json\/wp\/v2\/media?parent=2044"}],"curies":[{"name":"wp","href":"https:\/\/api.w.org\/{rel}","templated":true}]}}