{"id":2001,"date":"2019-05-10T09:37:28","date_gmt":"2019-05-10T09:37:28","guid":{"rendered":"https:\/\/retrail.eu\/resources\/"},"modified":"2023-11-15T13:39:22","modified_gmt":"2023-11-15T13:39:22","slug":"resources","status":"publish","type":"page","link":"https:\/\/retrail.eu\/ro\/resources\/","title":{"rendered":"Resurse educa\u021bionale"},"content":{"rendered":"<h1>Resurse educa\u021bionale<\/h1>\n<hr>\n<div>\n<p>        <img src=\"\/wp-content\/uploads\/2022\/04\/nathan-dumlao-7IIyK3B4UiA.png\" alt=\"\"><\/p>\n<h2>GHID (PENTRU MANAGERI \u0218I PROPRIETARI)<\/h2>\n<div>\n<p>Un ghid care con\u021bine informa\u021bii despre ultimele tendin\u021be \u00een v\u00e2nz\u0103ri \u0219i instrumente inovative \u00een domeniul retail-ului, c\u00e2t \u0219i modalit\u0103\u021bile prin care companiile \u00ee\u0219i pot selecta cele mai potrivite strategii, \u00een func\u021bie de nevoile afacerii lor.<\/p>\n<p><i><span data-contrast=\"auto\">Acest ghid are scopul de a informa proprietarii \u0219i managerii de afaceri din retail, cu privire la trend-urile curente din retail, pentru a putea selecta variantele cele mai potrivite.\u00a0<\/span><\/i><span data-ccp-props=\"{&quot;201341983&quot;:0,&quot;335551550&quot;:1,&quot;335551620&quot;:1,&quot;335559739&quot;:160,&quot;335559740&quot;:259}\">\u00a0<\/span><\/p>\n<h2><a href=\"https:\/\/retrail.eu\/wp-content\/uploads\/2023\/11\/RetRail-Guide-Romanian.pdf\" target=\"_blank\" rel=\"noopener\">Descarca<\/a><\/h2>\n<\/div>\n<\/div>\n<div>\n<p>        <img src=\"\/wp-content\/uploads\/2022\/04\/teen-girl-using-tablet-thinking-on-task-sitting-at.png\" alt=\"\"><\/p>\n<h2>CURS DE E-LEARNING (PENTRU ANGAJA\u021aI)<\/h2>\n<div>\n<p>Cursul are ca scop implementarea cu succes a metodelor \u0219i instrumentelor care vizeaz\u0103 cre\u0219terea v\u00e2nz\u0103rilor digitale \u0219i fizice. \u00cen urma acestui curs, angaja\u021bii vor avea abilitatea de a utiliza metode \u0219i instrumente moderne \u00een activitatea lor de v\u00e2nzare.<\/p>\n<p><span>Cursul va oferi angaja\u021bilor informa\u021bii actualizate care vor cuprinde cele mai utile \u0219i eficiente metode \u0219i instrumente digitale utilizate \u00een v\u00e2nz\u0103ri.<\/span><\/p>\n<h2><a href=\"https:\/\/retrail-training.eu\/course\/view.php?id=6\" target=\"_blank\" rel=\"noopener\">ENTRAREA<\/a><\/h2>\n<\/div>\n<\/div>\n<div>\n<p>        <img src=\"\/wp-content\/uploads\/2022\/04\/man-paying-gifts-in-a-retail-shop-with-a-credit-ca.png\" alt=\"\"><\/p>\n<h2>MANUAL DE INSTRUIRE (PENTRU VET \u0218I FORMATORI)<\/h2>\n<div>\n<p>Manual de instruire va sprijini formatorii din sectorul VET s\u0103 predea cu succes cele mai eficiente instrumente \u0219i metode din retail.<\/p>\n<p><i><span data-contrast=\"auto\">Prin disponibilitatea acestui curs, companiile de retail \u0219i institu\u021biile VET vor avea formatori preg\u0103ti\u021bi s\u0103 instruiasc\u0103 angaja\u021bii din sectorul comer\u021bului cu am\u0103nuntul.<\/span><\/i><span data-ccp-props=\"{&quot;201341983&quot;:0,&quot;335551550&quot;:1,&quot;335551620&quot;:1,&quot;335559739&quot;:160,&quot;335559740&quot;:259}\">\u00a0<\/span><\/p>\n<\/div>\n<\/div>\n<p><!--more--><br \/>\n<!-- {\"name\":\"\",\"type\":\"layout\",\"children\":[{\"name\":\"resources\",\"type\":\"section\",\"props\":{\"style\":\"default\",\"width\":\"default\",\"image_size\":\"contain\",\"padding_remove_bottom\":false,\"animation\":\"slide-bottom\",\"animation_delay\":\"200\",\"image\":\"\",\"image_position\":\"top-left\",\"header_transparent\":\"dark\",\"image_effect\":\"parallax\",\"vertical_align\":\"middle\",\"title_position\":\"top-left\",\"title_rotation\":\"left\",\"title_breakpoint\":\"xl\",\"image_parallax_bgy_end\":\"500\",\"image_parallax_breakpoint\":\"m\",\"media_visibility\":\"m\"},\"children\":[{\"name\":\"\",\"type\":\"row\",\"props\":{\"margin\":\"xlarge\"},\"children\":[{\"name\":\"\",\"type\":\"column\",\"props\":{\"image_position\":\"center-center\",\"width_medium\":\"1-1\",\"media_overlay_gradient\":\"\",\"position_sticky_breakpoint\":\"m\"},\"children\":[{\"name\":\"\",\"type\":\"headline\",\"props\":{\"title_element\":\"h1\",\"content\":\"Resurse educa\\u021bionale\",\"title_style\":\"heading-small\",\"margin_remove_bottom\":true}},{\"name\":\"\",\"type\":\"divider\",\"props\":{\"divider_element\":\"hr\",\"divider_style\":\"small\"}}]}]},{\"name\":\"\",\"type\":\"row\",\"props\":{\"layout\":\"4-5,1-5\",\"margin\":\"medium\"},\"children\":[{\"name\":\"\",\"type\":\"column\",\"props\":{\"image_position\":\"center-center\",\"width_medium\":\"4-5\",\"media_overlay_gradient\":\"\",\"position_sticky_breakpoint\":\"m\"},\"children\":[{\"name\":\"\",\"type\":\"panel\",\"props\":{\"link_text\":\"Read more\",\"title_element\":\"h2\",\"meta_style\":\"meta\",\"meta_align\":\"below-title\",\"image_align\":\"left\",\"image_grid_width\":\"1-2\",\"link_style\":\"default\",\"margin\":\"default\",\"image\":\"wp-content\\\/uploads\\\/2022\\\/04\\\/nathan-dumlao-7IIyK3B4UiA.png\",\"panel_style\":\"card-default\",\"title\":\"GHID (PENTRU MANAGERI \\u0218I PROPRIETARI)\",\"title_style\":\"h1\",\"meta\":\"\",\"content\":\"\n\n<p>Un ghid care con\\u021bine informa\\u021bii despre ultimele tendin\\u021be \\u00een v\\u00e2nz\\u0103ri \\u0219i instrumente inovative \\u00een domeniul retail-ului, c\\u00e2t \\u0219i modalit\\u0103\\u021bile prin care companiile \\u00ee\\u0219i pot selecta cele mai potrivite strategii, \\u00een func\\u021bie de nevoile afacerii lor.<\\\/p>\\n\n\n<p><i><span data-contrast=\\\"auto\\\">Acest ghid are scopul de a informa proprietarii \\u0219i managerii de afaceri din retail, cu privire la trend-urile curente din retail, pentru a putea selecta variantele cele mai potrivite.\\u00a0<\\\/span><\\\/i><span data-ccp-props=\\\"{&quot;201341983&quot;:0,&quot;335551550&quot;:1,&quot;335551620&quot;:1,&quot;335559739&quot;:160,&quot;335559740&quot;:259}\\\">\\u00a0<\\\/span><\\\/p>\\n\n\n<h2><a href=\\\"https:\\\/\\\/retrail.eu\\\/wp-content\\\/uploads\\\/2023\\\/11\\\/RetRail-Guide-Romanian.pdf\\\" target=\\\"_blank\\\" rel=\\\"noopener\\\">Descarca<\\\/a><\\\/h2>\",\"class\":\"\",\"meta_margin\":\"small\",\"id\":\"speakers-emily-jeffreys\",\"image_width\":\"609\",\"image_height\":\"679\",\"image_grid_column_gap\":\"collapse\",\"image_grid_row_gap\":\"collapse\",\"image_grid_breakpoint\":\"s\",\"icon_width\":80,\"title_hover_style\":\"reset\",\"title_align\":\"top\",\"title_grid_width\":\"1-2\",\"title_grid_breakpoint\":\"m\",\"content_column_breakpoint\":\"m\",\"image_svg_color\":\"emphasis\",\"panel_image_no_padding\":true,\"panel_padding\":\"large\",\"meta_element\":\"div\"}}]},{\"name\":\"\",\"type\":\"column\",\"props\":{\"image_position\":\"center-center\",\"width_medium\":\"1-5\",\"media_overlay_gradient\":\"\",\"position_sticky_breakpoint\":\"m\"}}]},{\"name\":\"\",\"type\":\"row\",\"props\":{\"layout\":\"1-5,4-5\",\"margin\":\"medium\"},\"children\":[{\"name\":\"\",\"type\":\"column\",\"props\":{\"image_position\":\"center-center\",\"width_medium\":\"1-5\",\"media_overlay_gradient\":\"\",\"position_sticky_breakpoint\":\"m\"}},{\"name\":\"\",\"type\":\"column\",\"props\":{\"image_position\":\"center-center\",\"width_medium\":\"4-5\",\"media_overlay_gradient\":\"\",\"position_sticky_breakpoint\":\"m\"},\"children\":[{\"name\":\"\",\"type\":\"panel\",\"props\":{\"link_text\":\"Read more\",\"title_element\":\"h2\",\"meta_style\":\"meta\",\"meta_align\":\"below-title\",\"image_align\":\"left\",\"image_grid_width\":\"1-2\",\"link_style\":\"default\",\"margin\":\"default\",\"image\":\"wp-content\\\/uploads\\\/2022\\\/04\\\/teen-girl-using-tablet-thinking-on-task-sitting-at.png\",\"panel_style\":\"card-default\",\"title\":\"CURS DE E-LEARNING (PENTRU ANGAJA\\u021aI)\",\"title_style\":\"h1\",\"meta\":\"\",\"content\":\"\n\n<p>Cursul are ca scop implementarea cu succes a metodelor \\u0219i instrumentelor care vizeaz\\u0103 cre\\u0219terea v\\u00e2nz\\u0103rilor digitale \\u0219i fizice. \\u00cen urma acestui curs, angaja\\u021bii vor avea abilitatea de a utiliza metode \\u0219i instrumente moderne \\u00een activitatea lor de v\\u00e2nzare.<\\\/p>\\n\n\n<p><span>Cursul va oferi angaja\\u021bilor informa\\u021bii actualizate care vor cuprinde cele mai utile \\u0219i eficiente metode \\u0219i instrumente digitale utilizate \\u00een v\\u00e2nz\\u0103ri.<\\\/span><\\\/p>\\n\n\n<h2><a href=\\\"https:\\\/\\\/retrail-training.eu\\\/course\\\/view.php?id=6\\\" target=\\\"_blank\\\" rel=\\\"noopener\\\">ENTRAREA<\\\/a><\\\/h2>\",\"class\":\"\",\"meta_margin\":\"small\",\"id\":\"speakers-steven-lee\",\"image_vertical_align\":false,\"image_width\":\"609\",\"image_height\":\"679\",\"image_grid_column_gap\":\"collapse\",\"image_grid_row_gap\":\"collapse\",\"image_grid_breakpoint\":\"s\",\"icon_width\":80,\"title_hover_style\":\"reset\",\"title_align\":\"top\",\"title_grid_width\":\"1-2\",\"title_grid_breakpoint\":\"m\",\"content_column_breakpoint\":\"m\",\"image_svg_color\":\"emphasis\",\"panel_image_no_padding\":true,\"panel_padding\":\"large\",\"meta_element\":\"div\"}}]}]},{\"name\":\"\",\"type\":\"row\",\"props\":{\"layout\":\"4-5,1-5\",\"margin\":\"default\"},\"children\":[{\"name\":\"\",\"type\":\"column\",\"props\":{\"image_position\":\"center-center\",\"width_medium\":\"4-5\",\"media_overlay_gradient\":\"\",\"position_sticky_breakpoint\":\"m\"},\"children\":[{\"name\":\"\",\"type\":\"panel\",\"props\":{\"link_text\":\"Read more\",\"title_element\":\"h2\",\"meta_style\":\"meta\",\"meta_align\":\"below-title\",\"image_align\":\"left\",\"image_grid_width\":\"1-2\",\"link_style\":\"default\",\"margin\":\"large\",\"image\":\"wp-content\\\/uploads\\\/2022\\\/04\\\/man-paying-gifts-in-a-retail-shop-with-a-credit-ca.png\",\"panel_style\":\"card-default\",\"title\":\"MANUAL DE INSTRUIRE (PENTRU VET \\u0218I FORMATORI)\",\"title_style\":\"h1\",\"meta\":\"\",\"content\":\"\n\n<p>Manual de instruire va sprijini formatorii din sectorul VET s\\u0103 predea cu succes cele mai eficiente instrumente \\u0219i metode din retail.<\\\/p>\\n\n\n<p><i><span data-contrast=\\\"auto\\\">Prin disponibilitatea acestui curs, companiile de retail \\u0219i institu\\u021biile VET vor avea formatori preg\\u0103ti\\u021bi s\\u0103 instruiasc\\u0103 angaja\\u021bii din sectorul comer\\u021bului cu am\\u0103nuntul.<\\\/span><\\\/i><span data-ccp-props=\\\"{&quot;201341983&quot;:0,&quot;335551550&quot;:1,&quot;335551620&quot;:1,&quot;335559739&quot;:160,&quot;335559740&quot;:259}\\\">\\u00a0<\\\/span><\\\/p>\",\"class\":\"\",\"meta_margin\":\"small\",\"id\":\"speakers-emily-jeffreys\",\"image_width\":\"609\",\"image_height\":\"679\",\"image_grid_column_gap\":\"collapse\",\"image_grid_row_gap\":\"collapse\",\"image_grid_breakpoint\":\"s\",\"icon_width\":80,\"title_hover_style\":\"reset\",\"title_align\":\"top\",\"title_grid_width\":\"1-2\",\"title_grid_breakpoint\":\"m\",\"content_column_breakpoint\":\"m\",\"image_svg_color\":\"emphasis\",\"panel_image_no_padding\":true,\"panel_padding\":\"large\",\"meta_element\":\"div\",\"title_margin\":\"remove\"}}]},{\"name\":\"\",\"type\":\"column\",\"props\":{\"image_position\":\"center-center\",\"width_medium\":\"1-5\",\"media_overlay_gradient\":\"\",\"position_sticky_breakpoint\":\"m\"}}]}]}],\"version\":\"2.7.21\"} --><\/p>\n","protected":false},"excerpt":{"rendered":"<p>Resurse educa\u021bionale GHID (PENTRU MANAGERI \u0218I PROPRIETARI) Un ghid care con\u021bine informa\u021bii despre ultimele tendin\u021be \u00een v\u00e2nz\u0103ri \u0219i instrumente inovative \u00een domeniul retail-ului, c\u00e2t \u0219i modalit\u0103\u021bile prin care companiile \u00ee\u0219i pot selecta cele mai potrivite strategii, \u00een func\u021bie de nevoile afacerii lor. Acest ghid are scopul de a informa proprietarii \u0219i managerii de afaceri din [&hellip;]<\/p>\n","protected":false},"author":1,"featured_media":0,"parent":0,"menu_order":5,"comment_status":"open","ping_status":"closed","template":"","meta":[],"acf":[],"_links":{"self":[{"href":"https:\/\/retrail.eu\/ro\/wp-json\/wp\/v2\/pages\/2001"}],"collection":[{"href":"https:\/\/retrail.eu\/ro\/wp-json\/wp\/v2\/pages"}],"about":[{"href":"https:\/\/retrail.eu\/ro\/wp-json\/wp\/v2\/types\/page"}],"author":[{"embeddable":true,"href":"https:\/\/retrail.eu\/ro\/wp-json\/wp\/v2\/users\/1"}],"replies":[{"embeddable":true,"href":"https:\/\/retrail.eu\/ro\/wp-json\/wp\/v2\/comments?post=2001"}],"version-history":[{"count":9,"href":"https:\/\/retrail.eu\/ro\/wp-json\/wp\/v2\/pages\/2001\/revisions"}],"predecessor-version":[{"id":2656,"href":"https:\/\/retrail.eu\/ro\/wp-json\/wp\/v2\/pages\/2001\/revisions\/2656"}],"wp:attachment":[{"href":"https:\/\/retrail.eu\/ro\/wp-json\/wp\/v2\/media?parent=2001"}],"curies":[{"name":"wp","href":"https:\/\/api.w.org\/{rel}","templated":true}]}}