{"id":1597,"date":"2019-05-10T09:37:28","date_gmt":"2019-05-10T09:37:28","guid":{"rendered":"https:\/\/retrail.eu\/getting-started\/"},"modified":"2022-04-21T10:20:20","modified_gmt":"2022-04-21T10:20:20","slug":"getting-started","status":"publish","type":"page","link":"https:\/\/retrail.eu\/ro\/","title":{"rendered":"Acas\u0103"},"content":{"rendered":"<h1><span style=\"font-size: 64px;\">RetRail<\/span>\u00a0 <br \/>NOI TENDIN\u021aE \u00ceN COMER\u021aUL CU AM\u0102NUNTUL<\/h1>\n<div>\n<p>Scopul proiectului RetRail este de a informa \u0219i \u00eencuraja IMM-urile s\u0103 \u021bin\u0103 pasul cu omologii lor mai mari pentru a-\u0219i spori v\u00e2nz\u0103rile. Acest proiect va permite companiilor s\u0103:<\/p>\n<\/div>\n<ul>\n<li>\n<p>        <img src=\"\/wp-content\/uploads\/2022\/04\/Upgrade-employees.png\" alt=\"\"><\/p>\n<h3>\u00cembun\u0103t\u0103\u021beasc\u0103 abilit\u0103\u021bile angaja\u021bilor at\u00e2t \u00een activit\u0103\u021bile digitale, c\u00e2t \u0219i fizice;<\/h3>\n<\/li>\n<li>\n<p>        <img src=\"\/wp-content\/uploads\/2022\/04\/Shorten-gap-1.png\" alt=\"\"><\/p>\n<h3>\u00ce\u0219i reduc\u0103 decalaj \u00een materie de competen\u021be digitale;<\/h3>\n<\/li>\n<li>\n<p>        <img src=\"\/wp-content\/uploads\/2022\/04\/Owners-up-to-date-1.png\" alt=\"\"><\/p>\n<h3>Managerii, antreprenorii \u0219i formatorii vor fi la curent cu cele mai importante inova\u021bii ale sectorului.<\/h3>\n<\/li>\n<li>\n<p>        <img src=\"\/wp-content\/uploads\/2022\/04\/VET-2.png\" alt=\"\"><\/p>\n<h3>Profesorii \u0219i institu\u021biile din domeniul VET vor avea la dispozi\u021bie un nou curriculum inovator.<\/h3>\n<\/li>\n<\/ul>\n<div>\n<p>Prin diseminarea rezultatelor proiectului RetRail, IMM-urile vor beneficia de know-how \u00een domeniul comer\u021bului cu am\u0103nuntul digital, iar decalajul dintre ace\u0219tia \u0219i marii concuren\u021bi va fi redus.<\/p>\n<\/div>\n<h2>OBIECTIV GENERAL<\/h2>\n<ul>\n<li>\n<div>\n<p>Companiile se vor desprinde de imaginea stereotip\u0103 a unei companii mici cu competen\u021be limitate, iar actualizarea digital\u0103 a competen\u021belor va stimula reputa\u021bia companiei.\u00a0<\/p>\n<ul><\/ul>\n<\/div>\n<\/li>\n<li>\n<div>\n<p>Programul \u00ee\u0219i propune s\u0103 aduc\u0103 un upgrade general \u00een sectorul de retail al \u021b\u0103rii.<\/p>\n<\/div>\n<\/li>\n<\/ul>\n<p><img src=\"\/wp-content\/uploads\/2022\/04\/clay-banks-XvS-uKUoUao-unsplash-1-scaled.jpg\" alt=\"\"><\/p>\n<h2>OBIECTIVE SPECIFICE<\/h2>\n<hr>\n<div>\n<p>        <img src=\"\/wp-content\/uploads\/2022\/04\/Project-guide.png\" alt=\"\"><\/p>\n<div>\n<p>Elaborarea unui Ghid dedicat managerilor \u0219i proprietarilor de IMM-uri<\/p>\n<\/div>\n<\/div>\n<div>\n<p>        <img src=\"\/wp-content\/uploads\/2022\/04\/e-learning-course.png\" alt=\"\"><\/p>\n<div>\n<p>Dezvoltarea unui Curs de e-learning pentru angaja\u021bii din retail<\/p>\n<\/div>\n<\/div>\n<div>\n<p>        <img src=\"\/wp-content\/uploads\/2022\/04\/Training.png\" alt=\"\"><\/p>\n<div>\n<p>Dezvoltarea unui Manual de Instruire pentru formatorii din sectorul VET<\/p>\n<\/div>\n<\/div>\n<p>\n    <a href=\"\/resources\/\">Afla\u021bi mai multe despre resursele educa\u021bionale RetRail<\/a>\n<\/p>\n<p><!--more--><br \/>\n<!-- {\"name\":\"Home\",\"type\":\"layout\",\"children\":[{\"type\":\"section\",\"props\":{\"style\":\"default\",\"width\":\"\",\"vertical_align\":\"middle\",\"title_position\":\"top-left\",\"title_rotation\":\"left\",\"title_breakpoint\":\"xl\",\"image_position\":\"center-center\",\"padding\":\"xsmall\"},\"children\":[{\"type\":\"row\",\"children\":[{\"type\":\"column\",\"props\":{\"position_sticky_breakpoint\":\"m\",\"image_position\":\"center-center\",\"media_overlay_gradient\":\"\"},\"children\":[{\"name\":\"\",\"type\":\"headline\",\"props\":{\"title_element\":\"h1\",\"content\":\"<span style=\\\"font-size: 64px;\\\">RetRail<\\\/span>\\u00a0 <br \\\/>NOI TENDIN\\u021aE \\u00ceN COMER\\u021aUL CU AM\\u0102NUNTUL\",\"text_align\":\"center\",\"margin\":\"xlarge\",\"class\":\"uk-align-center\",\"margin_remove_bottom\":true,\"css\":\".el-element{\\n\\tbackground-image: url(https:\\\/\\\/retrail.eu\\\/wp-content\\\/uploads\\\/2022\\\/04\\\/customer-in-shop-with-smarthphone-overlay-1.png);\\n    background-repeat: no-repeat;\\n    background-size: cover;\\n        padding-top: 28vh;\\n    \\tpadding-bottom: 28vh;\\n    color: #fff;\\n    font-weight: 900;\\n    text-shadow: 0px 0px 5px black;\\n    \\n}\\n\"}}]}]},{\"type\":\"row\",\"children\":[{\"type\":\"column\",\"props\":{\"position_sticky_breakpoint\":\"m\",\"image_position\":\"center-center\",\"media_overlay_gradient\":\"\",\"width_medium\":\"\"},\"children\":[]}]}],\"name\":\"Hero\"},{\"type\":\"section\",\"props\":{\"style\":\"default\",\"width\":\"default\",\"vertical_align\":\"middle\",\"title_position\":\"top-left\",\"title_rotation\":\"left\",\"title_breakpoint\":\"xl\",\"image_position\":\"center-center\"},\"children\":[{\"type\":\"row\",\"children\":[{\"type\":\"column\",\"props\":{\"position_sticky_breakpoint\":\"m\",\"image_position\":\"center-center\",\"media_overlay_gradient\":\"\"},\"children\":[{\"type\":\"text\",\"props\":{\"margin\":\"default\",\"column_breakpoint\":\"m\",\"text_size\":\"large\",\"text_align\":\"center\",\"content\":\"\n\n<p>Scopul proiectului RetRail este de a informa \\u0219i \\u00eencuraja IMM-urile s\\u0103 \\u021bin\\u0103 pasul cu omologii lor mai mari pentru a-\\u0219i spori v\\u00e2nz\\u0103rile. Acest proiect va permite companiilor s\\u0103:<\\\/p>\",\"dropcap\":false}},{\"type\":\"grid\",\"props\":{\"show_title\":true,\"show_meta\":true,\"show_content\":true,\"show_image\":true,\"show_link\":true,\"grid_default\":\"1\",\"grid_medium\":\"2\",\"filter_style\":\"tab\",\"filter_all\":true,\"filter_position\":\"top\",\"filter_align\":\"left\",\"filter_grid_width\":\"auto\",\"filter_grid_breakpoint\":\"m\",\"title_hover_style\":\"reset\",\"title_element\":\"h3\",\"title_align\":\"top\",\"title_grid_width\":\"1-2\",\"title_grid_breakpoint\":\"m\",\"meta_style\":\"meta\",\"meta_align\":\"below-title\",\"meta_element\":\"div\",\"content_column_breakpoint\":\"m\",\"icon_width\":80,\"image_align\":\"top\",\"image_grid_width\":\"1-2\",\"image_grid_breakpoint\":\"m\",\"image_svg_color\":\"emphasis\",\"link_text\":\"Read more\",\"link_style\":\"default\",\"margin\":\"\",\"item_animation\":true,\"maxwidth\":\"2xlarge\",\"block_align\":\"center\",\"text_align\":\"center\",\"lightbox\":false,\"lightbox_image_width\":\"250\",\"lightbox_image_height\":\"250\",\"image_width\":\"150\",\"image_height\":\"150\",\"title_style\":\"lead\",\"panel_padding\":\"\"},\"children\":[{\"type\":\"grid_item\",\"props\":{\"content\":\"\",\"title\":\"\\u00cembun\\u0103t\\u0103\\u021beasc\\u0103 abilit\\u0103\\u021bile angaja\\u021bilor at\\u00e2t \\u00een activit\\u0103\\u021bile digitale, c\\u00e2t \\u0219i fizice;\",\"image\":\"wp-content\\\/uploads\\\/2022\\\/04\\\/Upgrade-employees.png\"}},{\"type\":\"grid_item\",\"props\":{\"image\":\"wp-content\\\/uploads\\\/2022\\\/04\\\/Shorten-gap-1.png\",\"title\":\"\\u00ce\\u0219i reduc\\u0103 decalaj \\u00een materie de competen\\u021be digitale;\"}},{\"type\":\"grid_item\",\"props\":{\"image\":\"wp-content\\\/uploads\\\/2022\\\/04\\\/Owners-up-to-date-1.png\",\"title\":\"Managerii, antreprenorii \\u0219i formatorii vor fi la curent cu cele mai importante inova\\u021bii ale sectorului.\"}},{\"type\":\"grid_item\",\"props\":{\"image\":\"wp-content\\\/uploads\\\/2022\\\/04\\\/VET-2.png\",\"title\":\"Profesorii \\u0219i institu\\u021biile din domeniul VET vor avea la dispozi\\u021bie un nou curriculum inovator.\",\"content\":\"\"}}]},{\"type\":\"text\",\"props\":{\"margin\":\"large\",\"column_breakpoint\":\"m\",\"text_size\":\"large\",\"text_align\":\"center\",\"content\":\"\n\n<p>Prin diseminarea rezultatelor proiectului RetRail, IMM-urile vor beneficia de know-how \\u00een domeniul comer\\u021bului cu am\\u0103nuntul digital, iar decalajul dintre ace\\u0219tia \\u0219i marii concuren\\u021bi va fi redus.<\\\/p>\"}}]}],\"props\":{\"row_gap\":\"collapse\"}}]},{\"name\":\"outcome\",\"type\":\"section\",\"props\":{\"style\":\"default\",\"width\":\"default\",\"image_size\":\"cover\",\"padding_remove_bottom\":false,\"padding_remove_top\":false,\"animation\":\"slide-bottom-medium\",\"animation_delay\":\"200\",\"image_position\":\"center-center\",\"vertical_align\":\"middle\",\"title_position\":\"top-left\",\"title_rotation\":\"left\",\"title_breakpoint\":\"xl\",\"padding\":\"large\"},\"children\":[{\"type\":\"row\",\"props\":{\"layout\":\"1-2,1-2\"},\"children\":[{\"type\":\"column\",\"props\":{\"position_sticky_breakpoint\":\"m\",\"image_position\":\"center-center\",\"media_overlay_gradient\":\"\",\"width_medium\":\"1-2\"},\"children\":[{\"name\":\"\",\"type\":\"headline\",\"props\":{\"title_element\":\"h2\",\"content\":\"OBIECTIV GENERAL\",\"maxwidth\":\"large\",\"title_style\":\"heading-small\"}},{\"name\":\"\",\"type\":\"divider\",\"props\":{\"divider_element\":\"div\",\"divider_style\":\"small\"}},{\"type\":\"list\",\"props\":{\"show_image\":true,\"show_link\":true,\"list_type\":\"vertical\",\"list_element\":\"ul\",\"list_horizontal_separator\":\", \",\"column_breakpoint\":\"m\",\"image_svg_color\":\"emphasis\",\"image_align\":\"left\",\"image_vertical_align\":true,\"list_marker\":\"hyphen\"},\"children\":[{\"type\":\"list_item\",\"props\":{\"content\":\"\n\n<p>Companiile se vor desprinde de imaginea stereotip\\u0103 a unei companii mici cu competen\\u021be limitate, iar actualizarea digital\\u0103 a competen\\u021belor va stimula reputa\\u021bia companiei.\\u00a0<\\\/p>\\n\n\n<ul><\\\/ul>\"}},{\"type\":\"list_item\",\"props\":{\"content\":\"\n\n<p>Programul \\u00ee\\u0219i propune s\\u0103 aduc\\u0103 un upgrade general \\u00een sectorul de retail al \\u021b\\u0103rii.<\\\/p>\"}}]}]},{\"type\":\"column\",\"props\":{\"position_sticky_breakpoint\":\"m\",\"image_position\":\"center-center\",\"media_overlay_gradient\":\"\",\"width_medium\":\"1-2\"},\"children\":[{\"type\":\"image\",\"props\":{\"margin\":\"default\",\"image_svg_color\":\"emphasis\",\"image\":\"wp-content\\\/uploads\\\/2022\\\/04\\\/clay-banks-XvS-uKUoUao-unsplash-1-scaled.jpg\",\"image_box_shadow\":\"medium\"}}]}]}]},{\"name\":\"three ways of achieving it\",\"type\":\"section\",\"props\":{\"style\":\"default\",\"width\":\"default\",\"image_size\":\"cover\",\"padding_remove_bottom\":false,\"padding_remove_top\":true,\"animation\":\"slide-bottom-medium\",\"animation_delay\":\"200\",\"image_position\":\"center-center\",\"vertical_align\":\"middle\",\"title_position\":\"top-left\",\"title_rotation\":\"left\",\"title_breakpoint\":\"xl\",\"padding\":\"small\"},\"children\":[{\"type\":\"row\",\"children\":[{\"type\":\"column\",\"props\":{\"position_sticky_breakpoint\":\"m\",\"image_position\":\"center-center\",\"media_overlay_gradient\":\"\",\"width_medium\":\"\"},\"children\":[{\"name\":\"\",\"type\":\"headline\",\"props\":{\"title_element\":\"h2\",\"content\":\"OBIECTIVE SPECIFICE\",\"maxwidth\":\"large\",\"title_style\":\"heading-small\"}},{\"name\":\"\",\"type\":\"divider\",\"props\":{\"divider_element\":\"hr\",\"divider_style\":\"small\"}}]}]},{\"type\":\"row\",\"props\":{\"layout\":\"1-3,1-3,1-3\",\"match\":true},\"children\":[{\"type\":\"column\",\"props\":{\"position_sticky_breakpoint\":\"m\",\"image_position\":\"center-center\",\"media_overlay_gradient\":\"\",\"width_medium\":\"1-3\"},\"children\":[{\"type\":\"panel\",\"props\":{\"link_text\":\"Read more\",\"title_hover_style\":\"reset\",\"title_element\":\"div\",\"title_align\":\"left\",\"title_grid_width\":\"auto\",\"title_grid_breakpoint\":\"\",\"meta_style\":\"h5\",\"meta_align\":\"below-content\",\"content_column_breakpoint\":\"m\",\"icon_width\":80,\"image_align\":\"top\",\"image_grid_width\":\"1-2\",\"image_grid_breakpoint\":\"m\",\"image_svg_color\":\"emphasis\",\"link_style\":\"default\",\"margin\":\"default\",\"title\":\"\",\"meta\":\"\",\"content\":\"\n\n<p>Elaborarea unui Ghid dedicat managerilor \\u0219i proprietarilor de IMM-uri<\\\/p>\",\"title_style\":\"heading-medium\",\"title_color\":\"background\",\"title_grid_column_gap\":\"small\",\"meta_color\":\"muted\",\"meta_margin\":\"remove\",\"attributes\":\".el-title { line-height: 0.8; }\",\"meta_element\":\"div\",\"image\":\"wp-content\\\/uploads\\\/2022\\\/04\\\/Project-guide.png\",\"panel_style\":\"tile-muted\",\"content_margin\":\"medium\",\"panel_padding\":\"default\",\"content_style\":\"lead\",\"link\":\"\"}}]},{\"type\":\"column\",\"props\":{\"position_sticky_breakpoint\":\"m\",\"image_position\":\"center-center\",\"media_overlay_gradient\":\"\",\"width_medium\":\"1-3\"},\"children\":[{\"type\":\"panel\",\"props\":{\"link_text\":\"Read more\",\"title_hover_style\":\"reset\",\"title_element\":\"div\",\"title_align\":\"left\",\"title_grid_width\":\"auto\",\"title_grid_breakpoint\":\"\",\"meta_style\":\"h5\",\"meta_align\":\"below-content\",\"content_column_breakpoint\":\"m\",\"icon_width\":80,\"image_align\":\"top\",\"image_grid_width\":\"1-2\",\"image_grid_breakpoint\":\"m\",\"image_svg_color\":\"emphasis\",\"link_style\":\"default\",\"margin\":\"default\",\"title\":\"\",\"meta\":\"\",\"content\":\"\n\n<p>Dezvoltarea unui Curs de e-learning pentru angaja\\u021bii din retail<\\\/p>\",\"title_style\":\"heading-xlarge\",\"title_color\":\"background\",\"title_grid_column_gap\":\"small\",\"meta_color\":\"muted\",\"meta_margin\":\"remove\",\"attributes\":\".el-title { line-height: 0.8; }\",\"meta_element\":\"div\",\"image\":\"wp-content\\\/uploads\\\/2022\\\/04\\\/e-learning-course.png\",\"panel_style\":\"tile-muted\",\"panel_padding\":\"default\",\"content_style\":\"lead\",\"content_margin\":\"medium\"}}]},{\"type\":\"column\",\"props\":{\"position_sticky_breakpoint\":\"m\",\"image_position\":\"center-center\",\"media_overlay_gradient\":\"\",\"width_medium\":\"1-3\"},\"children\":[{\"type\":\"panel\",\"props\":{\"link_text\":\"Read more\",\"title_hover_style\":\"reset\",\"title_element\":\"div\",\"title_align\":\"left\",\"title_grid_width\":\"auto\",\"title_grid_breakpoint\":\"\",\"meta_style\":\"h5\",\"meta_align\":\"below-content\",\"content_column_breakpoint\":\"m\",\"icon_width\":80,\"image_align\":\"top\",\"image_grid_width\":\"1-2\",\"image_grid_breakpoint\":\"m\",\"image_svg_color\":\"emphasis\",\"link_style\":\"default\",\"margin\":\"default\",\"title\":\"\",\"meta\":\"\",\"content\":\"\n\n<p>Dezvoltarea unui Manual de Instruire pentru formatorii din sectorul VET<\\\/p>\",\"title_style\":\"heading-xlarge\",\"title_color\":\"background\",\"title_grid_column_gap\":\"small\",\"meta_color\":\"muted\",\"meta_margin\":\"remove\",\"attributes\":\".el-title { line-height: 0.8; }\",\"meta_element\":\"div\",\"image\":\"wp-content\\\/uploads\\\/2022\\\/04\\\/Training.png\",\"panel_style\":\"tile-muted\",\"panel_padding\":\"default\",\"content_style\":\"lead\",\"content_margin\":\"medium\"}}]}]},{\"type\":\"row\",\"children\":[{\"type\":\"column\",\"props\":{\"position_sticky_breakpoint\":\"m\",\"image_position\":\"center-center\",\"media_overlay_gradient\":\"\"},\"children\":[{\"type\":\"button\",\"props\":{\"grid_column_gap\":\"small\",\"grid_row_gap\":\"small\",\"margin\":\"default\",\"button_size\":\"large\",\"text_align\":\"center\"},\"children\":[{\"type\":\"button_item\",\"props\":{\"button_style\":\"default\",\"icon_align\":\"left\",\"link\":\"resources\\\/\",\"content\":\"Afla\\u021bi mai multe despre resursele educa\\u021bionale RetRail\"}}]}]}]}]}],\"version\":\"2.7.21\"} --><\/p>\n","protected":false},"excerpt":{"rendered":"<p>RetRail\u00a0 NOI TENDIN\u021aE \u00ceN COMER\u021aUL CU AM\u0102NUNTUL Scopul proiectului RetRail este de a informa \u0219i \u00eencuraja IMM-urile s\u0103 \u021bin\u0103 pasul cu omologii lor mai mari pentru a-\u0219i spori v\u00e2nz\u0103rile. Acest proiect va permite companiilor s\u0103: \u00cembun\u0103t\u0103\u021beasc\u0103 abilit\u0103\u021bile angaja\u021bilor at\u00e2t \u00een activit\u0103\u021bile digitale, c\u00e2t \u0219i fizice; \u00ce\u0219i reduc\u0103 decalaj \u00een materie de competen\u021be digitale; Managerii, antreprenorii [&hellip;]<\/p>\n","protected":false},"author":1,"featured_media":0,"parent":0,"menu_order":6,"comment_status":"open","ping_status":"open","template":"","meta":[],"acf":[],"_links":{"self":[{"href":"https:\/\/retrail.eu\/ro\/wp-json\/wp\/v2\/pages\/1597"}],"collection":[{"href":"https:\/\/retrail.eu\/ro\/wp-json\/wp\/v2\/pages"}],"about":[{"href":"https:\/\/retrail.eu\/ro\/wp-json\/wp\/v2\/types\/page"}],"author":[{"embeddable":true,"href":"https:\/\/retrail.eu\/ro\/wp-json\/wp\/v2\/users\/1"}],"replies":[{"embeddable":true,"href":"https:\/\/retrail.eu\/ro\/wp-json\/wp\/v2\/comments?post=1597"}],"version-history":[{"count":14,"href":"https:\/\/retrail.eu\/ro\/wp-json\/wp\/v2\/pages\/1597\/revisions"}],"predecessor-version":[{"id":1926,"href":"https:\/\/retrail.eu\/ro\/wp-json\/wp\/v2\/pages\/1597\/revisions\/1926"}],"wp:attachment":[{"href":"https:\/\/retrail.eu\/ro\/wp-json\/wp\/v2\/media?parent=1597"}],"curies":[{"name":"wp","href":"https:\/\/api.w.org\/{rel}","templated":true}]}}