{"id":2043,"date":"2019-05-10T09:37:28","date_gmt":"2019-05-10T09:37:28","guid":{"rendered":"https:\/\/retrail.eu\/partners\/"},"modified":"2022-04-28T08:56:30","modified_gmt":"2022-04-28T08:56:30","slug":"partners","status":"publish","type":"page","link":"https:\/\/retrail.eu\/pt-pt\/partners\/","title":{"rendered":"Parceiros"},"content":{"rendered":"<h1>Parceiros<\/h1>\n<hr>\n<ul>\n<li>\n<p>        <img src=\"\/wp-content\/uploads\/2022\/04\/Camara-Valencia-PNG.png\" alt=\"\"><\/p>\n<h3>PROMOTOR: CAMARA OFICIAL DE COMERCIO INDUSTRIA, SERVICIOS Y NAVEGACION DE VALENCIA. <\/h3>\n<div>\n<p>A C\u00e2mara de Val\u00eancia \u00e9 uma organiza\u00e7\u00e3o p\u00fablica sem fins lucrativos que promove e defende os interesses gerais do mercado e da ind\u00fastria. Como entidade p\u00fablica, a C\u00e2mara representa hoje mais de 170.500 empresas na prov\u00edncia de Val\u00eancia. A miss\u00e3o da Business School \u00e9 proporcionar uma forma\u00e7\u00e3o de qualidade, adaptada \u00e0s necessidades do meio empresarial, utilizando recursos humanos e materiais inovadores, e em estreita colabora\u00e7\u00e3o com a comunidade empresarial.<\/p>\n<\/div>\n<\/li>\n<li>\n<p>        <img src=\"\/wp-content\/uploads\/2022\/04\/Coordina-colour-JPG.png\" alt=\"\"><\/p>\n<h3>COORDINA ORGANIZACI\u00d3N DE EMPRESAS Y RECURSOS HUMANOS, S.L. <\/h3>\n<div>\n<p>A NERDA \u00e9 uma organiza\u00e7\u00e3o n\u00e3o governamental, sem fins lucrativos, de utilidade p\u00fablica, com estatuto jur\u00eddico, que contribui para a redu\u00e7\u00e3o das disparidades regionais, estimulando o desenvolvimento econ\u00f3mico, social e cultural da Regi\u00e3o Nordeste da Rom\u00e9nia. Todos os passos e a\u00e7\u00f5es da organiza\u00e7\u00e3o convergem para aumentar o n\u00edvel de prosperidade da regi\u00e3o e aumentar a qualidade de vida de seus habitantes.<\/p>\n<\/div>\n<\/li>\n<li>\n<p>        <img src=\"\/wp-content\/uploads\/2022\/04\/ADRNE-PNG.png\" alt=\"\"><\/p>\n<h3>AGENTIA PENTRU DEZVOLTARE REGIONALA NORD-EST <\/h3>\n<div>\n<p>O IDEC \u00e9 uma empresa de consultoria de forma\u00e7\u00e3o localizada em Piraeus, na Gr\u00e9cia. As suas atividades consistem na forma\u00e7\u00e3o, consultoria de gest\u00e3o, garantia de qualidade, avalia\u00e7\u00e3o e desenvolvimento de solu\u00e7\u00f5es de TIC para o setor privado e p\u00fablico. O IDEC tem estado ativo nos \u00faltimos 20 anos no campo dos projetos da UE. Tem uma longa experi\u00eancia em pol\u00edticas europeias em mat\u00e9ria de aprendizagem ao longo da vida e, em particular, EQF, ECVET, Europass, EQAVET, valida\u00e7\u00e3o de aprendizagem n\u00e3o formal e informal, programas de aprendizagem e aprendizagem em contexto de trabalho, e em reformas nacionais dos sistemas de educa\u00e7\u00e3o e forma\u00e7\u00e3o.<\/p>\n<\/div>\n<\/li>\n<li>\n<p>        <img src=\"\/wp-content\/uploads\/2022\/04\/IDEC-PNG.png\" alt=\"\"><\/p>\n<h3>IDEC<\/h3>\n<div>\n<p>O IDEC \u00e9 uma empresa de consultoria de forma\u00e7\u00e3o localizada em Piraeus, na Gr\u00e9cia. As suas atividades consistem na forma\u00e7\u00e3o, consultoria de gest\u00e3o, garantia de qualidade, avalia\u00e7\u00e3o e desenvolvimento de solu\u00e7\u00f5es de TIC para o setor privado e p\u00fablico. O IDEC tem estado ativo nos \u00faltimos 20 anos no campo dos projetos da UE. Tem uma longa experi\u00eancia em pol\u00edticas europeias em mat\u00e9ria de aprendizagem ao longo da vida e, em particular, EQF, ECVET, Europass, EQAVET, valida\u00e7\u00e3o de aprendizagem n\u00e3o formal e informal, programas de aprendizagem e aprendizagem em contexto de trabalho, e em reformas nacionais dos sistemas de educa\u00e7\u00e3o e forma\u00e7\u00e3o.<\/p>\n<\/div>\n<\/li>\n<li>\n<p>        <img src=\"\/wp-content\/uploads\/2022\/04\/HESO-PNG.png\" alt=\"\"><\/p>\n<h3>HEARTHANDS SOLUTIONS LIMITED <\/h3>\n<div>\n<p>A HEARTHANDS SOLUTIONS oferece uma vasta gama de servi\u00e7os que fazem a ponte entre os ecossistemas de financiamento comercial e p\u00fablico\/UE. A presta\u00e7\u00e3o de servi\u00e7os abrange desde o desenvolvimento de neg\u00f3cios e aquisi\u00e7\u00e3o de financiamento p\u00fablico at\u00e9 a implementa\u00e7\u00e3o personalizada, forma\u00e7\u00e3o e transfer\u00eancia de tecnologia. A HESO capitaliza as suas experi\u00eancias de trabalho em ambientes corporativos de grande procura de forma\u00e7\u00e3o direcionada, baseada em objetivos, efici\u00eancia e conclus\u00f5es oriundas da sua pesquisa sobre Educa\u00e7\u00e3o e Forma\u00e7\u00e3o com base nas TIC. O resultado \u00e9 o desenho de ferramentas de divulga\u00e7\u00e3o e conhecimento de instrumentos de alto impacto e valor.<\/p>\n<\/div>\n<\/li>\n<li>\n<p>        <img src=\"\/wp-content\/uploads\/2022\/04\/CPU-PNG.png\" alt=\"\"><\/p>\n<h3>GOSPODARSKA ZBORNICA SLOVENIJE CENTER ZA POSLOVNO USPOSABLJANJE <\/h3>\n<div>\n<p>A C\u00e2mara de Com\u00e9rcio e Ind\u00fastria da Eslov\u00e9nia \u2013 Instituto de Educa\u00e7\u00e3o Empresarial fornece \u00e0s empresas conhecimentos de alta qualidade, modernos e aplic\u00e1veis, enriquecidos com experi\u00eancias nacionais e internacionais, com exemplos de boas pr\u00e1ticas de neg\u00f3cios, de acordo com o princ\u00edpio da \u201cpr\u00e1tica \u00e0 pr\u00e1tica\u201d. \u00c9 um dos fornecedores de educa\u00e7\u00e3o e forma\u00e7\u00e3o com maior tradi\u00e7\u00e3o e experi\u00eancia no desenvolvimento, organiza\u00e7\u00e3o e realiza\u00e7\u00e3o de semin\u00e1rios profissionais e t\u00e9cnicos, cursos de forma\u00e7\u00e3o, workshops, cursos de curta e longa dura\u00e7\u00e3o, e outros eventos orientados para as necessidades dos clientes.<\/p>\n<\/div>\n<\/li>\n<li>\n<p>        <img src=\"\/wp-content\/uploads\/2022\/04\/RCCI-PNG.png\" alt=\"\"><\/p>\n<h3>RUSENSKA TARGOVSKO INDUSTRIALNA KAMARA <\/h3>\n<div>\n<p>A Ruse Chamber of Commerce and Industry (RCCI) \u00e9 uma ONG para benef\u00edcio p\u00fablico, fornecendo uma ampla gama de servi\u00e7os de qualidade a mais de 1500 empresas, membros e n\u00e3o-membros, para ajudar a desenvolver e expandir os seus neg\u00f3cios, a n\u00edvel nacional e internacional. Contribui proactivamente para o desenvolvimento econ\u00f3mico da regi\u00e3o de Ruse, apoia e representa as empresas e empres\u00e1rios a n\u00edvel regional e nacional (tamb\u00e9m atrav\u00e9s da Rede Nacional de C\u00e2maras de Com\u00e9rcio e Ind\u00fastrias e Rede Europeia BIC).<\/p>\n<\/div>\n<\/li>\n<li>\n<p>        <img src=\"\/wp-content\/uploads\/2022\/04\/CECOA-PNG.png\" alt=\"\"><\/p>\n<h3>CENTRO DE FORMACAO PROFISSIONAL PARA O COMERCIO E AFINS <\/h3>\n<div>\n<p>O CECOA \u00e9 um centro p\u00fablico de forma\u00e7\u00e3o profissional, que foi criado por um protocolo assinado em 1986 entre o IEFP (Instituto do Emprego e Forma\u00e7\u00e3o Profissional) e a CCP (Confedera\u00e7\u00e3o do Com\u00e9rcio e Servi\u00e7os de Portugal). O objetivo do CECOA \u00e9 promover atividades educativas e de forma\u00e7\u00e3o profissional, incluindo a aprendizagem nos setores de com\u00e9rcio e servi\u00e7os. O CECOA \u00e9 uma entidade reconhecida no \u00e2mbito do sistema nacional de avalia\u00e7\u00e3o e acredita\u00e7\u00e3o de Prestadores de EFP.<\/p>\n<\/div>\n<\/li>\n<\/ul>\n<p><!--more--><br \/>\n<!-- {\"name\":\"\",\"type\":\"layout\",\"children\":[{\"name\":\"Headline\",\"type\":\"section\",\"props\":{\"style\":\"default\",\"width\":\"default\",\"image_size\":\"cover\",\"padding\":\"large\",\"image_position\":\"center-center\",\"header_transparent\":\"dark\",\"vertical_align\":\"middle\",\"title_position\":\"top-left\",\"title_rotation\":\"left\",\"title_breakpoint\":\"xl\"},\"children\":[{\"name\":\"\",\"type\":\"row\",\"children\":[{\"name\":\"\",\"type\":\"column\",\"props\":{\"image_position\":\"center-center\",\"width_medium\":\"1-1\",\"position_sticky_breakpoint\":\"m\",\"media_overlay_gradient\":\"\"},\"children\":[{\"name\":\"\",\"type\":\"headline\",\"props\":{\"title_element\":\"h1\",\"content\":\"Parceiros\",\"title_style\":\"heading-small\"}},{\"type\":\"divider\",\"props\":{\"divider_element\":\"hr\",\"divider_style\":\"small\"}}]}]}]},{\"name\":\"Gold sponsors\",\"type\":\"section\",\"props\":{\"style\":\"default\",\"width\":\"default\",\"image_size\":\"cover\",\"padding_remove_top\":true,\"padding\":\"large\",\"animation\":\"slide-bottom-medium\",\"animation_delay\":\"200\",\"image_position\":\"center-center\",\"vertical_align\":\"middle\",\"title_position\":\"top-left\",\"title_rotation\":\"left\",\"title_breakpoint\":\"xl\"},\"children\":[{\"type\":\"row\",\"children\":[{\"type\":\"column\",\"props\":{\"position_sticky_breakpoint\":\"m\",\"image_position\":\"center-center\",\"media_overlay_gradient\":\"\"},\"children\":[{\"type\":\"grid\",\"props\":{\"show_title\":true,\"show_meta\":true,\"show_content\":true,\"show_image\":true,\"show_link\":true,\"grid_default\":\"1\",\"grid_medium\":\"2\",\"filter_style\":\"tab\",\"filter_all\":true,\"filter_position\":\"top\",\"filter_align\":\"left\",\"filter_grid_width\":\"auto\",\"filter_grid_breakpoint\":\"m\",\"title_hover_style\":\"reset\",\"title_element\":\"h3\",\"title_align\":\"top\",\"title_grid_width\":\"1-2\",\"title_grid_breakpoint\":\"m\",\"meta_style\":\"meta\",\"meta_align\":\"below-title\",\"meta_element\":\"div\",\"content_column_breakpoint\":\"m\",\"icon_width\":\"\",\"image_align\":\"top\",\"image_grid_width\":\"1-2\",\"image_grid_breakpoint\":\"m\",\"image_svg_color\":\"emphasis\",\"link_text\":\"Read more\",\"link_style\":\"default\",\"margin\":\"default\",\"item_animation\":true,\"grid_masonry\":false,\"grid_column_gap\":\"large\",\"grid_row_gap\":\"large\",\"grid_divider\":true,\"grid_column_align\":true,\"grid_row_align\":true,\"lightbox\":false,\"lightbox_image_width\":\"\",\"lightbox_image_height\":\"\",\"content_display\":\"lightbox\",\"panel_style\":\"tile-muted\",\"panel_padding\":\"large\",\"title_decoration\":\"divider\",\"filter\":false,\"lightbox_image_orientation\":false,\"panel_image_no_padding\":false,\"css\":\".el-image{\\n\\twidth: 50%;\\n}\"},\"children\":[{\"type\":\"grid_item\",\"props\":{\"image\":\"wp-content\\\/uploads\\\/2022\\\/04\\\/Camara-Valencia-PNG.png\",\"title\":\"PROMOTOR: CAMARA OFICIAL DE COMERCIO INDUSTRIA, SERVICIOS Y NAVEGACION DE VALENCIA. \",\"content\":\"\n\n<p>A C\\u00e2mara de Val\\u00eancia \\u00e9 uma organiza\\u00e7\\u00e3o p\\u00fablica sem fins lucrativos que promove e defende os interesses gerais do mercado e da ind\\u00fastria. Como entidade p\\u00fablica, a C\\u00e2mara representa hoje mais de 170.500 empresas na prov\\u00edncia de Val\\u00eancia. A miss\\u00e3o da Business School \\u00e9 proporcionar uma forma\\u00e7\\u00e3o de qualidade, adaptada \\u00e0s necessidades do meio empresarial, utilizando recursos humanos e materiais inovadores, e em estreita colabora\\u00e7\\u00e3o com a comunidade empresarial.<\\\/p>\"}},{\"type\":\"grid_item\",\"props\":{\"image\":\"wp-content\\\/uploads\\\/2022\\\/04\\\/Coordina-colour-JPG.png\",\"title\":\"COORDINA ORGANIZACI\\u00d3N DE EMPRESAS Y RECURSOS HUMANOS, S.L. \",\"content\":\"\n\n<p>A NERDA \\u00e9 uma organiza\\u00e7\\u00e3o n\\u00e3o governamental, sem fins lucrativos, de utilidade p\\u00fablica, com estatuto jur\\u00eddico, que contribui para a redu\\u00e7\\u00e3o das disparidades regionais, estimulando o desenvolvimento econ\\u00f3mico, social e cultural da Regi\\u00e3o Nordeste da Rom\\u00e9nia. Todos os passos e a\\u00e7\\u00f5es da organiza\\u00e7\\u00e3o convergem para aumentar o n\\u00edvel de prosperidade da regi\\u00e3o e aumentar a qualidade de vida de seus habitantes.<\\\/p>\"}},{\"type\":\"grid_item\",\"props\":{\"image\":\"wp-content\\\/uploads\\\/2022\\\/04\\\/ADRNE-PNG.png\",\"title\":\"AGENTIA PENTRU DEZVOLTARE REGIONALA NORD-EST \",\"content\":\"\n\n<p>O IDEC \\u00e9 uma empresa de consultoria de forma\\u00e7\\u00e3o localizada em Piraeus, na Gr\\u00e9cia. As suas atividades consistem na forma\\u00e7\\u00e3o, consultoria de gest\\u00e3o, garantia de qualidade, avalia\\u00e7\\u00e3o e desenvolvimento de solu\\u00e7\\u00f5es de TIC para o setor privado e p\\u00fablico. O IDEC tem estado ativo nos \\u00faltimos 20 anos no campo dos projetos da UE. Tem uma longa experi\\u00eancia em pol\\u00edticas europeias em mat\\u00e9ria de aprendizagem ao longo da vida e, em particular, EQF, ECVET, Europass, EQAVET, valida\\u00e7\\u00e3o de aprendizagem n\\u00e3o formal e informal, programas de aprendizagem e aprendizagem em contexto de trabalho, e em reformas nacionais dos sistemas de educa\\u00e7\\u00e3o e forma\\u00e7\\u00e3o.<\\\/p>\"}},{\"type\":\"grid_item\",\"props\":{\"image\":\"wp-content\\\/uploads\\\/2022\\\/04\\\/IDEC-PNG.png\",\"title\":\"IDEC\",\"content\":\"\n\n<p>O IDEC \\u00e9 uma empresa de consultoria de forma\\u00e7\\u00e3o localizada em Piraeus, na Gr\\u00e9cia. As suas atividades consistem na forma\\u00e7\\u00e3o, consultoria de gest\\u00e3o, garantia de qualidade, avalia\\u00e7\\u00e3o e desenvolvimento de solu\\u00e7\\u00f5es de TIC para o setor privado e p\\u00fablico. O IDEC tem estado ativo nos \\u00faltimos 20 anos no campo dos projetos da UE. Tem uma longa experi\\u00eancia em pol\\u00edticas europeias em mat\\u00e9ria de aprendizagem ao longo da vida e, em particular, EQF, ECVET, Europass, EQAVET, valida\\u00e7\\u00e3o de aprendizagem n\\u00e3o formal e informal, programas de aprendizagem e aprendizagem em contexto de trabalho, e em reformas nacionais dos sistemas de educa\\u00e7\\u00e3o e forma\\u00e7\\u00e3o.<\\\/p>\"}},{\"type\":\"grid_item\",\"props\":{\"image\":\"wp-content\\\/uploads\\\/2022\\\/04\\\/HESO-PNG.png\",\"title\":\"HEARTHANDS SOLUTIONS LIMITED \",\"content\":\"\n\n<p>A HEARTHANDS SOLUTIONS oferece uma vasta gama de servi\\u00e7os que fazem a ponte entre os ecossistemas de financiamento comercial e p\\u00fablico\\\/UE. A presta\\u00e7\\u00e3o de servi\\u00e7os abrange desde o desenvolvimento de neg\\u00f3cios e aquisi\\u00e7\\u00e3o de financiamento p\\u00fablico at\\u00e9 a implementa\\u00e7\\u00e3o personalizada, forma\\u00e7\\u00e3o e transfer\\u00eancia de tecnologia. A HESO capitaliza as suas experi\\u00eancias de trabalho em ambientes corporativos de grande procura de forma\\u00e7\\u00e3o direcionada, baseada em objetivos, efici\\u00eancia e conclus\\u00f5es oriundas da sua pesquisa sobre Educa\\u00e7\\u00e3o e Forma\\u00e7\\u00e3o com base nas TIC. O resultado \\u00e9 o desenho de ferramentas de divulga\\u00e7\\u00e3o e conhecimento de instrumentos de alto impacto e valor.<\\\/p>\"}},{\"type\":\"grid_item\",\"props\":{\"image\":\"wp-content\\\/uploads\\\/2022\\\/04\\\/CPU-PNG.png\",\"title\":\"GOSPODARSKA ZBORNICA SLOVENIJE CENTER ZA POSLOVNO USPOSABLJANJE \",\"content\":\"\n\n<p>A C\\u00e2mara de Com\\u00e9rcio e Ind\\u00fastria da Eslov\\u00e9nia \\u2013 Instituto de Educa\\u00e7\\u00e3o Empresarial fornece \\u00e0s empresas conhecimentos de alta qualidade, modernos e aplic\\u00e1veis, enriquecidos com experi\\u00eancias nacionais e internacionais, com exemplos de boas pr\\u00e1ticas de neg\\u00f3cios, de acordo com o princ\\u00edpio da \\u201cpr\\u00e1tica \\u00e0 pr\\u00e1tica\\u201d. \\u00c9 um dos fornecedores de educa\\u00e7\\u00e3o e forma\\u00e7\\u00e3o com maior tradi\\u00e7\\u00e3o e experi\\u00eancia no desenvolvimento, organiza\\u00e7\\u00e3o e realiza\\u00e7\\u00e3o de semin\\u00e1rios profissionais e t\\u00e9cnicos, cursos de forma\\u00e7\\u00e3o, workshops, cursos de curta e longa dura\\u00e7\\u00e3o, e outros eventos orientados para as necessidades dos clientes.<\\\/p>\"}},{\"type\":\"grid_item\",\"props\":{\"image\":\"wp-content\\\/uploads\\\/2022\\\/04\\\/RCCI-PNG.png\",\"title\":\"RUSENSKA TARGOVSKO INDUSTRIALNA KAMARA \",\"content\":\"\n\n<p>A Ruse Chamber of Commerce and Industry (RCCI) \\u00e9 uma ONG para benef\\u00edcio p\\u00fablico, fornecendo uma ampla gama de servi\\u00e7os de qualidade a mais de 1500 empresas, membros e n\\u00e3o-membros, para ajudar a desenvolver e expandir os seus neg\\u00f3cios, a n\\u00edvel nacional e internacional. Contribui proactivamente para o desenvolvimento econ\\u00f3mico da regi\\u00e3o de Ruse, apoia e representa as empresas e empres\\u00e1rios a n\\u00edvel regional e nacional (tamb\\u00e9m atrav\\u00e9s da Rede Nacional de C\\u00e2maras de Com\\u00e9rcio e Ind\\u00fastrias e Rede Europeia BIC).<\\\/p>\"}},{\"type\":\"grid_item\",\"props\":{\"image\":\"wp-content\\\/uploads\\\/2022\\\/04\\\/CECOA-PNG.png\",\"title\":\"CENTRO DE FORMACAO PROFISSIONAL PARA O COMERCIO E AFINS \",\"content\":\"\n\n<p>O CECOA \\u00e9 um centro p\\u00fablico de forma\\u00e7\\u00e3o profissional, que foi criado por um protocolo assinado em 1986 entre o IEFP (Instituto do Emprego e Forma\\u00e7\\u00e3o Profissional) e a CCP (Confedera\\u00e7\\u00e3o do Com\\u00e9rcio e Servi\\u00e7os de Portugal). O objetivo do CECOA \\u00e9 promover atividades educativas e de forma\\u00e7\\u00e3o profissional, incluindo a aprendizagem nos setores de com\\u00e9rcio e servi\\u00e7os. O CECOA \\u00e9 uma entidade reconhecida no \\u00e2mbito do sistema nacional de avalia\\u00e7\\u00e3o e acredita\\u00e7\\u00e3o de Prestadores de EFP.<\\\/p>\"}}]}]}],\"props\":{\"margin_remove_top\":false}}]}],\"version\":\"2.7.21\"} --><\/p>\n","protected":false},"excerpt":{"rendered":"<p>Parceiros PROMOTOR: CAMARA OFICIAL DE COMERCIO INDUSTRIA, SERVICIOS Y NAVEGACION DE VALENCIA. A C\u00e2mara de Val\u00eancia \u00e9 uma organiza\u00e7\u00e3o p\u00fablica sem fins lucrativos que promove e defende os interesses gerais do mercado e da ind\u00fastria. Como entidade p\u00fablica, a C\u00e2mara representa hoje mais de 170.500 empresas na prov\u00edncia de Val\u00eancia. A miss\u00e3o da Business School [&hellip;]<\/p>\n","protected":false},"author":1,"featured_media":0,"parent":0,"menu_order":2,"comment_status":"open","ping_status":"closed","template":"","meta":[],"acf":[],"_links":{"self":[{"href":"https:\/\/retrail.eu\/pt-pt\/wp-json\/wp\/v2\/pages\/2043"}],"collection":[{"href":"https:\/\/retrail.eu\/pt-pt\/wp-json\/wp\/v2\/pages"}],"about":[{"href":"https:\/\/retrail.eu\/pt-pt\/wp-json\/wp\/v2\/types\/page"}],"author":[{"embeddable":true,"href":"https:\/\/retrail.eu\/pt-pt\/wp-json\/wp\/v2\/users\/1"}],"replies":[{"embeddable":true,"href":"https:\/\/retrail.eu\/pt-pt\/wp-json\/wp\/v2\/comments?post=2043"}],"version-history":[{"count":11,"href":"https:\/\/retrail.eu\/pt-pt\/wp-json\/wp\/v2\/pages\/2043\/revisions"}],"predecessor-version":[{"id":2083,"href":"https:\/\/retrail.eu\/pt-pt\/wp-json\/wp\/v2\/pages\/2043\/revisions\/2083"}],"wp:attachment":[{"href":"https:\/\/retrail.eu\/pt-pt\/wp-json\/wp\/v2\/media?parent=2043"}],"curies":[{"name":"wp","href":"https:\/\/api.w.org\/{rel}","templated":true}]}}