{"id":2000,"date":"2019-05-10T09:37:28","date_gmt":"2019-05-10T09:37:28","guid":{"rendered":"https:\/\/retrail.eu\/resources\/"},"modified":"2023-11-15T13:55:11","modified_gmt":"2023-11-15T13:55:11","slug":"resources","status":"publish","type":"page","link":"https:\/\/retrail.eu\/pt-pt\/resources\/","title":{"rendered":"Recursos Educacionais"},"content":{"rendered":"<h1>Recursos Educacionais<\/h1>\n<hr>\n<div>\n<p>        <img src=\"\/wp-content\/uploads\/2022\/04\/nathan-dumlao-7IIyK3B4UiA.png\" alt=\"\"><\/p>\n<h2>GUIA\/MANUAL PARA GERENTES OU PROPRIET\u00c1RIOS DE LOJAS<\/h2>\n<div>\n<p>Um guia\/manual sobre os m\u00e9todos tecnol\u00f3gicos mais recentes, com informa\u00e7\u00e3o atualizada sobre as \u00faltimas tend\u00eancias acerca de vendas no local, com inclus\u00e3o de ferramentas na \u00e1rea do retalho, bem como a forma de selecionar os m\u00e9todos, informa\u00e7\u00e3o e ferramentas mais adequadas \u00e0s necessidades de cada neg\u00f3cio.<\/p>\n<p><i><span data-contrast=\"auto\">Prev\u00ea-se que a implementa\u00e7\u00e3o do Guia\/manual contribua para um conhecimento mais alargado por parte de empres\u00e1rios e executivos da \u00e1rea do retalho, que ter\u00e3o acesso a informa\u00e7\u00e3o fidedigna dispon\u00edvel no mercado, dando-lhes ferramentas que lhes permita distinguir a informa\u00e7\u00e3o mais adequada \u00e0s suas necessidades.<\/span><\/i><span data-ccp-props=\"{&quot;201341983&quot;:0,&quot;335551550&quot;:1,&quot;335551620&quot;:1,&quot;335559739&quot;:160,&quot;335559740&quot;:259}\">\u00a0<\/span><\/p>\n<h2><a href=\"https:\/\/retrail.eu\/wp-content\/uploads\/2023\/11\/RetRail-Guide-Portuguese.pdf\" target=\"_blank\" rel=\"noopener\">CARREGAR<\/a><\/h2>\n<\/div>\n<\/div>\n<div>\n<p>        <img src=\"\/wp-content\/uploads\/2022\/04\/teen-girl-using-tablet-thinking-on-task-sitting-at.png\" alt=\"\"><\/p>\n<h2>CURSO DE E-LEARNING PARA FUNCION\u00c1RIOS DO RETALHO<\/h2>\n<div>\n<p>Um curso sobre uma implementa\u00e7\u00e3o de sucesso com recurso a m\u00e9todos e ferramentas que visam aumentar as vendas digitais e presenciais, onde em cada m\u00f3dulo os colaboradores ter\u00e3o acesso a diferentes categorias de m\u00e9todos e ferramentas.<\/p>\n<p>O curso ir\u00e1 disponibilizar conhecimento direcionado, atualizado e know-how dirigido aos funcion\u00e1rios do retalho sobre a utiliza\u00e7\u00e3o de m\u00e9todos e ferramentas digitais mais eficazes e \u00fateis, e em simult\u00e2neo contribuir\u00e1 para a atualiza\u00e7\u00e3o das suas compet\u00eancias em rela\u00e7\u00e3o \u00e0 vendas no local.<\/p>\n<h2><a href=\"https:\/\/retrail-training.eu\/course\/view.php?id=10\" target=\"_blank\" rel=\"noopener\">ENTRADA<\/a><\/h2>\n<\/div>\n<\/div>\n<div>\n<p>        <img src=\"\/wp-content\/uploads\/2022\/04\/man-paying-gifts-in-a-retail-shop-with-a-credit-ca.png\" alt=\"\"><\/p>\n<h2>FORMA\u00c7\u00c3O PARA FORMADORES DO EFP OU FORMADORES DE EMPRESAS<\/h2>\n<div>\n<p>Forma\u00e7\u00e3o baseada em t\u00e9cnicas de ensino bem-sucedidas com recurso a ferramentas digitais e aplicadas em contexto presencial na \u00e1rea do retalho.<\/p>\n<p><i><span data-contrast=\"auto\">Com a disponibiliza\u00e7\u00e3o deste curso, as empresas de retalho e as institui\u00e7\u00f5es de EFP ter\u00e3o formadores capacitados e atualizados sobre m\u00e9todos e ferramentas digitais e presenciais, com o objetivo de formar colaboradores na \u00e1rea do retalho comercial, independentemente do conjunto de compet\u00eancias que possuem.<\/span><\/i><span data-ccp-props=\"{&quot;201341983&quot;:0,&quot;335551550&quot;:1,&quot;335551620&quot;:1,&quot;335559739&quot;:160,&quot;335559740&quot;:259}\">\u00a0<\/span><\/p>\n<\/div>\n<\/div>\n<p><!--more--><br \/>\n<!-- {\"name\":\"\",\"type\":\"layout\",\"children\":[{\"name\":\"resources\",\"type\":\"section\",\"props\":{\"style\":\"default\",\"width\":\"default\",\"image_size\":\"contain\",\"padding_remove_bottom\":false,\"animation\":\"slide-bottom\",\"animation_delay\":\"200\",\"image\":\"\",\"image_position\":\"top-left\",\"header_transparent\":\"dark\",\"image_effect\":\"parallax\",\"vertical_align\":\"middle\",\"title_position\":\"top-left\",\"title_rotation\":\"left\",\"title_breakpoint\":\"xl\",\"image_parallax_bgy_end\":\"500\",\"image_parallax_breakpoint\":\"m\",\"media_visibility\":\"m\"},\"children\":[{\"name\":\"\",\"type\":\"row\",\"props\":{\"margin\":\"xlarge\"},\"children\":[{\"name\":\"\",\"type\":\"column\",\"props\":{\"image_position\":\"center-center\",\"width_medium\":\"1-1\",\"media_overlay_gradient\":\"\",\"position_sticky_breakpoint\":\"m\"},\"children\":[{\"name\":\"\",\"type\":\"headline\",\"props\":{\"title_element\":\"h1\",\"content\":\"Recursos Educacionais\",\"title_style\":\"heading-small\",\"margin_remove_bottom\":true}},{\"name\":\"\",\"type\":\"divider\",\"props\":{\"divider_element\":\"hr\",\"divider_style\":\"small\"}}]}]},{\"name\":\"\",\"type\":\"row\",\"props\":{\"layout\":\"4-5,1-5\",\"margin\":\"medium\"},\"children\":[{\"name\":\"\",\"type\":\"column\",\"props\":{\"image_position\":\"center-center\",\"width_medium\":\"4-5\",\"media_overlay_gradient\":\"\",\"position_sticky_breakpoint\":\"m\"},\"children\":[{\"name\":\"\",\"type\":\"panel\",\"props\":{\"link_text\":\"Read more\",\"title_element\":\"h2\",\"meta_style\":\"meta\",\"meta_align\":\"below-title\",\"image_align\":\"left\",\"image_grid_width\":\"1-2\",\"link_style\":\"default\",\"margin\":\"default\",\"image\":\"wp-content\\\/uploads\\\/2022\\\/04\\\/nathan-dumlao-7IIyK3B4UiA.png\",\"panel_style\":\"card-default\",\"title\":\"GUIA\\\/MANUAL PARA GERENTES OU PROPRIET\\u00c1RIOS DE LOJAS\",\"title_style\":\"h1\",\"meta\":\"\",\"content\":\"\n\n<p>Um guia\\\/manual sobre os m\\u00e9todos tecnol\\u00f3gicos mais recentes, com informa\\u00e7\\u00e3o atualizada sobre as \\u00faltimas tend\\u00eancias acerca de vendas no local, com inclus\\u00e3o de ferramentas na \\u00e1rea do retalho, bem como a forma de selecionar os m\\u00e9todos, informa\\u00e7\\u00e3o e ferramentas mais adequadas \\u00e0s necessidades de cada neg\\u00f3cio.<\\\/p>\\n\n\n<p><i><span data-contrast=\\\"auto\\\">Prev\\u00ea-se que a implementa\\u00e7\\u00e3o do Guia\\\/manual contribua para um conhecimento mais alargado por parte de empres\\u00e1rios e executivos da \\u00e1rea do retalho, que ter\\u00e3o acesso a informa\\u00e7\\u00e3o fidedigna dispon\\u00edvel no mercado, dando-lhes ferramentas que lhes permita distinguir a informa\\u00e7\\u00e3o mais adequada \\u00e0s suas necessidades.<\\\/span><\\\/i><span data-ccp-props=\\\"{&quot;201341983&quot;:0,&quot;335551550&quot;:1,&quot;335551620&quot;:1,&quot;335559739&quot;:160,&quot;335559740&quot;:259}\\\">\\u00a0<\\\/span><\\\/p>\\n\n\n<h2><a href=\\\"https:\\\/\\\/retrail.eu\\\/wp-content\\\/uploads\\\/2023\\\/11\\\/RetRail-Guide-Portuguese.pdf\\\" target=\\\"_blank\\\" rel=\\\"noopener\\\">CARREGAR<\\\/a><\\\/h2>\",\"class\":\"\",\"meta_margin\":\"small\",\"id\":\"speakers-emily-jeffreys\",\"image_width\":\"609\",\"image_height\":\"679\",\"image_grid_column_gap\":\"collapse\",\"image_grid_row_gap\":\"collapse\",\"image_grid_breakpoint\":\"s\",\"icon_width\":80,\"title_hover_style\":\"reset\",\"title_align\":\"top\",\"title_grid_width\":\"1-2\",\"title_grid_breakpoint\":\"m\",\"content_column_breakpoint\":\"m\",\"image_svg_color\":\"emphasis\",\"panel_image_no_padding\":true,\"panel_padding\":\"large\",\"meta_element\":\"div\"}}]},{\"name\":\"\",\"type\":\"column\",\"props\":{\"image_position\":\"center-center\",\"width_medium\":\"1-5\",\"media_overlay_gradient\":\"\",\"position_sticky_breakpoint\":\"m\"}}]},{\"name\":\"\",\"type\":\"row\",\"props\":{\"layout\":\"1-5,4-5\",\"margin\":\"medium\"},\"children\":[{\"name\":\"\",\"type\":\"column\",\"props\":{\"image_position\":\"center-center\",\"width_medium\":\"1-5\",\"media_overlay_gradient\":\"\",\"position_sticky_breakpoint\":\"m\"}},{\"name\":\"\",\"type\":\"column\",\"props\":{\"image_position\":\"center-center\",\"width_medium\":\"4-5\",\"media_overlay_gradient\":\"\",\"position_sticky_breakpoint\":\"m\"},\"children\":[{\"name\":\"\",\"type\":\"panel\",\"props\":{\"link_text\":\"Read more\",\"title_element\":\"h2\",\"meta_style\":\"meta\",\"meta_align\":\"below-title\",\"image_align\":\"left\",\"image_grid_width\":\"1-2\",\"link_style\":\"default\",\"margin\":\"default\",\"image\":\"wp-content\\\/uploads\\\/2022\\\/04\\\/teen-girl-using-tablet-thinking-on-task-sitting-at.png\",\"panel_style\":\"card-default\",\"title\":\"CURSO DE E-LEARNING PARA FUNCION\\u00c1RIOS DO RETALHO\",\"title_style\":\"h1\",\"meta\":\"\",\"content\":\"\n\n<p>Um curso sobre uma implementa\\u00e7\\u00e3o de sucesso com recurso a m\\u00e9todos e ferramentas que visam aumentar as vendas digitais e presenciais, onde em cada m\\u00f3dulo os colaboradores ter\\u00e3o acesso a diferentes categorias de m\\u00e9todos e ferramentas.<\\\/p>\\n\n\n<p>O curso ir\\u00e1 disponibilizar conhecimento direcionado, atualizado e know-how dirigido aos funcion\\u00e1rios do retalho sobre a utiliza\\u00e7\\u00e3o de m\\u00e9todos e ferramentas digitais mais eficazes e \\u00fateis, e em simult\\u00e2neo contribuir\\u00e1 para a atualiza\\u00e7\\u00e3o das suas compet\\u00eancias em rela\\u00e7\\u00e3o \\u00e0 vendas no local.<\\\/p>\\n\n\n<h2><a href=\\\"https:\\\/\\\/retrail-training.eu\\\/course\\\/view.php?id=10\\\" target=\\\"_blank\\\" rel=\\\"noopener\\\">ENTRADA<\\\/a><\\\/h2>\",\"class\":\"\",\"meta_margin\":\"small\",\"id\":\"speakers-steven-lee\",\"image_vertical_align\":false,\"image_width\":\"609\",\"image_height\":\"679\",\"image_grid_column_gap\":\"collapse\",\"image_grid_row_gap\":\"collapse\",\"image_grid_breakpoint\":\"s\",\"icon_width\":80,\"title_hover_style\":\"reset\",\"title_align\":\"top\",\"title_grid_width\":\"1-2\",\"title_grid_breakpoint\":\"m\",\"content_column_breakpoint\":\"m\",\"image_svg_color\":\"emphasis\",\"panel_image_no_padding\":true,\"panel_padding\":\"large\",\"meta_element\":\"div\"}}]}]},{\"name\":\"\",\"type\":\"row\",\"props\":{\"layout\":\"4-5,1-5\",\"margin\":\"default\"},\"children\":[{\"name\":\"\",\"type\":\"column\",\"props\":{\"image_position\":\"center-center\",\"width_medium\":\"4-5\",\"media_overlay_gradient\":\"\",\"position_sticky_breakpoint\":\"m\"},\"children\":[{\"name\":\"\",\"type\":\"panel\",\"props\":{\"link_text\":\"Read more\",\"title_element\":\"h2\",\"meta_style\":\"meta\",\"meta_align\":\"below-title\",\"image_align\":\"left\",\"image_grid_width\":\"1-2\",\"link_style\":\"default\",\"margin\":\"large\",\"image\":\"wp-content\\\/uploads\\\/2022\\\/04\\\/man-paying-gifts-in-a-retail-shop-with-a-credit-ca.png\",\"panel_style\":\"card-default\",\"title\":\"FORMA\\u00c7\\u00c3O PARA FORMADORES DO EFP OU FORMADORES DE EMPRESAS\",\"title_style\":\"h1\",\"meta\":\"\",\"content\":\"\n\n<p>Forma\\u00e7\\u00e3o baseada em t\\u00e9cnicas de ensino bem-sucedidas com recurso a ferramentas digitais e aplicadas em contexto presencial na \\u00e1rea do retalho.<\\\/p>\\n\n\n<p><i><span data-contrast=\\\"auto\\\">Com a disponibiliza\\u00e7\\u00e3o deste curso, as empresas de retalho e as institui\\u00e7\\u00f5es de EFP ter\\u00e3o formadores capacitados e atualizados sobre m\\u00e9todos e ferramentas digitais e presenciais, com o objetivo de formar colaboradores na \\u00e1rea do retalho comercial, independentemente do conjunto de compet\\u00eancias que possuem.<\\\/span><\\\/i><span data-ccp-props=\\\"{&quot;201341983&quot;:0,&quot;335551550&quot;:1,&quot;335551620&quot;:1,&quot;335559739&quot;:160,&quot;335559740&quot;:259}\\\">\\u00a0<\\\/span><\\\/p>\",\"class\":\"\",\"meta_margin\":\"small\",\"id\":\"speakers-emily-jeffreys\",\"image_width\":\"609\",\"image_height\":\"679\",\"image_grid_column_gap\":\"collapse\",\"image_grid_row_gap\":\"collapse\",\"image_grid_breakpoint\":\"s\",\"icon_width\":80,\"title_hover_style\":\"reset\",\"title_align\":\"top\",\"title_grid_width\":\"1-2\",\"title_grid_breakpoint\":\"m\",\"content_column_breakpoint\":\"m\",\"image_svg_color\":\"emphasis\",\"panel_image_no_padding\":true,\"panel_padding\":\"large\",\"meta_element\":\"div\",\"title_margin\":\"remove\"}}]},{\"name\":\"\",\"type\":\"column\",\"props\":{\"image_position\":\"center-center\",\"width_medium\":\"1-5\",\"media_overlay_gradient\":\"\",\"position_sticky_breakpoint\":\"m\"}}]}]}],\"version\":\"2.7.21\"} --><\/p>\n","protected":false},"excerpt":{"rendered":"<p>Recursos Educacionais GUIA\/MANUAL PARA GERENTES OU PROPRIET\u00c1RIOS DE LOJAS Um guia\/manual sobre os m\u00e9todos tecnol\u00f3gicos mais recentes, com informa\u00e7\u00e3o atualizada sobre as \u00faltimas tend\u00eancias acerca de vendas no local, com inclus\u00e3o de ferramentas na \u00e1rea do retalho, bem como a forma de selecionar os m\u00e9todos, informa\u00e7\u00e3o e ferramentas mais adequadas \u00e0s necessidades de cada neg\u00f3cio. [&hellip;]<\/p>\n","protected":false},"author":1,"featured_media":0,"parent":0,"menu_order":5,"comment_status":"open","ping_status":"closed","template":"","meta":[],"acf":[],"_links":{"self":[{"href":"https:\/\/retrail.eu\/pt-pt\/wp-json\/wp\/v2\/pages\/2000"}],"collection":[{"href":"https:\/\/retrail.eu\/pt-pt\/wp-json\/wp\/v2\/pages"}],"about":[{"href":"https:\/\/retrail.eu\/pt-pt\/wp-json\/wp\/v2\/types\/page"}],"author":[{"embeddable":true,"href":"https:\/\/retrail.eu\/pt-pt\/wp-json\/wp\/v2\/users\/1"}],"replies":[{"embeddable":true,"href":"https:\/\/retrail.eu\/pt-pt\/wp-json\/wp\/v2\/comments?post=2000"}],"version-history":[{"count":11,"href":"https:\/\/retrail.eu\/pt-pt\/wp-json\/wp\/v2\/pages\/2000\/revisions"}],"predecessor-version":[{"id":2688,"href":"https:\/\/retrail.eu\/pt-pt\/wp-json\/wp\/v2\/pages\/2000\/revisions\/2688"}],"wp:attachment":[{"href":"https:\/\/retrail.eu\/pt-pt\/wp-json\/wp\/v2\/media?parent=2000"}],"curies":[{"name":"wp","href":"https:\/\/api.w.org\/{rel}","templated":true}]}}