{"id":2046,"date":"2019-05-10T09:37:28","date_gmt":"2019-05-10T09:37:28","guid":{"rendered":"https:\/\/retrail.eu\/partners\/"},"modified":"2022-04-21T12:18:12","modified_gmt":"2022-04-21T12:18:12","slug":"partners","status":"publish","type":"page","link":"https:\/\/retrail.eu\/es\/partners\/","title":{"rendered":"Socios"},"content":{"rendered":"<h1>Socios<\/h1>\n<hr>\n<ul>\n<li>\n<p>        <img src=\"\/wp-content\/uploads\/2022\/04\/Camara-Valencia-PNG.png\" alt=\"\"><\/p>\n<h3>COORDINADOR: CAMARA OFICIAL DE COMERCIO INDUSTRIA, SERVICIOS Y NAVEGACION DE VALENCIA. <\/h3>\n<div>\n<p>La C\u00e1mara de Valencia es una organizaci\u00f3n sin \u00e1nimo de lucro que promueve y defiende los intereses generales del mercado y la industria. Como entidad p\u00fablica, la C\u00e1mara actualmente representa a mas de 170.500 empresas en la provincia de Valencia. La misi\u00f3n de la Escuela de Negocios es proveer una formacion de calidad, adaptada a las necesidades del entorno empresarial, empleando recursos humanos y materiales innovadores, y en una colaboraci\u00f3n cercana con la comunidad empresarial.<\/p>\n<\/div>\n<\/li>\n<li>\n<p>        <img src=\"\/wp-content\/uploads\/2022\/04\/Coordina-colour-JPG.png\" alt=\"\"><\/p>\n<h3>COORDINA ORGANIZACI\u00d3N DE EMPRESAS Y RECURSOS HUMANOS, S.L. <\/h3>\n<div>\n<p>COORDINA es una firma consultora que opera en las siguientes \u00e1reas de negocio: Formaci\u00f3n, Innovaci\u00f3n, Estrategia y Sistemas de Direcci\u00f3n, Responsabilidad Empresarial Social y Recursos Humanos. La misi\u00f3n de COORDINA es facilitar y promover el proceso de cambio y la transformaci\u00f3n de las organizaciones hacia un modelo de direcci\u00f3n m\u00e1s innovador y sostenible.<\/p>\n<\/div>\n<\/li>\n<li>\n<p>        <img src=\"\/wp-content\/uploads\/2022\/04\/ADRNE-PNG.png\" alt=\"\"><\/p>\n<h3>AGENTIA PENTRU DEZVOLTARE REGIONALA NORD-EST <\/h3>\n<div>\n<p>NERDA es una organizaci\u00f3n no gubernamental, sin \u00e1nimo de lucro y de utilidad p\u00fablica con estatuto jur\u00eddico, que contribuye con la reducci\u00f3n de disparidades regionales mediante la estimulaci\u00f3n econ\u00f3mica, social y el desarrollo cultural de la Region Norte-Este en Rumania. Todos los pasos y acciones tomadas por la organizaci\u00f3n convergen hacia el incremento del nivel de prosperidad de la regi\u00f3n y el incremento de la calidad de vida de sus habitantes.<\/p>\n<\/div>\n<\/li>\n<li>\n<p>        <img src=\"\/wp-content\/uploads\/2022\/04\/IDEC-PNG.png\" alt=\"\"><\/p>\n<h3>IDEC<\/h3>\n<div>\n<p>IDEC es una empresa de consultor\u00eda de formaci\u00f3n localizada en El Pireo, Grecia. Sus actividades consisten en la formaci\u00f3n, consultor\u00eda de gesti\u00f3n, aseguramiento de la calidad, la evaluaci\u00f3n y desarrollo de soluciones TIC tanto para el sector privado como el p\u00fablico. IDEC ha estado activo durante los \u00faltimos 20 a\u00f1os en el campo de los proyectos de la UE. Tiene una gran experiencia en las politicas Europeas relacionadas con el aprendizaje permanente y en particular EQF, ECVET, Europass, EQAVET, la validaci\u00f3n del aprendizaje formal y no formal, el aprendizaje basado en el trabajo y en reformas nacionales de los sistemas de educaci\u00f3n y formaci\u00f3n.<\/p>\n<\/div>\n<\/li>\n<li>\n<p>        <img src=\"\/wp-content\/uploads\/2022\/04\/HESO-PNG.png\" alt=\"\"><\/p>\n<h3>HEARTHANDS SOLUTIONS LIMITED <\/h3>\n<div>\n<p>HEARTHANDS SOLUTIONS ofrece un amplio rango de servicios que cierran la brecha entre los ecosistemas de financiaci\u00f3n comercial y p\u00fablica de la UE. La prestacion de servicios abarca desde el desarrollo comercial y la adquisici\u00f3n de fondos p\u00fablicos hasta la implementacion personalizada, la capacitaci\u00f3n y la transferencia de tecnologia. HESO aprovecha sus experiencias de trabajo en entornos corporativos con alta demanda de formaci\u00f3n orientada, basada en objetivos y eficiente, y las conclusiones de su investigaci\u00f3n sobre Educaci\u00f3n y Formaci\u00f3n basada en las TIC. El resultado es el dise\u00f1o de herramientas de difusi\u00f3n y sensibilizaci\u00f3n de alto impacto y valor.<\/p>\n<\/div>\n<\/li>\n<li>\n<p>        <img src=\"\/wp-content\/uploads\/2022\/04\/CPU-PNG.png\" alt=\"\"><\/p>\n<h3>GOSPODARSKA ZBORNICA SLOVENIJE CENTER ZA POSLOVNO USPOSABLJANJE <\/h3>\n<div>\n<p>La C\u00e1mara de Comercio e Industria de Eslovenia- Institute for Business Education suministra a las empresas un conocimiento con una gran calidad, modernos y aplicables, enriquecidos con experiencias nacionales e internacionales y ejemplos de buenas practicas comerciales de acuerdo con el principio \u00abpractice to practice\u00bb. Es uno de los proveedores de educacion y formacion con una mayor tradici\u00f3n y experiencia en el desarrollo, la organziaci\u00f3n y la implementacion de seminarios profesionales y t\u00e9cnicos, cursos de formaci\u00f3n, talleres, cursos a corto y a largo plazo y otros eventos para las necesidades de los clientes.<\/p>\n<\/div>\n<\/li>\n<li>\n<p>        <img src=\"\/wp-content\/uploads\/2022\/04\/RCCI-PNG.png\" alt=\"\"><\/p>\n<h3>RUSENSKA TARGOVSKO INDUSTRIALNA KAMARA <\/h3>\n<div>\n<p>La C\u00e1mara de Comercio e Industria de Rusia (RCCI) es una ONG de utilidad p\u00fablica que ofrece una amplia gama de servicios de calidad a m\u00e1s de 1500 empresas miembros y no miembros para ayudar a desarrollar y expandir sus negocios, tanto en el pa\u00eds como a nivel internacional. Contribuye proactivamente al desarrollo econ\u00f3mico de la regi\u00f3n de Rusia, proporciona apoyo y representaci\u00f3n a las empresas y empresarios a nivel regional y nacional (tambi\u00e9n a trav\u00e9s de la red nacional de c\u00e1maras de comercio e industrias y la red europea BIC).<\/p>\n<\/div>\n<\/li>\n<li>\n<p>        <img src=\"\/wp-content\/uploads\/2022\/04\/CECOA-PNG.png\" alt=\"\"><\/p>\n<h3>CENTRO DE FORMACAO PROFISSIONAL PARA O COMERCIO E AFINS <\/h3>\n<div>\n<p>CECOA es un centro p\u00fablico de formaci\u00f3n profesional creado por un protocolo firmado en 1986 entre el IEFP &#8211; Instituto de Empleo y Formaci\u00f3n Profesional y el CCP &#8211; la Confederaci\u00f3n Portuguesa de Comercio y Servicios. El objetivo del CECOA es promover las actividades educativas y la formaci\u00f3n profesional, incluido el aprendizaje en los sectores del comercio y los servicios. CECOA es una entidad reconocida bajo el sistema nacional de evaluaci\u00f3n y acreditaci\u00f3n de Proveedores de EFP.<\/p>\n<\/div>\n<\/li>\n<\/ul>\n<p><!--more--><br \/>\n<!-- {\"name\":\"\",\"type\":\"layout\",\"children\":[{\"name\":\"Headline\",\"type\":\"section\",\"props\":{\"style\":\"default\",\"width\":\"default\",\"image_size\":\"cover\",\"padding\":\"large\",\"image_position\":\"center-center\",\"header_transparent\":\"dark\",\"vertical_align\":\"middle\",\"title_position\":\"top-left\",\"title_rotation\":\"left\",\"title_breakpoint\":\"xl\"},\"children\":[{\"name\":\"\",\"type\":\"row\",\"children\":[{\"name\":\"\",\"type\":\"column\",\"props\":{\"image_position\":\"center-center\",\"width_medium\":\"1-1\",\"position_sticky_breakpoint\":\"m\",\"media_overlay_gradient\":\"\"},\"children\":[{\"name\":\"\",\"type\":\"headline\",\"props\":{\"title_element\":\"h1\",\"content\":\"Socios\",\"title_style\":\"heading-small\"}},{\"type\":\"divider\",\"props\":{\"divider_element\":\"hr\",\"divider_style\":\"small\"}}]}]}]},{\"name\":\"Gold sponsors\",\"type\":\"section\",\"props\":{\"style\":\"default\",\"width\":\"default\",\"image_size\":\"cover\",\"padding_remove_top\":true,\"padding\":\"large\",\"animation\":\"slide-bottom-medium\",\"animation_delay\":\"200\",\"image_position\":\"center-center\",\"vertical_align\":\"middle\",\"title_position\":\"top-left\",\"title_rotation\":\"left\",\"title_breakpoint\":\"xl\"},\"children\":[{\"type\":\"row\",\"children\":[{\"type\":\"column\",\"props\":{\"position_sticky_breakpoint\":\"m\",\"image_position\":\"center-center\",\"media_overlay_gradient\":\"\"},\"children\":[{\"type\":\"grid\",\"props\":{\"show_title\":true,\"show_meta\":true,\"show_content\":true,\"show_image\":true,\"show_link\":true,\"grid_default\":\"1\",\"grid_medium\":\"2\",\"filter_style\":\"tab\",\"filter_all\":true,\"filter_position\":\"top\",\"filter_align\":\"left\",\"filter_grid_width\":\"auto\",\"filter_grid_breakpoint\":\"m\",\"title_hover_style\":\"reset\",\"title_element\":\"h3\",\"title_align\":\"top\",\"title_grid_width\":\"1-2\",\"title_grid_breakpoint\":\"m\",\"meta_style\":\"meta\",\"meta_align\":\"below-title\",\"meta_element\":\"div\",\"content_column_breakpoint\":\"m\",\"icon_width\":\"\",\"image_align\":\"top\",\"image_grid_width\":\"1-2\",\"image_grid_breakpoint\":\"m\",\"image_svg_color\":\"emphasis\",\"link_text\":\"Read more\",\"link_style\":\"default\",\"margin\":\"default\",\"item_animation\":true,\"grid_masonry\":false,\"grid_column_gap\":\"large\",\"grid_row_gap\":\"large\",\"grid_divider\":true,\"grid_column_align\":true,\"grid_row_align\":true,\"lightbox\":false,\"lightbox_image_width\":\"\",\"lightbox_image_height\":\"\",\"content_display\":\"lightbox\",\"panel_style\":\"tile-muted\",\"panel_padding\":\"large\",\"title_decoration\":\"divider\",\"filter\":false,\"lightbox_image_orientation\":false,\"panel_image_no_padding\":false,\"css\":\".el-image{\\n\\twidth: 50%;\\n}\"},\"children\":[{\"type\":\"grid_item\",\"props\":{\"image\":\"wp-content\\\/uploads\\\/2022\\\/04\\\/Camara-Valencia-PNG.png\",\"title\":\"COORDINADOR: CAMARA OFICIAL DE COMERCIO INDUSTRIA, SERVICIOS Y NAVEGACION DE VALENCIA. \",\"content\":\"\n\n<p>La C\\u00e1mara de Valencia es una organizaci\\u00f3n sin \\u00e1nimo de lucro que promueve y defiende los intereses generales del mercado y la industria. Como entidad p\\u00fablica, la C\\u00e1mara actualmente representa a mas de 170.500 empresas en la provincia de Valencia. La misi\\u00f3n de la Escuela de Negocios es proveer una formacion de calidad, adaptada a las necesidades del entorno empresarial, empleando recursos humanos y materiales innovadores, y en una colaboraci\\u00f3n cercana con la comunidad empresarial.<\\\/p>\"}},{\"type\":\"grid_item\",\"props\":{\"image\":\"wp-content\\\/uploads\\\/2022\\\/04\\\/Coordina-colour-JPG.png\",\"title\":\"COORDINA ORGANIZACI\\u00d3N DE EMPRESAS Y RECURSOS HUMANOS, S.L. \",\"content\":\"\n\n<p>COORDINA es una firma consultora que opera en las siguientes \\u00e1reas de negocio: Formaci\\u00f3n, Innovaci\\u00f3n, Estrategia y Sistemas de Direcci\\u00f3n, Responsabilidad Empresarial Social y Recursos Humanos. La misi\\u00f3n de COORDINA es facilitar y promover el proceso de cambio y la transformaci\\u00f3n de las organizaciones hacia un modelo de direcci\\u00f3n m\\u00e1s innovador y sostenible.<\\\/p>\"}},{\"type\":\"grid_item\",\"props\":{\"image\":\"wp-content\\\/uploads\\\/2022\\\/04\\\/ADRNE-PNG.png\",\"title\":\"AGENTIA PENTRU DEZVOLTARE REGIONALA NORD-EST \",\"content\":\"\n\n<p>NERDA es una organizaci\\u00f3n no gubernamental, sin \\u00e1nimo de lucro y de utilidad p\\u00fablica con estatuto jur\\u00eddico, que contribuye con la reducci\\u00f3n de disparidades regionales mediante la estimulaci\\u00f3n econ\\u00f3mica, social y el desarrollo cultural de la Region Norte-Este en Rumania. Todos los pasos y acciones tomadas por la organizaci\\u00f3n convergen hacia el incremento del nivel de prosperidad de la regi\\u00f3n y el incremento de la calidad de vida de sus habitantes.<\\\/p>\"}},{\"type\":\"grid_item\",\"props\":{\"image\":\"wp-content\\\/uploads\\\/2022\\\/04\\\/IDEC-PNG.png\",\"title\":\"IDEC\",\"content\":\"\n\n<p>IDEC es una empresa de consultor\\u00eda de formaci\\u00f3n localizada en El Pireo, Grecia. Sus actividades consisten en la formaci\\u00f3n, consultor\\u00eda de gesti\\u00f3n, aseguramiento de la calidad, la evaluaci\\u00f3n y desarrollo de soluciones TIC tanto para el sector privado como el p\\u00fablico. IDEC ha estado activo durante los \\u00faltimos 20 a\\u00f1os en el campo de los proyectos de la UE. Tiene una gran experiencia en las politicas Europeas relacionadas con el aprendizaje permanente y en particular EQF, ECVET, Europass, EQAVET, la validaci\\u00f3n del aprendizaje formal y no formal, el aprendizaje basado en el trabajo y en reformas nacionales de los sistemas de educaci\\u00f3n y formaci\\u00f3n.<\\\/p>\"}},{\"type\":\"grid_item\",\"props\":{\"image\":\"wp-content\\\/uploads\\\/2022\\\/04\\\/HESO-PNG.png\",\"title\":\"HEARTHANDS SOLUTIONS LIMITED \",\"content\":\"\n\n<p>HEARTHANDS SOLUTIONS ofrece un amplio rango de servicios que cierran la brecha entre los ecosistemas de financiaci\\u00f3n comercial y p\\u00fablica de la UE. La prestacion de servicios abarca desde el desarrollo comercial y la adquisici\\u00f3n de fondos p\\u00fablicos hasta la implementacion personalizada, la capacitaci\\u00f3n y la transferencia de tecnologia. HESO aprovecha sus experiencias de trabajo en entornos corporativos con alta demanda de formaci\\u00f3n orientada, basada en objetivos y eficiente, y las conclusiones de su investigaci\\u00f3n sobre Educaci\\u00f3n y Formaci\\u00f3n basada en las TIC. El resultado es el dise\\u00f1o de herramientas de difusi\\u00f3n y sensibilizaci\\u00f3n de alto impacto y valor.<\\\/p>\"}},{\"type\":\"grid_item\",\"props\":{\"image\":\"wp-content\\\/uploads\\\/2022\\\/04\\\/CPU-PNG.png\",\"title\":\"GOSPODARSKA ZBORNICA SLOVENIJE CENTER ZA POSLOVNO USPOSABLJANJE \",\"content\":\"\n\n<p>La C\\u00e1mara de Comercio e Industria de Eslovenia- Institute for Business Education suministra a las empresas un conocimiento con una gran calidad, modernos y aplicables, enriquecidos con experiencias nacionales e internacionales y ejemplos de buenas practicas comerciales de acuerdo con el principio \\\"practice to practice\\\". Es uno de los proveedores de educacion y formacion con una mayor tradici\\u00f3n y experiencia en el desarrollo, la organziaci\\u00f3n y la implementacion de seminarios profesionales y t\\u00e9cnicos, cursos de formaci\\u00f3n, talleres, cursos a corto y a largo plazo y otros eventos para las necesidades de los clientes.<\\\/p>\"}},{\"type\":\"grid_item\",\"props\":{\"image\":\"wp-content\\\/uploads\\\/2022\\\/04\\\/RCCI-PNG.png\",\"title\":\"RUSENSKA TARGOVSKO INDUSTRIALNA KAMARA \",\"content\":\"\n\n<p>La C\\u00e1mara de Comercio e Industria de Rusia (RCCI) es una ONG de utilidad p\\u00fablica que ofrece una amplia gama de servicios de calidad a m\\u00e1s de 1500 empresas miembros y no miembros para ayudar a desarrollar y expandir sus negocios, tanto en el pa\\u00eds como a nivel internacional. Contribuye proactivamente al desarrollo econ\\u00f3mico de la regi\\u00f3n de Rusia, proporciona apoyo y representaci\\u00f3n a las empresas y empresarios a nivel regional y nacional (tambi\\u00e9n a trav\\u00e9s de la red nacional de c\\u00e1maras de comercio e industrias y la red europea BIC).<\\\/p>\"}},{\"type\":\"grid_item\",\"props\":{\"image\":\"wp-content\\\/uploads\\\/2022\\\/04\\\/CECOA-PNG.png\",\"title\":\"CENTRO DE FORMACAO PROFISSIONAL PARA O COMERCIO E AFINS \",\"content\":\"\n\n<p>CECOA es un centro p\\u00fablico de formaci\\u00f3n profesional creado por un protocolo firmado en 1986 entre el IEFP - Instituto de Empleo y Formaci\\u00f3n Profesional y el CCP - la Confederaci\\u00f3n Portuguesa de Comercio y Servicios. El objetivo del CECOA es promover las actividades educativas y la formaci\\u00f3n profesional, incluido el aprendizaje en los sectores del comercio y los servicios. CECOA es una entidad reconocida bajo el sistema nacional de evaluaci\\u00f3n y acreditaci\\u00f3n de Proveedores de EFP.<\\\/p>\"}}]}]}],\"props\":{\"margin_remove_top\":false}}]}],\"version\":\"2.7.21\"} --><\/p>\n","protected":false},"excerpt":{"rendered":"<p>Socios COORDINADOR: CAMARA OFICIAL DE COMERCIO INDUSTRIA, SERVICIOS Y NAVEGACION DE VALENCIA. La C\u00e1mara de Valencia es una organizaci\u00f3n sin \u00e1nimo de lucro que promueve y defiende los intereses generales del mercado y la industria. Como entidad p\u00fablica, la C\u00e1mara actualmente representa a mas de 170.500 empresas en la provincia de Valencia. La misi\u00f3n de [&hellip;]<\/p>\n","protected":false},"author":1,"featured_media":0,"parent":0,"menu_order":2,"comment_status":"open","ping_status":"closed","template":"","meta":[],"acf":[],"_links":{"self":[{"href":"https:\/\/retrail.eu\/es\/wp-json\/wp\/v2\/pages\/2046"}],"collection":[{"href":"https:\/\/retrail.eu\/es\/wp-json\/wp\/v2\/pages"}],"about":[{"href":"https:\/\/retrail.eu\/es\/wp-json\/wp\/v2\/types\/page"}],"author":[{"embeddable":true,"href":"https:\/\/retrail.eu\/es\/wp-json\/wp\/v2\/users\/1"}],"replies":[{"embeddable":true,"href":"https:\/\/retrail.eu\/es\/wp-json\/wp\/v2\/comments?post=2046"}],"version-history":[{"count":8,"href":"https:\/\/retrail.eu\/es\/wp-json\/wp\/v2\/pages\/2046\/revisions"}],"predecessor-version":[{"id":2054,"href":"https:\/\/retrail.eu\/es\/wp-json\/wp\/v2\/pages\/2046\/revisions\/2054"}],"wp:attachment":[{"href":"https:\/\/retrail.eu\/es\/wp-json\/wp\/v2\/media?parent=2046"}],"curies":[{"name":"wp","href":"https:\/\/api.w.org\/{rel}","templated":true}]}}