{"id":2003,"date":"2019-05-10T09:37:28","date_gmt":"2019-05-10T09:37:28","guid":{"rendered":"https:\/\/retrail.eu\/resources\/"},"modified":"2023-10-10T09:47:35","modified_gmt":"2023-10-10T09:47:35","slug":"resources","status":"publish","type":"page","link":"https:\/\/retrail.eu\/es\/resources\/","title":{"rendered":"Recursos educativos"},"content":{"rendered":"<h1>Recursos educativos<\/h1>\n<hr>\n<div>\n<p>        <img src=\"\/wp-content\/uploads\/2022\/04\/nathan-dumlao-7IIyK3B4UiA.png\" alt=\"\"><\/p>\n<h2>GU\u00edA (PARA PROPIETARIOS Y GESTORES)<\/h2>\n<div>\n<p>Una gu\u00eda que informa sobre los \u00faltimos m\u00e9todos tecnol\u00f3gicos, conocimientos actualizados sobre las \u00faltimas tendencias en materia de venta in situ, herramientas en el \u00e1mbito del comercio minorista, y sobre la forma de seleccionar las m\u00e1s adecuadas en funci\u00f3n de las necesidades del negocio.<\/p>\n<p><i><span data-contrast=\"auto\">Se espera que esta gu\u00eda sirva de orientaci\u00f3n a propietarios y gestores de negocios minoristas, para que est\u00e9n bien informados acerca de las mejores opciones disponibles en el mercado, y para que sepan distinguir las que mejor se adaptan a sus necesidades.<\/span><\/i><\/p>\n<h2><a href=\"https:\/\/retrail.eu\/wp-content\/uploads\/2023\/10\/RetRail-PR1-Guide_Final_ES_oct23.pdf\" target=\"_blank\" rel=\"noopener\">DESCARGAR<\/a><\/h2>\n<\/div>\n<\/div>\n<div>\n<p>        <img src=\"\/wp-content\/uploads\/2022\/04\/teen-girl-using-tablet-thinking-on-task-sitting-at.png\" alt=\"\"><\/p>\n<h2>CURSOS DE E-LEARNING (PARA EMPLEADOS)<\/h2>\n<div>\n<p>Un curso sobre la correcta implementaci\u00f3n de los m\u00e9todos y herramientas con el proposito de incrementar tanto las ventas digitales como las presenciales, donde en cada m\u00f3dulo los empleados tendr\u00e1n en sus manos diferentes tipos de m\u00e9todos y herramientas.<\/p>\n<p>Gracias a este curso las empresas minoristas y los centros de FP dispondr\u00e1n de formadores bien informados y actualizados sobre m\u00e9todos y herramientas tanto digitales como presenciales, y capaces de formar a los empleados del comercio minorista, independientemente de sus competencias.<\/p>\n<h2><a href=\"https:\/\/retrail-training.eu\/course\/view.php?id=14\" target=\"_blank\" rel=\"noopener\">ENTRADA<\/a><\/h2>\n<\/div>\n<\/div>\n<div>\n<p>        <img src=\"\/wp-content\/uploads\/2022\/04\/man-paying-gifts-in-a-retail-shop-with-a-credit-ca.png\" alt=\"\"><\/p>\n<h2>FORMACI\u00d3N (PARA FORMADORES DE FP Y EMPRESAS)<\/h2>\n<div>\n<p>Una formaci\u00f3n que girar\u00e1 en torno a una ense\u00f1anza exitosa de las herramientas y m\u00e9todos tanto f\u00edsicos como digitales en el comercio minorista.<\/p>\n<p><i><span data-contrast=\"auto\">Gracias a este curso las empresas minoristas y los centros de FP dispondr\u00e1n de formadores bien informados y actualizados sobre m\u00e9todos y herramientas tanto digitales como presenciales, y capaces de formar a los empleados del comercio minorista, independientemente de sus competencias.<\/span><\/i><\/p>\n<\/div>\n<\/div>\n<p><!--more--><br \/>\n<!-- {\"name\":\"\",\"type\":\"layout\",\"children\":[{\"name\":\"resources\",\"type\":\"section\",\"props\":{\"style\":\"default\",\"width\":\"default\",\"image_size\":\"contain\",\"padding_remove_bottom\":false,\"animation\":\"slide-bottom\",\"animation_delay\":\"200\",\"image\":\"\",\"image_position\":\"top-left\",\"header_transparent\":\"dark\",\"image_effect\":\"parallax\",\"vertical_align\":\"middle\",\"title_position\":\"top-left\",\"title_rotation\":\"left\",\"title_breakpoint\":\"xl\",\"image_parallax_bgy_end\":\"500\",\"image_parallax_breakpoint\":\"m\",\"media_visibility\":\"m\"},\"children\":[{\"name\":\"\",\"type\":\"row\",\"props\":{\"margin\":\"xlarge\"},\"children\":[{\"name\":\"\",\"type\":\"column\",\"props\":{\"image_position\":\"center-center\",\"width_medium\":\"1-1\",\"media_overlay_gradient\":\"\",\"position_sticky_breakpoint\":\"m\"},\"children\":[{\"name\":\"\",\"type\":\"headline\",\"props\":{\"title_element\":\"h1\",\"content\":\"Recursos educativos\",\"title_style\":\"heading-small\",\"margin_remove_bottom\":true}},{\"name\":\"\",\"type\":\"divider\",\"props\":{\"divider_element\":\"hr\",\"divider_style\":\"small\"}}]}]},{\"name\":\"\",\"type\":\"row\",\"props\":{\"layout\":\"4-5,1-5\",\"margin\":\"medium\"},\"children\":[{\"name\":\"\",\"type\":\"column\",\"props\":{\"image_position\":\"center-center\",\"width_medium\":\"4-5\",\"media_overlay_gradient\":\"\",\"position_sticky_breakpoint\":\"m\"},\"children\":[{\"name\":\"\",\"type\":\"panel\",\"props\":{\"link_text\":\"Read more\",\"title_element\":\"h2\",\"meta_style\":\"meta\",\"meta_align\":\"below-title\",\"image_align\":\"left\",\"image_grid_width\":\"1-2\",\"link_style\":\"default\",\"margin\":\"default\",\"image\":\"wp-content\\\/uploads\\\/2022\\\/04\\\/nathan-dumlao-7IIyK3B4UiA.png\",\"panel_style\":\"card-default\",\"title\":\"GU\\u00edA (PARA PROPIETARIOS Y GESTORES)\",\"title_style\":\"h1\",\"meta\":\"\",\"content\":\"\n\n<p>Una gu\\u00eda que informa sobre los \\u00faltimos m\\u00e9todos tecnol\\u00f3gicos, conocimientos actualizados sobre las \\u00faltimas tendencias en materia de venta in situ, herramientas en el \\u00e1mbito del comercio minorista, y sobre la forma de seleccionar las m\\u00e1s adecuadas en funci\\u00f3n de las necesidades del negocio.<\\\/p>\\n\n\n<p><i><span data-contrast=\\\"auto\\\">Se espera que esta gu\\u00eda sirva de orientaci\\u00f3n a propietarios y gestores de negocios minoristas, para que est\\u00e9n bien informados acerca de las mejores opciones disponibles en el mercado, y para que sepan distinguir las que mejor se adaptan a sus necesidades.<\\\/span><\\\/i><\\\/p>\\n\n\n<h2><a href=\\\"https:\\\/\\\/retrail.eu\\\/wp-content\\\/uploads\\\/2023\\\/10\\\/RetRail-PR1-Guide_Final_ES_oct23.pdf\\\" target=\\\"_blank\\\" rel=\\\"noopener\\\">DESCARGAR<\\\/a><\\\/h2>\",\"class\":\"\",\"meta_margin\":\"small\",\"id\":\"speakers-emily-jeffreys\",\"image_width\":\"609\",\"image_height\":\"679\",\"image_grid_column_gap\":\"collapse\",\"image_grid_row_gap\":\"collapse\",\"image_grid_breakpoint\":\"s\",\"icon_width\":80,\"title_hover_style\":\"reset\",\"title_align\":\"top\",\"title_grid_width\":\"1-2\",\"title_grid_breakpoint\":\"m\",\"content_column_breakpoint\":\"m\",\"image_svg_color\":\"emphasis\",\"panel_image_no_padding\":true,\"panel_padding\":\"large\",\"meta_element\":\"div\"}}]},{\"name\":\"\",\"type\":\"column\",\"props\":{\"image_position\":\"center-center\",\"width_medium\":\"1-5\",\"media_overlay_gradient\":\"\",\"position_sticky_breakpoint\":\"m\"}}]},{\"name\":\"\",\"type\":\"row\",\"props\":{\"layout\":\"1-5,4-5\",\"margin\":\"medium\"},\"children\":[{\"name\":\"\",\"type\":\"column\",\"props\":{\"image_position\":\"center-center\",\"width_medium\":\"1-5\",\"media_overlay_gradient\":\"\",\"position_sticky_breakpoint\":\"m\"}},{\"name\":\"\",\"type\":\"column\",\"props\":{\"image_position\":\"center-center\",\"width_medium\":\"4-5\",\"media_overlay_gradient\":\"\",\"position_sticky_breakpoint\":\"m\"},\"children\":[{\"name\":\"\",\"type\":\"panel\",\"props\":{\"link_text\":\"Read more\",\"title_element\":\"h2\",\"meta_style\":\"meta\",\"meta_align\":\"below-title\",\"image_align\":\"left\",\"image_grid_width\":\"1-2\",\"link_style\":\"default\",\"margin\":\"default\",\"image\":\"wp-content\\\/uploads\\\/2022\\\/04\\\/teen-girl-using-tablet-thinking-on-task-sitting-at.png\",\"panel_style\":\"card-default\",\"title\":\"CURSOS DE E-LEARNING (PARA EMPLEADOS)\",\"title_style\":\"h1\",\"meta\":\"\",\"content\":\"\n\n<p>Un curso sobre la correcta implementaci\\u00f3n de los m\\u00e9todos y herramientas con el proposito de incrementar tanto las ventas digitales como las presenciales, donde en cada m\\u00f3dulo los empleados tendr\\u00e1n en sus manos diferentes tipos de m\\u00e9todos y herramientas.<\\\/p>\\n\n\n<p>Gracias a este curso las empresas minoristas y los centros de FP dispondr\\u00e1n de formadores bien informados y actualizados sobre m\\u00e9todos y herramientas tanto digitales como presenciales, y capaces de formar a los empleados del comercio minorista, independientemente de sus competencias.<\\\/p>\\n\n\n<h2><a href=\\\"https:\\\/\\\/retrail-training.eu\\\/course\\\/view.php?id=14\\\" target=\\\"_blank\\\" rel=\\\"noopener\\\">ENTRADA<\\\/a><\\\/h2>\",\"class\":\"\",\"meta_margin\":\"small\",\"id\":\"speakers-steven-lee\",\"image_vertical_align\":false,\"image_width\":\"609\",\"image_height\":\"679\",\"image_grid_column_gap\":\"collapse\",\"image_grid_row_gap\":\"collapse\",\"image_grid_breakpoint\":\"s\",\"icon_width\":80,\"title_hover_style\":\"reset\",\"title_align\":\"top\",\"title_grid_width\":\"1-2\",\"title_grid_breakpoint\":\"m\",\"content_column_breakpoint\":\"m\",\"image_svg_color\":\"emphasis\",\"panel_image_no_padding\":true,\"panel_padding\":\"large\",\"meta_element\":\"div\"}}]}]},{\"name\":\"\",\"type\":\"row\",\"props\":{\"layout\":\"4-5,1-5\",\"margin\":\"default\"},\"children\":[{\"name\":\"\",\"type\":\"column\",\"props\":{\"image_position\":\"center-center\",\"width_medium\":\"4-5\",\"media_overlay_gradient\":\"\",\"position_sticky_breakpoint\":\"m\"},\"children\":[{\"name\":\"\",\"type\":\"panel\",\"props\":{\"link_text\":\"Read more\",\"title_element\":\"h2\",\"meta_style\":\"meta\",\"meta_align\":\"below-title\",\"image_align\":\"left\",\"image_grid_width\":\"1-2\",\"link_style\":\"default\",\"margin\":\"large\",\"image\":\"wp-content\\\/uploads\\\/2022\\\/04\\\/man-paying-gifts-in-a-retail-shop-with-a-credit-ca.png\",\"panel_style\":\"card-default\",\"title\":\"FORMACI\\u00d3N (PARA FORMADORES DE FP Y EMPRESAS)\",\"title_style\":\"h1\",\"meta\":\"\",\"content\":\"\n\n<p>Una formaci\\u00f3n que girar\\u00e1 en torno a una ense\\u00f1anza exitosa de las herramientas y m\\u00e9todos tanto f\\u00edsicos como digitales en el comercio minorista.<\\\/p>\\n\n\n<p><i><span data-contrast=\\\"auto\\\">Gracias a este curso las empresas minoristas y los centros de FP dispondr\\u00e1n de formadores bien informados y actualizados sobre m\\u00e9todos y herramientas tanto digitales como presenciales, y capaces de formar a los empleados del comercio minorista, independientemente de sus competencias.<\\\/span><\\\/i><\\\/p>\",\"class\":\"\",\"meta_margin\":\"small\",\"id\":\"speakers-emily-jeffreys\",\"image_width\":\"609\",\"image_height\":\"679\",\"image_grid_column_gap\":\"collapse\",\"image_grid_row_gap\":\"collapse\",\"image_grid_breakpoint\":\"s\",\"icon_width\":80,\"title_hover_style\":\"reset\",\"title_align\":\"top\",\"title_grid_width\":\"1-2\",\"title_grid_breakpoint\":\"m\",\"content_column_breakpoint\":\"m\",\"image_svg_color\":\"emphasis\",\"panel_image_no_padding\":true,\"panel_padding\":\"large\",\"meta_element\":\"div\",\"title_margin\":\"remove\"}}]},{\"name\":\"\",\"type\":\"column\",\"props\":{\"image_position\":\"center-center\",\"width_medium\":\"1-5\",\"media_overlay_gradient\":\"\",\"position_sticky_breakpoint\":\"m\"}}]}]}],\"version\":\"2.7.21\"} --><\/p>\n","protected":false},"excerpt":{"rendered":"<p>Recursos educativos GU\u00edA (PARA PROPIETARIOS Y GESTORES) Una gu\u00eda que informa sobre los \u00faltimos m\u00e9todos tecnol\u00f3gicos, conocimientos actualizados sobre las \u00faltimas tendencias en materia de venta in situ, herramientas en el \u00e1mbito del comercio minorista, y sobre la forma de seleccionar las m\u00e1s adecuadas en funci\u00f3n de las necesidades del negocio. Se espera que esta [&hellip;]<\/p>\n","protected":false},"author":1,"featured_media":0,"parent":0,"menu_order":5,"comment_status":"open","ping_status":"closed","template":"","meta":[],"acf":[],"_links":{"self":[{"href":"https:\/\/retrail.eu\/es\/wp-json\/wp\/v2\/pages\/2003"}],"collection":[{"href":"https:\/\/retrail.eu\/es\/wp-json\/wp\/v2\/pages"}],"about":[{"href":"https:\/\/retrail.eu\/es\/wp-json\/wp\/v2\/types\/page"}],"author":[{"embeddable":true,"href":"https:\/\/retrail.eu\/es\/wp-json\/wp\/v2\/users\/1"}],"replies":[{"embeddable":true,"href":"https:\/\/retrail.eu\/es\/wp-json\/wp\/v2\/comments?post=2003"}],"version-history":[{"count":8,"href":"https:\/\/retrail.eu\/es\/wp-json\/wp\/v2\/pages\/2003\/revisions"}],"predecessor-version":[{"id":2630,"href":"https:\/\/retrail.eu\/es\/wp-json\/wp\/v2\/pages\/2003\/revisions\/2630"}],"wp:attachment":[{"href":"https:\/\/retrail.eu\/es\/wp-json\/wp\/v2\/media?parent=2003"}],"curies":[{"name":"wp","href":"https:\/\/api.w.org\/{rel}","templated":true}]}}